{"id":3947,"date":"2026-03-19T12:31:17","date_gmt":"2026-03-19T08:31:17","guid":{"rendered":"https:\/\/goldentrail.az\/?post_type=product&#038;p=3947"},"modified":"2026-03-19T12:31:18","modified_gmt":"2026-03-19T08:31:18","slug":"chistodez-antiseptic-200-ml","status":"publish","type":"product","link":"https:\/\/goldentrail.az\/az\/product\/chistodez-antiseptic-200-ml\/","title":{"rendered":"Chistodez Antiseptic, 200 ml"},"content":{"rendered":"<p data-path-to-node=\"2\"><b data-path-to-node=\"2\" data-index-in-node=\"0\">\u00abChistodez\u00bb universal spirt \u0259sasl\u0131 antiseptik<\/b><\/p>\n<p data-path-to-node=\"3\">Bu pe\u015f\u0259kar s\u0259viyy\u0259li, spirt \u0259sasl\u0131 antiseptik h\u0259m d\u0259rinin t\u0259mizl\u0259nm\u0259si, h\u0259m d\u0259 i\u015f\u00e7i s\u0259thl\u0259rin s\u00fcr\u0259tli dezinfeksiyas\u0131 \u00fc\u00e7\u00fcn n\u0259z\u0259rd\u0259 tutulmu\u015fdur. Y\u00fcks\u0259k antimikrob aktivliy\u0259 malikdir, eyni zamanda hipoalergendir v\u0259 d\u0259riy\u0259 qar\u015f\u0131 h\u0259ssasd\u0131r.<\/p>\n<p data-path-to-node=\"4\"><b data-path-to-node=\"4\" data-index-in-node=\"0\">T\u00f6vsiy\u0259 olunan istifad\u0259:<\/b><\/p>\n<ul data-path-to-node=\"5\">\n<li>\n<p data-path-to-node=\"5,0,0\"><b data-path-to-node=\"5,0,0\" data-index-in-node=\"0\">\u018fll\u0259rin gigiyenik t\u0259mizl\u0259nm\u0259si:<\/b> G\u00fcnd\u0259lik v\u0259 pe\u015f\u0259kar \u0259ll\u0259rin effektiv t\u0259mizl\u0259nm\u0259si (ovulmas\u0131) \u00fc\u00e7\u00fcn.<\/p>\n<\/li>\n<li>\n<p data-path-to-node=\"5,1,0\"><b data-path-to-node=\"5,1,0\" data-index-in-node=\"0\">D\u0259rinin haz\u0131rlanmas\u0131:<\/b> \u0130nyeksiya nahiy\u0259l\u0259rinin v\u0259 donorun dirs\u0259k b\u00fck\u00fc\u015fl\u0259rinin i\u015fl\u0259nm\u0259si<\/p>\n<\/li>\n<li>\n<p data-path-to-node=\"5,2,0\"><b data-path-to-node=\"5,2,0\" data-index-in-node=\"0\">S\u0259thl\u0259rin dezinfeksiyas\u0131:<\/b> Ki\u00e7ik v\u0259 ya \u00e7\u0259tin \u0259l\u00e7atan s\u0259thl\u0259rin s\u00fcr\u0259tli t\u0259mizl\u0259nm\u0259si<\/p>\n<\/li>\n<li>\n<p data-path-to-node=\"5,3,0\"><b data-path-to-node=\"5,3,0\" data-index-in-node=\"0\">Ayaqlar\u0131n v\u0259 ayaqqab\u0131lar\u0131n gigiyenas\u0131:<\/b> Ayaqlar\u0131n v\u0259 ayaqqab\u0131lar\u0131n daxili s\u0259thl\u0259rinin t\u0259mizl\u0259nm\u0259si.<\/p>\n<\/li>\n<li>\n<p data-path-to-node=\"5,4,0\"><b data-path-to-node=\"5,4,0\" data-index-in-node=\"0\">\u0130lkin dezinfeksiya (t\u0259mizl\u0259m\u0259):<\/b> S\u0259thd\u0259ki \u00e7irkl\u0259rin s\u00fcr\u0259tli t\u0259mizl\u0259nm\u0259si.<\/p>\n<\/li>\n<\/ul>\n<p data-path-to-node=\"6\"><b data-path-to-node=\"6\" data-index-in-node=\"0\">\u018fsas \u00fcst\u00fcnl\u00fckl\u0259ri:<\/b><\/p>\n<ul data-path-to-node=\"7\">\n<li>\n<p data-path-to-node=\"7,0,0\"><b data-path-to-node=\"7,0,0\" data-index-in-node=\"0\">3 saatl\u0131q qorunma:<\/b> \u018fn az\u0131 3 saat \u0259rzind\u0259 davaml\u0131 antimikrob t\u0259sirini t\u0259min edir.<\/p>\n<\/li>\n<li>\n<p data-path-to-node=\"7,1,0\"><b data-path-to-node=\"7,1,0\" data-index-in-node=\"0\">Z\u0259rif t\u0259rkib:<\/b> D\u0259rinin qurumas\u0131n\u0131n v\u0259 q\u0131c\u0131qlanmas\u0131n\u0131n qar\u015f\u0131s\u0131n\u0131 almaq \u00fc\u00e7\u00fcn n\u0259ml\u0259ndirici v\u0259 yum\u015fald\u0131c\u0131 (kondisioner) \u0259lav\u0259l\u0259rl\u0259 z\u0259nginl\u0259\u015fdirilmi\u015fdir.<\/p>\n<\/li>\n<li>\n<p data-path-to-node=\"7,2,0\"><b data-path-to-node=\"7,2,0\" data-index-in-node=\"0\">Rahat formatlar:<\/b> 200 ml sprey, 1 l sprey v\u0259 ya 1 l dozatorlu (pompal\u0131) flakon \u015f\u0259klind\u0259 m\u00f6vcuddur. [1, 2]<\/p>\n<\/li>\n<\/ul>\n<p data-path-to-node=\"8\"><b data-path-to-node=\"8\" data-index-in-node=\"0\">T\u0259rkibi (Aktiv madd\u0259l\u0259r):<\/b><\/p>\n<ul data-path-to-node=\"9\">\n<li>\n<p data-path-to-node=\"9,0,0\"><b data-path-to-node=\"9,0,0\" data-index-in-node=\"0\">\u0130zopropil spirti (2-propanol):<\/b> 60%.<\/p>\n<\/li>\n<li>\n<p data-path-to-node=\"9,1,0\"><b data-path-to-node=\"9,1,0\" data-index-in-node=\"0\">D\u00f6rd\u00fcnc\u00fcl ammonium birl\u0259\u015fm\u0259l\u0259ri (DAB)<\/b> \u00dcmumi kompleksin 0,15%-ni t\u0259\u015fkil edir.<\/p>\n<\/li>\n<li>\n<p data-path-to-node=\"9,2,0\"><b data-path-to-node=\"9,2,0\" data-index-in-node=\"0\">Funksional \u0259lav\u0259l\u0259r:<\/b> D\u0259ri qullu\u011fu \u00fc\u00e7\u00fcn komponentl\u0259r daxildir.<\/p>\n<\/li>\n<\/ul>","protected":false},"excerpt":{"rendered":"<p>Chistodez Universal Alcohol-Based Antiseptic This professional-grade, alcohol-based antiseptic is designed for both skin treatment and the rapid disinfection of work surfaces. It provides high antimicrobial activity while remaining hypoallergenic and gentle on the skin. Recommended Use: Hygienic Hand Treatment: For effective everyday and professional hand rub. Skin Preparation: Treatment of injection sites and donor elbow [&hellip;]<\/p>\n","protected":false},"featured_media":3948,"comment_status":"open","ping_status":"closed","template":"","meta":{"site-sidebar-layout":"default","site-content-layout":"","ast-site-content-layout":"default","site-content-style":"default","site-sidebar-style":"default","ast-global-header-display":"","ast-banner-title-visibility":"","ast-main-header-display":"","ast-hfb-above-header-display":"","ast-hfb-below-header-display":"","ast-hfb-mobile-header-display":"","site-post-title":"","ast-breadcrumbs-content":"","ast-featured-img":"","footer-sml-layout":"","ast-disable-related-posts":"","theme-transparent-header-meta":"default","adv-header-id-meta":"","stick-header-meta":"","header-above-stick-meta":"","header-main-stick-meta":"","header-below-stick-meta":"","astra-migrate-meta-layouts":"set","ast-page-background-enabled":"default","ast-page-background-meta":{"desktop":{"background-color":"","background-image":"","background-repeat":"repeat","background-position":"center center","background-size":"auto","background-attachment":"scroll","background-type":"","background-media":"","overlay-type":"","overlay-color":"","overlay-opacity":"","overlay-gradient":""},"tablet":{"background-color":"","background-image":"","background-repeat":"repeat","background-position":"center center","background-size":"auto","background-attachment":"scroll","background-type":"","background-media":"","overlay-type":"","overlay-color":"","overlay-opacity":"","overlay-gradient":""},"mobile":{"background-color":"","background-image":"","background-repeat":"repeat","background-position":"center center","background-size":"auto","background-attachment":"scroll","background-type":"","background-media":"","overlay-type":"","overlay-color":"","overlay-opacity":"","overlay-gradient":""}},"ast-content-background-meta":{"desktop":{"background-color":"var(--ast-global-color-5)","background-image":"","background-repeat":"repeat","background-position":"center center","background-size":"auto","background-attachment":"scroll","background-type":"","background-media":"","overlay-type":"","overlay-color":"","overlay-opacity":"","overlay-gradient":""},"tablet":{"background-color":"var(--ast-global-color-5)","background-image":"","background-repeat":"repeat","background-position":"center center","background-size":"auto","background-attachment":"scroll","background-type":"","background-media":"","overlay-type":"","overlay-color":"","overlay-opacity":"","overlay-gradient":""},"mobile":{"background-color":"var(--ast-global-color-5)","background-image":"","background-repeat":"repeat","background-position":"center center","background-size":"auto","background-attachment":"scroll","background-type":"","background-media":"","overlay-type":"","overlay-color":"","overlay-opacity":"","overlay-gradient":""}}},"product_brand":[],"product_cat":[90],"product_tag":[],"class_list":{"0":"post-3947","1":"product","2":"type-product","3":"status-publish","4":"has-post-thumbnail","6":"product_cat-antiseptics-and-disinfection","7":"desktop-align-center","8":"tablet-align-center","9":"mobile-align-center","11":"first","12":"instock","13":"shipping-taxable","14":"product-type-simple"},"_links":{"self":[{"href":"https:\/\/goldentrail.az\/az\/wp-json\/wp\/v2\/product\/3947","targetHints":{"allow":["GET"]}}],"collection":[{"href":"https:\/\/goldentrail.az\/az\/wp-json\/wp\/v2\/product"}],"about":[{"href":"https:\/\/goldentrail.az\/az\/wp-json\/wp\/v2\/types\/product"}],"replies":[{"embeddable":true,"href":"https:\/\/goldentrail.az\/az\/wp-json\/wp\/v2\/comments?post=3947"}],"wp:featuredmedia":[{"embeddable":true,"href":"https:\/\/goldentrail.az\/az\/wp-json\/wp\/v2\/media\/3948"}],"wp:attachment":[{"href":"https:\/\/goldentrail.az\/az\/wp-json\/wp\/v2\/media?parent=3947"}],"wp:term":[{"taxonomy":"product_brand","embeddable":true,"href":"https:\/\/goldentrail.az\/az\/wp-json\/wp\/v2\/product_brand?post=3947"},{"taxonomy":"product_cat","embeddable":true,"href":"https:\/\/goldentrail.az\/az\/wp-json\/wp\/v2\/product_cat?post=3947"},{"taxonomy":"product_tag","embeddable":true,"href":"https:\/\/goldentrail.az\/az\/wp-json\/wp\/v2\/product_tag?post=3947"}],"curies":[{"name":"wp","href":"https:\/\/api.w.org\/{rel}","templated":true}]}}