{"id":3945,"date":"2026-03-19T12:28:58","date_gmt":"2026-03-19T08:28:58","guid":{"rendered":"https:\/\/goldentrail.az\/?post_type=product&#038;p=3945"},"modified":"2026-03-19T12:28:58","modified_gmt":"2026-03-19T08:28:58","slug":"chistodez-antiseptic-1-l","status":"publish","type":"product","link":"https:\/\/goldentrail.az\/az\/product\/chistodez-antiseptic-1-l\/","title":{"rendered":"Chistodez Antiseptic, 1 L"},"content":{"rendered":"<p data-path-to-node=\"1\"><b data-path-to-node=\"1\" data-index-in-node=\"0\">Chistodez\u00bb universal spirt \u0259sasl\u0131 d\u0259ri antiseptiki<\/b><\/p>\n<p data-path-to-node=\"2\">Bu pe\u015f\u0259kar s\u0259viyy\u0259li, spirt \u0259sasl\u0131 antiseptik h\u0259m d\u0259rinin t\u0259mizl\u0259nm\u0259si, h\u0259m d\u0259 s\u0259thl\u0259rin dezinfeksiyas\u0131 \u00fc\u00e7\u00fcn n\u0259z\u0259rd\u0259 tutulmu\u015fdur. Y\u00fcks\u0259k antimikrob aktivliy\u0259 malikdir, eyni zamanda hipoalergendir, d\u0259rinin qurumas\u0131n\u0131n v\u0259 q\u0131c\u0131qlanmas\u0131n\u0131n qar\u015f\u0131s\u0131n\u0131 al\u0131r.<\/p>\n<p data-path-to-node=\"3\"><b data-path-to-node=\"3\" data-index-in-node=\"0\">\u0130stifad\u0259 t\u0259yinat\u0131<\/b><\/p>\n<ul data-path-to-node=\"4\">\n<li>\n<p data-path-to-node=\"4,0,0\"><b data-path-to-node=\"4,0,0\" data-index-in-node=\"0\">\u018fll\u0259rin dezinfeksiyas\u0131<\/b> \u018fll\u0259rin gigiyenik t\u0259mizl\u0259nm\u0259si \u00fc\u00e7\u00fcn.<\/p>\n<\/li>\n<li>\n<p data-path-to-node=\"4,1,0\"><b data-path-to-node=\"4,1,0\" data-index-in-node=\"0\">D\u0259rinin haz\u0131rlanmas\u0131<\/b> \u0130nyeksiya nahiy\u0259l\u0259rinin v\u0259 donorun dirs\u0259k b\u00fck\u00fc\u015fl\u0259rinin i\u015fl\u0259nm\u0259si<\/p>\n<\/li>\n<li>\n<p data-path-to-node=\"4,2,0\"><b data-path-to-node=\"4,2,0\" data-index-in-node=\"0\">S\u0259thl\u0259rin dezinfeksiyas\u0131:<\/b> Ki\u00e7ik v\u0259 ya \u00e7\u0259tin \u0259l\u00e7atan s\u0259thl\u0259rin s\u00fcr\u0259tli t\u0259mizl\u0259nm\u0259si<\/p>\n<\/li>\n<li>\n<p data-path-to-node=\"4,3,0\"><b data-path-to-node=\"4,3,0\" data-index-in-node=\"0\">Ayaqlar\u0131n v\u0259 ayaqqab\u0131lar\u0131n qullu\u011fu:<\/b> G\u00f6y\u0259rm\u0259 v\u0259 g\u00f6b\u0259l\u0259k \u0259leyhin\u0259 profilaktika \u00fc\u00e7\u00fcn ayaqlar\u0131n v\u0259 ayaqqab\u0131lar\u0131n daxili s\u0259thl\u0259rinin t\u0259mizl\u0259nm\u0259si.<\/p>\n<\/li>\n<li>\n<p data-path-to-node=\"4,4,0\"><b data-path-to-node=\"4,4,0\" data-index-in-node=\"0\">\u0130lkin dezinfeksiya (t\u0259mizl\u0259m\u0259):<\/b> S\u0259thd\u0259ki \u00e7irkl\u0259rin s\u00fcr\u0259tli t\u0259mizl\u0259nm\u0259si.<\/p>\n<\/li>\n<\/ul>\n<p data-path-to-node=\"5\"><b data-path-to-node=\"5\" data-index-in-node=\"0\">\u018fsas x\u00fcsusiyy\u0259tl\u0259r:<\/b><\/p>\n<ul data-path-to-node=\"6\">\n<li>\n<p data-path-to-node=\"6,0,0\"><b data-path-to-node=\"6,0,0\" data-index-in-node=\"0\">Uzunm\u00fcdd\u0259tli qoruma:<\/b> \u018fn az\u0131 3 saat \u0259rzind\u0259 davaml\u0131 antimikrob t\u0259sirini t\u0259min edir.<\/p>\n<\/li>\n<li>\n<p data-path-to-node=\"6,1,0\"><b data-path-to-node=\"6,1,0\" data-index-in-node=\"0\">D\u0259ri qullu\u011fu:<\/b> D\u0259ri qullu\u011fu \u00fc\u00e7\u00fcn n\u0259ml\u0259ndirici v\u0259 qidaland\u0131r\u0131c\u0131 komponentl\u0259rl\u0259 z\u0259nginl\u0259\u015fdirilmi\u015fdir, d\u0259rinin m\u00fcdafi\u0259 baryerini (t\u0259b\u0259q\u0259sini) qoruyur.<\/p>\n<\/li>\n<li>\n<p data-path-to-node=\"6,2,0\"><b data-path-to-node=\"6,2,0\" data-index-in-node=\"0\">M\u00f6vcud h\u0259cml\u0259r (v\u0259 ya \u00f6l\u00e7\u00fcl\u0259r):<\/b> Rahat istifad\u0259 \u00fc\u00e7\u00fcn 200 ml v\u0259 1 l spreyli flakonlar, h\u0259m\u00e7inin 1 l pompal\u0131 (dozatorlu) flakonlar m\u00f6vcuddur.<\/p>\n<\/li>\n<\/ul>\n<p data-path-to-node=\"7\"><b data-path-to-node=\"7\" data-index-in-node=\"0\">T\u0259rkibi (Aktiv madd\u0259l\u0259r):<\/b><\/p>\n<ul data-path-to-node=\"8\">\n<li>\n<p data-path-to-node=\"8,0,0\"><b data-path-to-node=\"8,0,0\" data-index-in-node=\"0\">\u0130zopropil spirti (2-propanol):<\/b> 60%.<\/p>\n<\/li>\n<li>\n<p data-path-to-node=\"8,1,0\"><b data-path-to-node=\"8,1,0\" data-index-in-node=\"0\">D\u00f6rd\u00fcnc\u00fcl ammonium birl\u0259\u015fm\u0259l\u0259ri (DAB)<\/b> \u00dcmumi kompleksin 0,15%-ni t\u0259\u015fkil edir.<\/p>\n<\/li>\n<li>\n<p data-path-to-node=\"8,2,0\"><b data-path-to-node=\"8,2,0\" data-index-in-node=\"0\">Funksional \u0259lav\u0259l\u0259r:<\/b> D\u0259ri \u00fc\u00e7\u00fcn kondisioner (yum\u015fald\u0131c\u0131) madd\u0259l\u0259r daxildir.<\/p>\n<\/li>\n<\/ul>\n<p data-path-to-node=\"9\"><b data-path-to-node=\"9\" data-index-in-node=\"0\">\u0130stifad\u0259 qaydas\u0131:<\/b> Chistodez\u00bb antiseptiki r\u0259smi istifad\u0259 t\u0259limat\u0131na uy\u011fun olaraq t\u0259tbiq edilm\u0259lidir.<\/p>","protected":false},"excerpt":{"rendered":"<p>Chistodez Universal Alcohol-Based Skin Antiseptic This professional-grade, alcohol-based antiseptic is designed for both skin treatment and surface disinfection. It exhibits high antimicrobial activity while remaining hypoallergenic, preventing dryness or irritation. Intended Use: Hand Sanitization: For hygienic hand rub. Skin Prep: Treatment of injection sites and donor elbow creases. Surface Disinfection: Rapid cleaning of small or [&hellip;]<\/p>\n","protected":false},"featured_media":3946,"comment_status":"open","ping_status":"closed","template":"","meta":{"site-sidebar-layout":"default","site-content-layout":"","ast-site-content-layout":"default","site-content-style":"default","site-sidebar-style":"default","ast-global-header-display":"","ast-banner-title-visibility":"","ast-main-header-display":"","ast-hfb-above-header-display":"","ast-hfb-below-header-display":"","ast-hfb-mobile-header-display":"","site-post-title":"","ast-breadcrumbs-content":"","ast-featured-img":"","footer-sml-layout":"","ast-disable-related-posts":"","theme-transparent-header-meta":"default","adv-header-id-meta":"","stick-header-meta":"","header-above-stick-meta":"","header-main-stick-meta":"","header-below-stick-meta":"","astra-migrate-meta-layouts":"set","ast-page-background-enabled":"default","ast-page-background-meta":{"desktop":{"background-color":"","background-image":"","background-repeat":"repeat","background-position":"center center","background-size":"auto","background-attachment":"scroll","background-type":"","background-media":"","overlay-type":"","overlay-color":"","overlay-opacity":"","overlay-gradient":""},"tablet":{"background-color":"","background-image":"","background-repeat":"repeat","background-position":"center center","background-size":"auto","background-attachment":"scroll","background-type":"","background-media":"","overlay-type":"","overlay-color":"","overlay-opacity":"","overlay-gradient":""},"mobile":{"background-color":"","background-image":"","background-repeat":"repeat","background-position":"center center","background-size":"auto","background-attachment":"scroll","background-type":"","background-media":"","overlay-type":"","overlay-color":"","overlay-opacity":"","overlay-gradient":""}},"ast-content-background-meta":{"desktop":{"background-color":"var(--ast-global-color-5)","background-image":"","background-repeat":"repeat","background-position":"center center","background-size":"auto","background-attachment":"scroll","background-type":"","background-media":"","overlay-type":"","overlay-color":"","overlay-opacity":"","overlay-gradient":""},"tablet":{"background-color":"var(--ast-global-color-5)","background-image":"","background-repeat":"repeat","background-position":"center center","background-size":"auto","background-attachment":"scroll","background-type":"","background-media":"","overlay-type":"","overlay-color":"","overlay-opacity":"","overlay-gradient":""},"mobile":{"background-color":"var(--ast-global-color-5)","background-image":"","background-repeat":"repeat","background-position":"center center","background-size":"auto","background-attachment":"scroll","background-type":"","background-media":"","overlay-type":"","overlay-color":"","overlay-opacity":"","overlay-gradient":""}}},"product_brand":[],"product_cat":[90],"product_tag":[],"class_list":{"0":"post-3945","1":"product","2":"type-product","3":"status-publish","4":"has-post-thumbnail","6":"product_cat-antiseptics-and-disinfection","7":"desktop-align-center","8":"tablet-align-center","9":"mobile-align-center","11":"first","12":"instock","13":"shipping-taxable","14":"product-type-simple"},"_links":{"self":[{"href":"https:\/\/goldentrail.az\/az\/wp-json\/wp\/v2\/product\/3945","targetHints":{"allow":["GET"]}}],"collection":[{"href":"https:\/\/goldentrail.az\/az\/wp-json\/wp\/v2\/product"}],"about":[{"href":"https:\/\/goldentrail.az\/az\/wp-json\/wp\/v2\/types\/product"}],"replies":[{"embeddable":true,"href":"https:\/\/goldentrail.az\/az\/wp-json\/wp\/v2\/comments?post=3945"}],"wp:featuredmedia":[{"embeddable":true,"href":"https:\/\/goldentrail.az\/az\/wp-json\/wp\/v2\/media\/3946"}],"wp:attachment":[{"href":"https:\/\/goldentrail.az\/az\/wp-json\/wp\/v2\/media?parent=3945"}],"wp:term":[{"taxonomy":"product_brand","embeddable":true,"href":"https:\/\/goldentrail.az\/az\/wp-json\/wp\/v2\/product_brand?post=3945"},{"taxonomy":"product_cat","embeddable":true,"href":"https:\/\/goldentrail.az\/az\/wp-json\/wp\/v2\/product_cat?post=3945"},{"taxonomy":"product_tag","embeddable":true,"href":"https:\/\/goldentrail.az\/az\/wp-json\/wp\/v2\/product_tag?post=3945"}],"curies":[{"name":"wp","href":"https:\/\/api.w.org\/{rel}","templated":true}]}}