{"id":3943,"date":"2026-03-19T12:25:33","date_gmt":"2026-03-19T08:25:33","guid":{"rendered":"https:\/\/goldentrail.az\/?post_type=product&#038;p=3943"},"modified":"2026-03-19T12:25:34","modified_gmt":"2026-03-19T08:25:34","slug":"chistodez-concentrate-1-l","status":"publish","type":"product","link":"https:\/\/goldentrail.az\/az\/product\/chistodez-concentrate-1-l\/","title":{"rendered":"Chistodez Concentrate, 1 L"},"content":{"rendered":"<p data-path-to-node=\"1\"><b data-path-to-node=\"1\" data-index-in-node=\"0\">\u00abChistodez\u00bb konsentrat\u0131: Yeni n\u0259sil yuyucu t\u0259sirli universal dezinfeksiyaedici vasit\u0259<\/b><\/p>\n<p data-path-to-node=\"2\">\u00abChistovye\u00bb v\u0259 \u00abPolysept\u00bb \u015firk\u0259tl\u0259rinin birg\u0259 i\u015fl\u0259yib haz\u0131rlad\u0131\u011f\u0131 bu son n\u0259sil konsentratla\u015fd\u0131r\u0131lm\u0131\u015f dezinfeksiyaedici vasit\u0259, g\u00fccl\u00fc sterilizasiya x\u00fcsusiyy\u0259tini y\u00fcks\u0259k t\u0259mizl\u0259yici (yuyucu) t\u0259sir il\u0259 birl\u0259\u015fdirir. A\u015fa\u011f\u0131dak\u0131 kimi t\u0259snif edilir: <b data-path-to-node=\"2\" data-index-in-node=\"181\">Category 4 (low hazard) substance<\/b>m\u00fct\u0259x\u0259ssisl\u0259rin v\u0259 m\u00fc\u015ft\u0259ril\u0259rin i\u015ftirak\u0131 il\u0259 istifad\u0259si tam t\u0259hl\u00fck\u0259sizdir v\u0259 durulama (yuyulma) t\u0259l\u0259b etmir.<\/p>\n<p data-path-to-node=\"3\"><b data-path-to-node=\"3\" data-index-in-node=\"0\">\u018fsas \u00fcst\u00fcnl\u00fckl\u0259ri:<\/b><\/p>\n<ul data-path-to-node=\"4\">\n<li>\n<p data-path-to-node=\"4,0,0\"><b data-path-to-node=\"4,0,0\" data-index-in-node=\"0\">Al\u0259tl\u0259rin qullu\u011fu:<\/b> Al\u0259tl\u0259rin qullu\u011fu:\nMetal al\u0259tl\u0259ri qoruyan, eyni zamanda t\u0259mizl\u0259yici v\u0259 dezodorasiyaedici t\u0259sir g\u00f6st\u0259r\u0259n korroziyaya davaml\u0131 formula; xo\u015fag\u0259lm\u0259z qoxular\u0131 effektiv \u015f\u0259kild\u0259 neytralla\u015fd\u0131r\u0131r.<\/p>\n<\/li>\n<li>\n<p data-path-to-node=\"4,1,0\"><b data-path-to-node=\"4,1,0\" data-index-in-node=\"0\">S\u0259thl\u0259rin t\u0259hl\u00fck\u0259sizliyi:<\/b> \u0130\u015fl\u0259nmi\u015f \u0259\u015fyalara z\u0259r\u0259r vermir, par\u00e7alar\u0131n r\u0259ngini d\u0259yi\u015fmir v\u0259 \u00fczvi \u00e7irkl\u0259ri (l\u0259k\u0259l\u0259ri) s\u0259th\u0259 yap\u0131\u015fd\u0131r\u0131b b\u0259rkitmir.<\/p>\n<\/li>\n<li>\n<p data-path-to-node=\"4,2,0\"><b data-path-to-node=\"4,2,0\" data-index-in-node=\"0\">D\u0259rin t\u0259mizl\u0259m\u0259:<\/b> D\u0259ri ifrazatlar\u0131n\u0131 (piy v\u0259 t\u0259r), \u00f6l\u00fc d\u0259ri h\u00fcceyr\u0259l\u0259rini v\u0259 kosmetik qal\u0131qlar\u0131 m\u00fcxt\u0259lif s\u0259th materiallar\u0131ndan asanl\u0131qla t\u0259mizl\u0259yir.<\/p>\n<\/li>\n<li>\n<p data-path-to-node=\"4,3,0\"><b data-path-to-node=\"4,3,0\" data-index-in-node=\"0\">Material uy\u011funlu\u011fu:<\/b> Suya davaml\u0131 s\u0259thl\u0259r v\u0259 h\u0259ssas pe\u015f\u0259kar avadanl\u0131qlar \u00fc\u00e7\u00fcn t\u0259hl\u00fck\u0259sizdir.<\/p>\n<\/li>\n<\/ul>\n<p data-path-to-node=\"5\"><b data-path-to-node=\"5\" data-index-in-node=\"0\">T\u0259rkibi v\u0259 aktiv madd\u0259l\u0259r:<\/b><\/p>\n<ul data-path-to-node=\"6\">\n<li>\n<p data-path-to-node=\"6,0,0\"><b data-path-to-node=\"6,0,0\" data-index-in-node=\"0\">D\u00f6rd\u00fcnc\u00fcl ammonium birl\u0259\u015fm\u0259l\u0259ri (DAB)<\/b> \u00dcmumi kompleksin 11,0%-ni t\u0259\u015fkil edir.<\/p>\n<\/li>\n<li>\n<p data-path-to-node=\"6,1,0\"><b data-path-to-node=\"6,1,0\" data-index-in-node=\"0\">Polieksametilen quanidin hidroxlorid (PHMQ)<\/b> 2.0%.<\/p>\n<\/li>\n<li>\n<p data-path-to-node=\"6,2,0\"><b data-path-to-node=\"6,2,0\" data-index-in-node=\"0\">Funksional \u0259lav\u0259l\u0259r:<\/b> T\u0259rkibin\u0259 s\u0259thi-aktiv madd\u0259l\u0259r (SAM\/PAV), biosid sinerqistl\u0259ri v\u0259 korroziya inhibitorlar\u0131 daxildir.<\/p>\n<\/li>\n<li>\n<p data-path-to-node=\"6,3,0\"><b data-path-to-node=\"6,3,0\" data-index-in-node=\"0\">pH s\u0259viyy\u0259si:<\/b> 6.0 \u00b1 1 (balansla\u015fd\u0131r\u0131lm\u0131\u015f).<\/p>\n<\/li>\n<\/ul>\n<p data-path-to-node=\"7\"><b data-path-to-node=\"7\" data-index-in-node=\"0\">\u0130stifad\u0259 qaydas\u0131:<\/b> \u00abChistodez\u00bb konsentrat\u0131 t\u0259qdim olunan istifad\u0259 t\u0259limat\u0131na ciddi \u015f\u0259kild\u0259 uy\u011fun olaraq istifad\u0259 edilm\u0259lidir. \u00abChistodez\u00bb konsentrat\u0131 \u00fc\u00e7\u00fcn tam istifad\u0259\u00e7i t\u0259limat\u0131 r\u0259smi sayt\u0131m\u0131zda m\u00f6vcuddur.<\/p>","protected":false},"excerpt":{"rendered":"<p>Chistodez Concentrate: Next-Generation Universal Disinfectant with Detergent Effect A joint development by &#8220;Chistovye&#8221; and &#8220;Polysept,&#8221; this latest-generation concentrated disinfectant combines powerful sterilization with a superior cleaning effect. Classified as a Category 4 (low hazard) substance, it is safe for use in the presence of technicians and clients and requires no rinsing. Key Benefits: Instrument Care: [&hellip;]<\/p>\n","protected":false},"featured_media":3944,"comment_status":"open","ping_status":"closed","template":"","meta":{"site-sidebar-layout":"default","site-content-layout":"","ast-site-content-layout":"default","site-content-style":"default","site-sidebar-style":"default","ast-global-header-display":"","ast-banner-title-visibility":"","ast-main-header-display":"","ast-hfb-above-header-display":"","ast-hfb-below-header-display":"","ast-hfb-mobile-header-display":"","site-post-title":"","ast-breadcrumbs-content":"","ast-featured-img":"","footer-sml-layout":"","ast-disable-related-posts":"","theme-transparent-header-meta":"default","adv-header-id-meta":"","stick-header-meta":"","header-above-stick-meta":"","header-main-stick-meta":"","header-below-stick-meta":"","astra-migrate-meta-layouts":"set","ast-page-background-enabled":"default","ast-page-background-meta":{"desktop":{"background-color":"","background-image":"","background-repeat":"repeat","background-position":"center center","background-size":"auto","background-attachment":"scroll","background-type":"","background-media":"","overlay-type":"","overlay-color":"","overlay-opacity":"","overlay-gradient":""},"tablet":{"background-color":"","background-image":"","background-repeat":"repeat","background-position":"center center","background-size":"auto","background-attachment":"scroll","background-type":"","background-media":"","overlay-type":"","overlay-color":"","overlay-opacity":"","overlay-gradient":""},"mobile":{"background-color":"","background-image":"","background-repeat":"repeat","background-position":"center center","background-size":"auto","background-attachment":"scroll","background-type":"","background-media":"","overlay-type":"","overlay-color":"","overlay-opacity":"","overlay-gradient":""}},"ast-content-background-meta":{"desktop":{"background-color":"var(--ast-global-color-5)","background-image":"","background-repeat":"repeat","background-position":"center center","background-size":"auto","background-attachment":"scroll","background-type":"","background-media":"","overlay-type":"","overlay-color":"","overlay-opacity":"","overlay-gradient":""},"tablet":{"background-color":"var(--ast-global-color-5)","background-image":"","background-repeat":"repeat","background-position":"center center","background-size":"auto","background-attachment":"scroll","background-type":"","background-media":"","overlay-type":"","overlay-color":"","overlay-opacity":"","overlay-gradient":""},"mobile":{"background-color":"var(--ast-global-color-5)","background-image":"","background-repeat":"repeat","background-position":"center center","background-size":"auto","background-attachment":"scroll","background-type":"","background-media":"","overlay-type":"","overlay-color":"","overlay-opacity":"","overlay-gradient":""}}},"product_brand":[],"product_cat":[90],"product_tag":[],"class_list":{"0":"post-3943","1":"product","2":"type-product","3":"status-publish","4":"has-post-thumbnail","6":"product_cat-antiseptics-and-disinfection","7":"desktop-align-center","8":"tablet-align-center","9":"mobile-align-center","11":"first","12":"instock","13":"shipping-taxable","14":"product-type-simple"},"_links":{"self":[{"href":"https:\/\/goldentrail.az\/az\/wp-json\/wp\/v2\/product\/3943","targetHints":{"allow":["GET"]}}],"collection":[{"href":"https:\/\/goldentrail.az\/az\/wp-json\/wp\/v2\/product"}],"about":[{"href":"https:\/\/goldentrail.az\/az\/wp-json\/wp\/v2\/types\/product"}],"replies":[{"embeddable":true,"href":"https:\/\/goldentrail.az\/az\/wp-json\/wp\/v2\/comments?post=3943"}],"wp:featuredmedia":[{"embeddable":true,"href":"https:\/\/goldentrail.az\/az\/wp-json\/wp\/v2\/media\/3944"}],"wp:attachment":[{"href":"https:\/\/goldentrail.az\/az\/wp-json\/wp\/v2\/media?parent=3943"}],"wp:term":[{"taxonomy":"product_brand","embeddable":true,"href":"https:\/\/goldentrail.az\/az\/wp-json\/wp\/v2\/product_brand?post=3943"},{"taxonomy":"product_cat","embeddable":true,"href":"https:\/\/goldentrail.az\/az\/wp-json\/wp\/v2\/product_cat?post=3943"},{"taxonomy":"product_tag","embeddable":true,"href":"https:\/\/goldentrail.az\/az\/wp-json\/wp\/v2\/product_tag?post=3943"}],"curies":[{"name":"wp","href":"https:\/\/api.w.org\/{rel}","templated":true}]}}