{"id":3936,"date":"2026-03-19T12:18:27","date_gmt":"2026-03-19T08:18:27","guid":{"rendered":"https:\/\/goldentrail.az\/?post_type=product&#038;p=3936"},"modified":"2026-03-19T12:18:27","modified_gmt":"2026-03-19T08:18:27","slug":"disposable-bouffant-cap-charlotte-style-spunbond","status":"publish","type":"product","link":"https:\/\/goldentrail.az\/az\/product\/disposable-bouffant-cap-charlotte-style-spunbond\/","title":{"rendered":"Bird\u0259f\u0259lik qoruyucu papaq (\u015earlotta \u00fcslubu), spunbond materialdan"},"content":{"rendered":"<p data-path-to-node=\"1\"><b data-path-to-node=\"1\" data-index-in-node=\"0\">Qeyri-steril bird\u0259f\u0259lik qoruyucu papaq (\u015earlotta), spunbond (15 q\/m\u00b2)<\/b><\/p>\n<p data-path-to-node=\"2\">Bu qeyri-steril tibbi papaqlar (\u015fapkalar) tibb m\u0259rk\u0259zl\u0259rind\u0259, kosmetoloji klinikalarda, s\u0259naye m\u00fc\u0259ssis\u0259l\u0259rind\u0259, qida s\u0259nayesind\u0259 v\u0259 istehsalat sexl\u0259rind\u0259, el\u0259c\u0259 d\u0259 solariumlarda v\u0259 m\u0259i\u015f\u0259td\u0259 geni\u015f istifad\u0259 olunur. Bu papaqlar \u00fcz prosedurlar\u0131 zaman\u0131 sa\u00e7lar\u0131 etibarl\u0131 \u015f\u0259kild\u0259 tutur v\u0259 solariumda ultrab\u0259n\u00f6v\u015f\u0259yi \u015f\u00fcalardan qoruyur. Rahat dizayn\u0131 aln\u0131 a\u00e7\u0131q qoyur ki, bu da kosmetoloqun mane\u0259siz i\u015fl\u0259m\u0259sin\u0259 \u015f\u0259rait yarad\u0131r. Yum\u015faq elastik rezin is\u0259 d\u0259rini s\u0131xmadan v\u0259 qan d\u00f6vran\u0131n\u0131 m\u0259hdudla\u015fd\u0131rmadan rahat oturu\u015fu t\u0259min edir, bu da onu uzunm\u00fcdd\u0259tli istifad\u0259 \u00fc\u00e7\u00fcn \u0259lveri\u015fli edir.<\/p>\n<p data-path-to-node=\"3\"><b data-path-to-node=\"3\" data-index-in-node=\"0\">Spunbond material\u0131n\u0131n \u0259sas x\u00fcsusiyy\u0259tl\u0259ri:<\/b><\/p>\n<ul data-path-to-node=\"4\">\n<li>\n<p data-path-to-node=\"4,0,0\"><b data-path-to-node=\"4,0,0\" data-index-in-node=\"0\">Davaml\u0131l\u0131q:<\/b> Q\u0259l\u0259vil\u0259r\u0259, tur\u015fulara v\u0259 mikroorqanizml\u0259r\u0259 qar\u015f\u0131 y\u00fcks\u0259k davaml\u0131l\u0131q. [1, 2]<\/p>\n<\/li>\n<li>\n<p data-path-to-node=\"4,1,0\"><b data-path-to-node=\"4,1,0\" data-index-in-node=\"0\">Davaml\u0131l\u0131q:<\/b> Bu yum\u015faq material y\u00fcng\u00fcll\u00fcy\u00fc m\u00f6hk\u0259mlikl\u0259 birl\u0259\u015fdirir v\u0259 papaqlar\u0131n dart\u0131lmadan \u00f6z formas\u0131n\u0131 saxlamas\u0131n\u0131 t\u0259min edir.<\/p>\n<\/li>\n<li>\n<p data-path-to-node=\"4,2,0\"><b data-path-to-node=\"4,2,0\" data-index-in-node=\"0\">S\u0131xl\u0131q:<\/b> 15 q\/m\u00b2 s\u0131xl\u0131\u011fa malik y\u00fcks\u0259k keyfiyy\u0259tli xammal.<\/p>\n<\/li>\n<\/ul>","protected":false},"excerpt":{"rendered":"<p>Non-sterile Disposable Bouffant Cap, Spunbond (15 g\/m\u00b2) These non-sterile non-woven medical caps are widely used in medical centers, beauty clinics, industrial facilities, the food industry, and production workshops, as well as in tanning salons and for household use. The caps effectively secure hair during facial treatments and protect it from UV rays in tanning beds. [&hellip;]<\/p>\n","protected":false},"featured_media":3937,"comment_status":"open","ping_status":"closed","template":"","meta":{"site-sidebar-layout":"default","site-content-layout":"","ast-site-content-layout":"default","site-content-style":"default","site-sidebar-style":"default","ast-global-header-display":"","ast-banner-title-visibility":"","ast-main-header-display":"","ast-hfb-above-header-display":"","ast-hfb-below-header-display":"","ast-hfb-mobile-header-display":"","site-post-title":"","ast-breadcrumbs-content":"","ast-featured-img":"","footer-sml-layout":"","ast-disable-related-posts":"","theme-transparent-header-meta":"default","adv-header-id-meta":"","stick-header-meta":"","header-above-stick-meta":"","header-main-stick-meta":"","header-below-stick-meta":"","astra-migrate-meta-layouts":"set","ast-page-background-enabled":"default","ast-page-background-meta":{"desktop":{"background-color":"","background-image":"","background-repeat":"repeat","background-position":"center center","background-size":"auto","background-attachment":"scroll","background-type":"","background-media":"","overlay-type":"","overlay-color":"","overlay-opacity":"","overlay-gradient":""},"tablet":{"background-color":"","background-image":"","background-repeat":"repeat","background-position":"center center","background-size":"auto","background-attachment":"scroll","background-type":"","background-media":"","overlay-type":"","overlay-color":"","overlay-opacity":"","overlay-gradient":""},"mobile":{"background-color":"","background-image":"","background-repeat":"repeat","background-position":"center center","background-size":"auto","background-attachment":"scroll","background-type":"","background-media":"","overlay-type":"","overlay-color":"","overlay-opacity":"","overlay-gradient":""}},"ast-content-background-meta":{"desktop":{"background-color":"var(--ast-global-color-5)","background-image":"","background-repeat":"repeat","background-position":"center center","background-size":"auto","background-attachment":"scroll","background-type":"","background-media":"","overlay-type":"","overlay-color":"","overlay-opacity":"","overlay-gradient":""},"tablet":{"background-color":"var(--ast-global-color-5)","background-image":"","background-repeat":"repeat","background-position":"center center","background-size":"auto","background-attachment":"scroll","background-type":"","background-media":"","overlay-type":"","overlay-color":"","overlay-opacity":"","overlay-gradient":""},"mobile":{"background-color":"var(--ast-global-color-5)","background-image":"","background-repeat":"repeat","background-position":"center center","background-size":"auto","background-attachment":"scroll","background-type":"","background-media":"","overlay-type":"","overlay-color":"","overlay-opacity":"","overlay-gradient":""}}},"product_brand":[],"product_cat":[58,48],"product_tag":[],"class_list":{"0":"post-3936","1":"product","2":"type-product","3":"status-publish","4":"has-post-thumbnail","6":"product_cat-disposable-caps","7":"product_cat-disposable-products","8":"desktop-align-center","9":"tablet-align-center","10":"mobile-align-center","12":"first","13":"instock","14":"shipping-taxable","15":"purchasable","16":"product-type-simple"},"_links":{"self":[{"href":"https:\/\/goldentrail.az\/az\/wp-json\/wp\/v2\/product\/3936","targetHints":{"allow":["GET"]}}],"collection":[{"href":"https:\/\/goldentrail.az\/az\/wp-json\/wp\/v2\/product"}],"about":[{"href":"https:\/\/goldentrail.az\/az\/wp-json\/wp\/v2\/types\/product"}],"replies":[{"embeddable":true,"href":"https:\/\/goldentrail.az\/az\/wp-json\/wp\/v2\/comments?post=3936"}],"wp:featuredmedia":[{"embeddable":true,"href":"https:\/\/goldentrail.az\/az\/wp-json\/wp\/v2\/media\/3937"}],"wp:attachment":[{"href":"https:\/\/goldentrail.az\/az\/wp-json\/wp\/v2\/media?parent=3936"}],"wp:term":[{"taxonomy":"product_brand","embeddable":true,"href":"https:\/\/goldentrail.az\/az\/wp-json\/wp\/v2\/product_brand?post=3936"},{"taxonomy":"product_cat","embeddable":true,"href":"https:\/\/goldentrail.az\/az\/wp-json\/wp\/v2\/product_cat?post=3936"},{"taxonomy":"product_tag","embeddable":true,"href":"https:\/\/goldentrail.az\/az\/wp-json\/wp\/v2\/product_tag?post=3936"}],"curies":[{"name":"wp","href":"https:\/\/api.w.org\/{rel}","templated":true}]}}