{"id":3931,"date":"2026-03-19T12:14:47","date_gmt":"2026-03-19T08:14:47","guid":{"rendered":"https:\/\/goldentrail.az\/?post_type=product&#038;p=3931"},"modified":"2026-04-24T14:18:21","modified_gmt":"2026-04-24T10:18:21","slug":"polyethylene-foam-toe-separators-8-mm-2","status":"publish","type":"product","link":"https:\/\/goldentrail.az\/az\/product\/polyethylene-foam-toe-separators-8-mm-2\/","title":{"rendered":"Polietilen k\u00f6p\u00fckd\u0259n barmaq ay\u0131ranlar, 8 mm"},"content":{"rendered":"<p>Pedik\u00fcr ustalar\u0131 vaxta q\u0259na\u0259t etm\u0259k v\u0259 pe\u015f\u0259kar n\u0259tic\u0259ni t\u0259min etm\u0259k \u00fc\u00e7\u00fcn bird\u0259f\u0259lik barmaq ay\u0131ranlardan istifad\u0259 edirl\u0259r. Bu ay\u0131ranlar h\u0259r bir barma\u011fa asan giri\u015fi t\u0259min ed\u0259r\u0259k proseduru daha s\u0259m\u0259r\u0259li edir. Universal \u00f6l\u00e7\u00fcd\u0259 dizayn edilmi\u015f bu vasit\u0259l\u0259r h\u0259tta uzunm\u00fcdd\u0259tli prosedurlar zaman\u0131 rahatl\u0131\u011f\u0131n\u0131 qoruyur. Gigiyenan\u0131 saxlamaq \u00fc\u00e7\u00fcn h\u0259r bir m\u00fc\u015ft\u0259ri \u00fc\u00e7\u00fcn yeni (t\u0259z\u0259) c\u00fct istifad\u0259 edilm\u0259lidir; m\u0259sam\u0259li material bakteriyalar\u0131 saxlaya bil\u0259r v\u0259 dezinfeksiya v\u0259 ya sterilizasiya \u00fc\u00e7\u00fcn uy\u011fun deyil.<\/p>","protected":false},"excerpt":{"rendered":"<p>Pedicure technicians use disposable toe separators to save time and ensure professional-quality results. These separators allow for easy access to each individual toe, making the procedure more efficient. Designed for universal fit, they remain comfortable even during long treatments. To maintain hygiene, a fresh pair must be used for every client; the porous material can [&hellip;]<\/p>\n","protected":false},"featured_media":3932,"comment_status":"open","ping_status":"closed","template":"","meta":{"site-sidebar-layout":"default","site-content-layout":"","ast-site-content-layout":"default","site-content-style":"default","site-sidebar-style":"default","ast-global-header-display":"","ast-banner-title-visibility":"","ast-main-header-display":"","ast-hfb-above-header-display":"","ast-hfb-below-header-display":"","ast-hfb-mobile-header-display":"","site-post-title":"","ast-breadcrumbs-content":"","ast-featured-img":"","footer-sml-layout":"","ast-disable-related-posts":"","theme-transparent-header-meta":"default","adv-header-id-meta":"","stick-header-meta":"","header-above-stick-meta":"","header-main-stick-meta":"","header-below-stick-meta":"","astra-migrate-meta-layouts":"set","ast-page-background-enabled":"default","ast-page-background-meta":{"desktop":{"background-color":"","background-image":"","background-repeat":"repeat","background-position":"center center","background-size":"auto","background-attachment":"scroll","background-type":"","background-media":"","overlay-type":"","overlay-color":"","overlay-opacity":"","overlay-gradient":""},"tablet":{"background-color":"","background-image":"","background-repeat":"repeat","background-position":"center center","background-size":"auto","background-attachment":"scroll","background-type":"","background-media":"","overlay-type":"","overlay-color":"","overlay-opacity":"","overlay-gradient":""},"mobile":{"background-color":"","background-image":"","background-repeat":"repeat","background-position":"center center","background-size":"auto","background-attachment":"scroll","background-type":"","background-media":"","overlay-type":"","overlay-color":"","overlay-opacity":"","overlay-gradient":""}},"ast-content-background-meta":{"desktop":{"background-color":"var(--ast-global-color-5)","background-image":"","background-repeat":"repeat","background-position":"center center","background-size":"auto","background-attachment":"scroll","background-type":"","background-media":"","overlay-type":"","overlay-color":"","overlay-opacity":"","overlay-gradient":""},"tablet":{"background-color":"var(--ast-global-color-5)","background-image":"","background-repeat":"repeat","background-position":"center center","background-size":"auto","background-attachment":"scroll","background-type":"","background-media":"","overlay-type":"","overlay-color":"","overlay-opacity":"","overlay-gradient":""},"mobile":{"background-color":"var(--ast-global-color-5)","background-image":"","background-repeat":"repeat","background-position":"center center","background-size":"auto","background-attachment":"scroll","background-type":"","background-media":"","overlay-type":"","overlay-color":"","overlay-opacity":"","overlay-gradient":""}}},"product_brand":[],"product_cat":[48,88],"product_tag":[],"class_list":{"0":"post-3931","1":"product","2":"type-product","3":"status-publish","4":"has-post-thumbnail","6":"product_cat-disposable-products","7":"product_cat-toe-separators","8":"desktop-align-center","9":"tablet-align-center","10":"mobile-align-center","12":"first","13":"instock","14":"sale","15":"shipping-taxable","16":"purchasable","17":"product-type-simple"},"_links":{"self":[{"href":"https:\/\/goldentrail.az\/az\/wp-json\/wp\/v2\/product\/3931","targetHints":{"allow":["GET"]}}],"collection":[{"href":"https:\/\/goldentrail.az\/az\/wp-json\/wp\/v2\/product"}],"about":[{"href":"https:\/\/goldentrail.az\/az\/wp-json\/wp\/v2\/types\/product"}],"replies":[{"embeddable":true,"href":"https:\/\/goldentrail.az\/az\/wp-json\/wp\/v2\/comments?post=3931"}],"wp:featuredmedia":[{"embeddable":true,"href":"https:\/\/goldentrail.az\/az\/wp-json\/wp\/v2\/media\/3932"}],"wp:attachment":[{"href":"https:\/\/goldentrail.az\/az\/wp-json\/wp\/v2\/media?parent=3931"}],"wp:term":[{"taxonomy":"product_brand","embeddable":true,"href":"https:\/\/goldentrail.az\/az\/wp-json\/wp\/v2\/product_brand?post=3931"},{"taxonomy":"product_cat","embeddable":true,"href":"https:\/\/goldentrail.az\/az\/wp-json\/wp\/v2\/product_cat?post=3931"},{"taxonomy":"product_tag","embeddable":true,"href":"https:\/\/goldentrail.az\/az\/wp-json\/wp\/v2\/product_tag?post=3931"}],"curies":[{"name":"wp","href":"https:\/\/api.w.org\/{rel}","templated":true}]}}