{"id":3929,"date":"2026-03-19T12:08:06","date_gmt":"2026-03-19T08:08:06","guid":{"rendered":"https:\/\/goldentrail.az\/?post_type=product&#038;p=3929"},"modified":"2026-03-19T12:33:52","modified_gmt":"2026-03-19T08:33:52","slug":"chistovye-disposable-spa-kit","status":"publish","type":"product","link":"https:\/\/goldentrail.az\/az\/product\/chistovye-disposable-spa-kit\/","title":{"rendered":"Chistovye Bird\u0259f\u0259lik SPA D\u0259sti"},"content":{"rendered":"<p data-path-to-node=\"3\">Chistovye\u00bb bird\u0259f\u0259lik SPA d\u0259sti \u2014 g\u00f6z\u0259llik salonlar\u0131, masaj studiyalar\u0131 v\u0259 sa\u011flaml\u0131q m\u0259rk\u0259zl\u0259ri \u00fc\u00e7\u00fcn premium h\u0259lldir. Bu universal d\u0259st b\u0259d\u0259n prosedurlar\u0131, b\u00fcr\u00fcnm\u0259l\u0259r (wrap) v\u0259 masaj seanslar\u0131 zaman\u0131 m\u00fc\u015ft\u0259rinin gigiyenas\u0131 v\u0259 rahatl\u0131\u011f\u0131 \u00fc\u00e7\u00fcn laz\u0131m olan h\u0259r \u015feyi t\u0259min edir. Yum\u015faq v\u0259 d\u0259ri \u00fc\u00e7\u00fcn t\u0259hl\u00fck\u0259siz qeyri-toxunma materiallardan haz\u0131rlanm\u0131\u015f h\u0259r bir komponent, y\u00fcks\u0259k sanitariya standartlar\u0131n\u0131 qorumaqla yana\u015f\u0131, rahatl\u0131q v\u0259 pe\u015f\u0259kar yana\u015fman\u0131 t\u0259min edir<\/p>\n<p data-path-to-node=\"4\"><b data-path-to-node=\"4\" data-index-in-node=\"0\">D\u0259st\u0259 daxildir:<\/b><\/p>\n<ul data-path-to-node=\"5\">\n<li>\n<p data-path-to-node=\"5,0,0\"><b data-path-to-node=\"5,0,0\" data-index-in-node=\"0\">Bird\u0259f\u0259lik kimono (xalat)<\/b> Maksimum rahatl\u0131q \u00fc\u00e7\u00fcn y\u00fcng\u00fcl v\u0259 \u015f\u0259ffaf olmayan materialdan haz\u0131rlanm\u0131\u015fd\u0131r.<\/p>\n<\/li>\n<li>\n<p data-path-to-node=\"5,1,0\"><b data-path-to-node=\"5,1,0\" data-index-in-node=\"0\">Bird\u0259f\u0259lik tuman (biqin\/strinq)<\/b> \u0130ntim nahiy\u0259l\u0259rin prosedurlar\u0131 zaman\u0131 gigiyenan\u0131 t\u0259min etm\u0259k \u00fc\u00e7\u00fcn.<\/p>\n<\/li>\n<li>\n<p data-path-to-node=\"5,2,0\"><b data-path-to-node=\"5,2,0\" data-index-in-node=\"0\">Bird\u0259f\u0259lik t\u0259rlikl\u0259r<\/b> T\u0259hl\u00fck\u0259siz h\u0259r\u0259k\u0259t \u00fc\u00e7\u00fcn s\u00fcr\u00fc\u015fm\u0259y\u0259n v\u0259 yum\u015faq materialdan haz\u0131rlanm\u0131\u015fd\u0131r.<\/p>\n<\/li>\n<li>\n<p data-path-to-node=\"5,3,0\"><b data-path-to-node=\"5,3,0\" data-index-in-node=\"0\">Qoruyucu papaq (\u015fapka)<\/b> \u00dcz v\u0259 ya b\u0259d\u0259n prosedurlar\u0131 zaman\u0131 sa\u00e7lar\u0131 qorumaq \u00fc\u00e7\u00fcn.<\/p>\n<\/li>\n<li>\n<p data-path-to-node=\"5,4,0\"><b data-path-to-node=\"5,4,0\" data-index-in-node=\"0\">Bird\u0259f\u0259lik m\u0259l\u0259f\u0259l\u0259r v\u0259 salfetl\u0259r<\/b> Prosedur masas\u0131n\u0131n t\u0259mizliyini qorumaq v\u0259 art\u0131q n\u0259mi udmaq \u00fc\u00e7\u00fcn.<\/p>\n<\/li>\n<\/ul>","protected":false},"excerpt":{"rendered":"<p>The Chistovye disposable SPA kit is a premium solution for beauty parlors, massage studios, and wellness centers. This all-in-one set provides everything needed for client hygiene and modesty during body treatments, wraps, and massage sessions. Made from soft, skin-friendly non-woven materials, each component ensures a comfortable and professional experience while maintaining the highest sanitary standards. [&hellip;]<\/p>\n","protected":false},"featured_media":3930,"comment_status":"open","ping_status":"closed","template":"","meta":{"site-sidebar-layout":"default","site-content-layout":"","ast-site-content-layout":"default","site-content-style":"default","site-sidebar-style":"default","ast-global-header-display":"","ast-banner-title-visibility":"","ast-main-header-display":"","ast-hfb-above-header-display":"","ast-hfb-below-header-display":"","ast-hfb-mobile-header-display":"","site-post-title":"","ast-breadcrumbs-content":"","ast-featured-img":"","footer-sml-layout":"","ast-disable-related-posts":"","theme-transparent-header-meta":"default","adv-header-id-meta":"","stick-header-meta":"","header-above-stick-meta":"","header-main-stick-meta":"","header-below-stick-meta":"","astra-migrate-meta-layouts":"set","ast-page-background-enabled":"default","ast-page-background-meta":{"desktop":{"background-color":"","background-image":"","background-repeat":"repeat","background-position":"center center","background-size":"auto","background-attachment":"scroll","background-type":"","background-media":"","overlay-type":"","overlay-color":"","overlay-opacity":"","overlay-gradient":""},"tablet":{"background-color":"","background-image":"","background-repeat":"repeat","background-position":"center center","background-size":"auto","background-attachment":"scroll","background-type":"","background-media":"","overlay-type":"","overlay-color":"","overlay-opacity":"","overlay-gradient":""},"mobile":{"background-color":"","background-image":"","background-repeat":"repeat","background-position":"center center","background-size":"auto","background-attachment":"scroll","background-type":"","background-media":"","overlay-type":"","overlay-color":"","overlay-opacity":"","overlay-gradient":""}},"ast-content-background-meta":{"desktop":{"background-color":"var(--ast-global-color-5)","background-image":"","background-repeat":"repeat","background-position":"center center","background-size":"auto","background-attachment":"scroll","background-type":"","background-media":"","overlay-type":"","overlay-color":"","overlay-opacity":"","overlay-gradient":""},"tablet":{"background-color":"var(--ast-global-color-5)","background-image":"","background-repeat":"repeat","background-position":"center center","background-size":"auto","background-attachment":"scroll","background-type":"","background-media":"","overlay-type":"","overlay-color":"","overlay-opacity":"","overlay-gradient":""},"mobile":{"background-color":"var(--ast-global-color-5)","background-image":"","background-repeat":"repeat","background-position":"center center","background-size":"auto","background-attachment":"scroll","background-type":"","background-media":"","overlay-type":"","overlay-color":"","overlay-opacity":"","overlay-gradient":""}}},"product_brand":[],"product_cat":[89,48],"product_tag":[],"class_list":{"0":"post-3929","1":"product","2":"type-product","3":"status-publish","4":"has-post-thumbnail","6":"product_cat-disposable-kits","7":"product_cat-disposable-products","8":"desktop-align-center","9":"tablet-align-center","10":"mobile-align-center","12":"first","13":"instock","14":"featured","15":"shipping-taxable","16":"purchasable","17":"product-type-simple"},"_links":{"self":[{"href":"https:\/\/goldentrail.az\/az\/wp-json\/wp\/v2\/product\/3929","targetHints":{"allow":["GET"]}}],"collection":[{"href":"https:\/\/goldentrail.az\/az\/wp-json\/wp\/v2\/product"}],"about":[{"href":"https:\/\/goldentrail.az\/az\/wp-json\/wp\/v2\/types\/product"}],"replies":[{"embeddable":true,"href":"https:\/\/goldentrail.az\/az\/wp-json\/wp\/v2\/comments?post=3929"}],"wp:featuredmedia":[{"embeddable":true,"href":"https:\/\/goldentrail.az\/az\/wp-json\/wp\/v2\/media\/3930"}],"wp:attachment":[{"href":"https:\/\/goldentrail.az\/az\/wp-json\/wp\/v2\/media?parent=3929"}],"wp:term":[{"taxonomy":"product_brand","embeddable":true,"href":"https:\/\/goldentrail.az\/az\/wp-json\/wp\/v2\/product_brand?post=3929"},{"taxonomy":"product_cat","embeddable":true,"href":"https:\/\/goldentrail.az\/az\/wp-json\/wp\/v2\/product_cat?post=3929"},{"taxonomy":"product_tag","embeddable":true,"href":"https:\/\/goldentrail.az\/az\/wp-json\/wp\/v2\/product_tag?post=3929"}],"curies":[{"name":"wp","href":"https:\/\/api.w.org\/{rel}","templated":true}]}}