{"id":3922,"date":"2026-03-19T11:58:25","date_gmt":"2026-03-19T07:58:25","guid":{"rendered":"https:\/\/goldentrail.az\/?post_type=product&#038;p=3922"},"modified":"2026-04-24T14:16:14","modified_gmt":"2026-04-24T10:16:14","slug":"polyethylene-foam-toe-separators-8-mm","status":"publish","type":"product","link":"https:\/\/goldentrail.az\/az\/product\/polyethylene-foam-toe-separators-8-mm\/","title":{"rendered":"Polietilen k\u00f6p\u00fckd\u0259n barmaq ay\u0131ranlar, 8 mm"},"content":{"rendered":"<p data-path-to-node=\"2\">Pedik\u00fcr ustalar\u0131 vaxta q\u0259na\u0259t etm\u0259k v\u0259 y\u00fcks\u0259k keyfiyy\u0259tli n\u0259tic\u0259 \u0259ld\u0259 etm\u0259k \u00fc\u00e7\u00fcn bird\u0259f\u0259lik barmaq ay\u0131ranlardan istifad\u0259 edirl\u0259r. Bu ay\u0131ranlar h\u0259r bir barma\u011fa asan giri\u015fi t\u0259min edir. Onlar b\u00fct\u00fcn m\u00fc\u015ft\u0259ril\u0259r \u00fc\u00e7\u00fcn uy\u011fundur v\u0259 h\u0259tta uzunm\u00fcdd\u0259tli prosedurlar zaman\u0131 rahatl\u0131q yarad\u0131r. H\u0259r bir m\u00fc\u015ft\u0259ri \u00fc\u00e7\u00fcn yeni bir c\u00fct bird\u0259f\u0259lik ay\u0131r\u0131c\u0131dan istifad\u0259 olunur, \u00e7\u00fcnki haz\u0131rland\u0131qlar\u0131 m\u0259sam\u0259li materialda bakteriyalar toplana bil\u0259r. Bu material dezinfeksiya v\u0259 ya sterilizasiya edil\u0259 bilm\u0259z.<\/p>","protected":false},"excerpt":{"rendered":"<p>Pedicure technicians use disposable toe separators to save time and ensure high-quality results. These separators allow for easy access to each individual toe. They are suitable for all clients and provide comfort even during long procedures. A new disposable pair of separators is used for each client, as the porous material they are made of [&hellip;]<\/p>\n","protected":false},"featured_media":3923,"comment_status":"open","ping_status":"closed","template":"","meta":{"site-sidebar-layout":"default","site-content-layout":"","ast-site-content-layout":"default","site-content-style":"default","site-sidebar-style":"default","ast-global-header-display":"","ast-banner-title-visibility":"","ast-main-header-display":"","ast-hfb-above-header-display":"","ast-hfb-below-header-display":"","ast-hfb-mobile-header-display":"","site-post-title":"","ast-breadcrumbs-content":"","ast-featured-img":"","footer-sml-layout":"","ast-disable-related-posts":"","theme-transparent-header-meta":"default","adv-header-id-meta":"","stick-header-meta":"","header-above-stick-meta":"","header-main-stick-meta":"","header-below-stick-meta":"","astra-migrate-meta-layouts":"set","ast-page-background-enabled":"default","ast-page-background-meta":{"desktop":{"background-color":"","background-image":"","background-repeat":"repeat","background-position":"center center","background-size":"auto","background-attachment":"scroll","background-type":"","background-media":"","overlay-type":"","overlay-color":"","overlay-opacity":"","overlay-gradient":""},"tablet":{"background-color":"","background-image":"","background-repeat":"repeat","background-position":"center center","background-size":"auto","background-attachment":"scroll","background-type":"","background-media":"","overlay-type":"","overlay-color":"","overlay-opacity":"","overlay-gradient":""},"mobile":{"background-color":"","background-image":"","background-repeat":"repeat","background-position":"center center","background-size":"auto","background-attachment":"scroll","background-type":"","background-media":"","overlay-type":"","overlay-color":"","overlay-opacity":"","overlay-gradient":""}},"ast-content-background-meta":{"desktop":{"background-color":"var(--ast-global-color-5)","background-image":"","background-repeat":"repeat","background-position":"center center","background-size":"auto","background-attachment":"scroll","background-type":"","background-media":"","overlay-type":"","overlay-color":"","overlay-opacity":"","overlay-gradient":""},"tablet":{"background-color":"var(--ast-global-color-5)","background-image":"","background-repeat":"repeat","background-position":"center center","background-size":"auto","background-attachment":"scroll","background-type":"","background-media":"","overlay-type":"","overlay-color":"","overlay-opacity":"","overlay-gradient":""},"mobile":{"background-color":"var(--ast-global-color-5)","background-image":"","background-repeat":"repeat","background-position":"center center","background-size":"auto","background-attachment":"scroll","background-type":"","background-media":"","overlay-type":"","overlay-color":"","overlay-opacity":"","overlay-gradient":""}}},"product_brand":[],"product_cat":[48,88],"product_tag":[],"class_list":{"0":"post-3922","1":"product","2":"type-product","3":"status-publish","4":"has-post-thumbnail","6":"product_cat-disposable-products","7":"product_cat-toe-separators","8":"desktop-align-center","9":"tablet-align-center","10":"mobile-align-center","12":"first","13":"instock","14":"sale","15":"shipping-taxable","16":"purchasable","17":"product-type-simple"},"_links":{"self":[{"href":"https:\/\/goldentrail.az\/az\/wp-json\/wp\/v2\/product\/3922","targetHints":{"allow":["GET"]}}],"collection":[{"href":"https:\/\/goldentrail.az\/az\/wp-json\/wp\/v2\/product"}],"about":[{"href":"https:\/\/goldentrail.az\/az\/wp-json\/wp\/v2\/types\/product"}],"replies":[{"embeddable":true,"href":"https:\/\/goldentrail.az\/az\/wp-json\/wp\/v2\/comments?post=3922"}],"wp:featuredmedia":[{"embeddable":true,"href":"https:\/\/goldentrail.az\/az\/wp-json\/wp\/v2\/media\/3923"}],"wp:attachment":[{"href":"https:\/\/goldentrail.az\/az\/wp-json\/wp\/v2\/media?parent=3922"}],"wp:term":[{"taxonomy":"product_brand","embeddable":true,"href":"https:\/\/goldentrail.az\/az\/wp-json\/wp\/v2\/product_brand?post=3922"},{"taxonomy":"product_cat","embeddable":true,"href":"https:\/\/goldentrail.az\/az\/wp-json\/wp\/v2\/product_cat?post=3922"},{"taxonomy":"product_tag","embeddable":true,"href":"https:\/\/goldentrail.az\/az\/wp-json\/wp\/v2\/product_tag?post=3922"}],"curies":[{"name":"wp","href":"https:\/\/api.w.org\/{rel}","templated":true}]}}