{"id":3917,"date":"2026-03-17T21:12:04","date_gmt":"2026-03-17T17:12:04","guid":{"rendered":"https:\/\/goldentrail.az\/?post_type=product&#038;p=3917"},"modified":"2026-03-17T21:12:04","modified_gmt":"2026-03-17T17:12:04","slug":"mdt-x-ray-hygienic-washable-covers-for-thyroid-protectors","status":"publish","type":"product","link":"https:\/\/goldentrail.az\/az\/product\/mdt-x-ray-hygienic-washable-covers-for-thyroid-protectors\/","title":{"rendered":"MDT Rentgen qalxanab\u0259nz\u0259r v\u0259zi qoruyucular\u0131 \u00fc\u00e7\u00fcn yuyula bil\u0259n gigiyenik \u00fczl\u00fckl\u0259r"},"content":{"rendered":"<h3 data-path-to-node=\"6\"><b data-path-to-node=\"6\" data-index-in-node=\"0\">MDT yuyula bil\u0259n \u00fczl\u00fckl\u0259ri il\u0259 gigiyena v\u0259 rahatl\u0131\u011f\u0131 art\u0131r\u0131n<\/b><\/h3>\n<p data-path-to-node=\"7\">Radiasiyadan qorunma vasit\u0259l\u0259rinizi MDT yuyula bil\u0259n \u00fczl\u00fckl\u0259ri il\u0259 t\u0259miz, t\u0259rav\u0259tli v\u0259 f\u0259rdi saxlay\u0131n <b data-path-to-node=\"7\" data-index-in-node=\"76\">MDT Rentgen yuyula bil\u0259n \u00fczl\u00fckl\u0259ri<\/b>Qalxanab\u0259nz\u0259r v\u0259zi qoruyucular\u0131 \u00fc\u00e7\u00fcn x\u00fcsusi olaraq haz\u0131rlanm\u0131\u015f (TS seriyas\u0131 v\u0259 dig\u0259rl\u0259ri il\u0259 uy\u011fun g\u0259l\u0259n) bu \u00fczl\u00fckl\u0259r, qoruyucu vasit\u0259 il\u0259 d\u0259ri aras\u0131nda m\u00fch\u00fcm gigiyenik baryer yarad\u0131r.<\/p>\n<p data-path-to-node=\"8\">Y\u00fcks\u0259k keyfiyy\u0259tli, d\u0259ri dostu par\u00e7alardan haz\u0131rlanm\u0131\u015f bu \u00fczl\u00fckl\u0259r, formalar\u0131n\u0131 v\u0259 canl\u0131 r\u0259ngl\u0259rini itirm\u0259d\u0259n tez-tez yuyulmaya v\u0259 dezinfeksiyaya davam g\u0259tirm\u0259k \u00fc\u00e7\u00fcn n\u0259z\u0259rd\u0259 tutulmu\u015fdur.<\/p>\n<p data-path-to-node=\"9\"><b data-path-to-node=\"9\" data-index-in-node=\"0\">\u018fsas x\u00fcsusiyy\u0259tl\u0259r:<\/b><\/p>\n<ul data-path-to-node=\"10\">\n<li>\n<p data-path-to-node=\"10,0,0\"><b data-path-to-node=\"10,0,0\" data-index-in-node=\"0\">Maksimum gigiyena:<\/b> Asanl\u0131qla \u00e7\u0131xar\u0131la bil\u0259n v\u0259 ma\u015f\u0131nda yuyula bil\u0259n bu \u00fczl\u00fckl\u0259r, steril v\u0259 pe\u015f\u0259kar m\u00fchiti t\u0259min edir.<\/p>\n<\/li>\n<li>\n<p data-path-to-node=\"10,1,0\"><b data-path-to-node=\"10,1,0\" data-index-in-node=\"0\">\u00dcst\u00fcn rahatl\u0131q:<\/b> Yum\u015faq, n\u0259f\u0259s alan material uzunm\u00fcdd\u0259tli tibbi prosedurlar zaman\u0131 d\u0259rinin q\u0131c\u0131qlanmas\u0131n\u0131n qar\u015f\u0131s\u0131n\u0131 al\u0131r.<\/p>\n<\/li>\n<li>\n<p data-path-to-node=\"10,2,0\"><b data-path-to-node=\"10,2,0\" data-index-in-node=\"0\">Rahat istifad\u0259:<\/b> M\u00fck\u0259mm\u0259l uy\u011funluq \u00fc\u00e7\u00fcn n\u0259z\u0259rd\u0259 tutulmu\u015fdur ki, bu da \u00fczl\u00fckl\u0259ri bir ne\u00e7\u0259 saniy\u0259 \u0259rzind\u0259 d\u0259yi\u015fm\u0259y\u0259 imkan verir.<\/p>\n<\/li>\n<li>\n<p data-path-to-node=\"10,3,0\"><b data-path-to-node=\"10,3,0\" data-index-in-node=\"0\">Qorunma m\u00fcdd\u0259tinin uzad\u0131lmas\u0131:<\/b> Qalxanab\u0259nz\u0259r v\u0259zi qoruyucusunu t\u0259r, ya\u011f v\u0259 makiyajdan qoruyaraq avadanl\u0131\u011f\u0131n\u0131z\u0131n istifad\u0259 m\u00fcdd\u0259tini uzad\u0131r.<\/p>\n<\/li>\n<\/ul>\n<h3 data-path-to-node=\"11\"><b data-path-to-node=\"11\" data-index-in-node=\"0\">Sonsuz \u00fcslub se\u00e7iml\u0259ri<\/b><\/h3>\n<p data-path-to-node=\"12\">Sizin f\u0259rdiliyinizi \u0259ks etdirir v\u0259 ya klinikan\u0131z\u0131n brendin\u0259 uy\u011fun g\u0259lir! Bu \u00fczl\u00fckl\u0259r a\u015fa\u011f\u0131dak\u0131 \u00e7e\u015fidl\u0259rd\u0259 m\u00f6vcuddur: <b data-path-to-node=\"12\" data-index-in-node=\"90\">geni\u015f r\u0259ng v\u0259 nax\u0131\u015f \u00e7e\u015fidind\u0259.<\/b>.<\/p>\n<ul data-path-to-node=\"13\">\n<li>\n<p data-path-to-node=\"13,0,0\"><b data-path-to-node=\"13,0,0\" data-index-in-node=\"0\">Klassik t\u0259k r\u0259ngl\u0259r:<\/b> Pe\u015f\u0259kar t\u00fcnd g\u00f6y, t\u00fcnd q\u0131rm\u0131z\u0131, kral mavisi v\u0259 dig\u0259rl\u0259ri.<\/p>\n<\/li>\n<li>\n<p data-path-to-node=\"13,1,0\"><b data-path-to-node=\"13,1,0\" data-index-in-node=\"0\">Maraql\u0131 v\u0259 yarad\u0131c\u0131 nax\u0131\u015flar:<\/b> L\u00f6vb\u0259rl\u0259r, heyvanlar, g\u00fcl nax\u0131\u015flar\u0131 v\u0259 h\u0259nd\u0259si fiqurlar daxil olmaqla geni\u015f nax\u0131\u015f se\u00e7imind\u0259n birini se\u00e7in.<\/p>\n<\/li>\n<li>\n<p data-path-to-node=\"13,2,0\"><b data-path-to-node=\"13,2,0\" data-index-in-node=\"0\">F\u0259rdi se\u00e7im:<\/b> Onlar a\u015fa\u011f\u0131dak\u0131 formada sifari\u015f edil\u0259 bil\u0259r: <b data-path-to-node=\"13,2,0\" data-index-in-node=\"41\">ist\u0259nil\u0259n r\u0259ngd\u0259 v\u0259 ya nax\u0131\u015fda.<\/b> sizin \u015f\u0259xsi z\u00f6vq\u00fcn\u00fcz\u0259 uy\u011fun olaraq.<\/p>\n<\/li>\n<\/ul>\n<blockquote data-path-to-node=\"14\">\n<p data-path-to-node=\"14,0\"><b data-path-to-node=\"14,0\" data-index-in-node=\"0\">Note:<\/b> Bu m\u0259hsula yaln\u0131z tekstil \u00fczl\u00fck daxildir. Qalxanab\u0259nz\u0259r v\u0259zi qoruyucular\u0131 ayr\u0131ca sat\u0131l\u0131r<\/p>\n<\/blockquote>","protected":false},"excerpt":{"rendered":"<p>Enhance Hygiene and Comfort with MDT Washable Covers Keep your radiation protection gear clean, fresh, and personalized with the MDT X-ray Washable Covers. Specifically designed for thyroid protectors (compatible with the TS series and others), these covers provide an essential hygienic barrier between the protective equipment and the skin. Made from high-quality, skin-friendly fabrics, these [&hellip;]<\/p>\n","protected":false},"featured_media":3918,"comment_status":"open","ping_status":"closed","template":"","meta":{"site-sidebar-layout":"default","site-content-layout":"","ast-site-content-layout":"default","site-content-style":"default","site-sidebar-style":"default","ast-global-header-display":"","ast-banner-title-visibility":"","ast-main-header-display":"","ast-hfb-above-header-display":"","ast-hfb-below-header-display":"","ast-hfb-mobile-header-display":"","site-post-title":"","ast-breadcrumbs-content":"","ast-featured-img":"","footer-sml-layout":"","ast-disable-related-posts":"","theme-transparent-header-meta":"default","adv-header-id-meta":"","stick-header-meta":"","header-above-stick-meta":"","header-main-stick-meta":"","header-below-stick-meta":"","astra-migrate-meta-layouts":"set","ast-page-background-enabled":"default","ast-page-background-meta":{"desktop":{"background-color":"","background-image":"","background-repeat":"repeat","background-position":"center center","background-size":"auto","background-attachment":"scroll","background-type":"","background-media":"","overlay-type":"","overlay-color":"","overlay-opacity":"","overlay-gradient":""},"tablet":{"background-color":"","background-image":"","background-repeat":"repeat","background-position":"center center","background-size":"auto","background-attachment":"scroll","background-type":"","background-media":"","overlay-type":"","overlay-color":"","overlay-opacity":"","overlay-gradient":""},"mobile":{"background-color":"","background-image":"","background-repeat":"repeat","background-position":"center center","background-size":"auto","background-attachment":"scroll","background-type":"","background-media":"","overlay-type":"","overlay-color":"","overlay-opacity":"","overlay-gradient":""}},"ast-content-background-meta":{"desktop":{"background-color":"var(--ast-global-color-5)","background-image":"","background-repeat":"repeat","background-position":"center center","background-size":"auto","background-attachment":"scroll","background-type":"","background-media":"","overlay-type":"","overlay-color":"","overlay-opacity":"","overlay-gradient":""},"tablet":{"background-color":"var(--ast-global-color-5)","background-image":"","background-repeat":"repeat","background-position":"center center","background-size":"auto","background-attachment":"scroll","background-type":"","background-media":"","overlay-type":"","overlay-color":"","overlay-opacity":"","overlay-gradient":""},"mobile":{"background-color":"var(--ast-global-color-5)","background-image":"","background-repeat":"repeat","background-position":"center center","background-size":"auto","background-attachment":"scroll","background-type":"","background-media":"","overlay-type":"","overlay-color":"","overlay-opacity":"","overlay-gradient":""}}},"product_brand":[],"product_cat":[78,75],"product_tag":[],"class_list":{"0":"post-3917","1":"product","2":"type-product","3":"status-publish","4":"has-post-thumbnail","6":"product_cat-thyroid-shield","7":"product_cat-x-ray-protective-products","8":"desktop-align-center","9":"tablet-align-center","10":"mobile-align-center","12":"first","13":"instock","14":"shipping-taxable","15":"purchasable","16":"product-type-simple"},"_links":{"self":[{"href":"https:\/\/goldentrail.az\/az\/wp-json\/wp\/v2\/product\/3917","targetHints":{"allow":["GET"]}}],"collection":[{"href":"https:\/\/goldentrail.az\/az\/wp-json\/wp\/v2\/product"}],"about":[{"href":"https:\/\/goldentrail.az\/az\/wp-json\/wp\/v2\/types\/product"}],"replies":[{"embeddable":true,"href":"https:\/\/goldentrail.az\/az\/wp-json\/wp\/v2\/comments?post=3917"}],"wp:featuredmedia":[{"embeddable":true,"href":"https:\/\/goldentrail.az\/az\/wp-json\/wp\/v2\/media\/3918"}],"wp:attachment":[{"href":"https:\/\/goldentrail.az\/az\/wp-json\/wp\/v2\/media?parent=3917"}],"wp:term":[{"taxonomy":"product_brand","embeddable":true,"href":"https:\/\/goldentrail.az\/az\/wp-json\/wp\/v2\/product_brand?post=3917"},{"taxonomy":"product_cat","embeddable":true,"href":"https:\/\/goldentrail.az\/az\/wp-json\/wp\/v2\/product_cat?post=3917"},{"taxonomy":"product_tag","embeddable":true,"href":"https:\/\/goldentrail.az\/az\/wp-json\/wp\/v2\/product_tag?post=3917"}],"curies":[{"name":"wp","href":"https:\/\/api.w.org\/{rel}","templated":true}]}}