{"id":3899,"date":"2026-03-17T20:40:33","date_gmt":"2026-03-17T16:40:33","guid":{"rendered":"https:\/\/goldentrail.az\/?post_type=product&#038;p=3899"},"modified":"2026-03-19T12:35:19","modified_gmt":"2026-03-19T08:35:19","slug":"mdt-x-ray-protective-eyewear-cross-series-side-shield-protection","status":"publish","type":"product","link":"https:\/\/goldentrail.az\/az\/product\/mdt-x-ray-protective-eyewear-cross-series-side-shield-protection\/","title":{"rendered":"MDT Rentgen qoruyucu eyn\u0259kl\u0259ri \u2013 Cross seriyas\u0131 (Yan t\u0259r\u0259f qorumal\u0131)"},"content":{"rendered":"<ul data-path-to-node=\"13\">\n<li>\n<p data-path-to-node=\"13,1,0\">M\u0259hsul <b data-path-to-node=\"13,1,0\" data-index-in-node=\"17\">Cross seriyas\u0131 (S-Cross v\u0259 R-Cross)<\/b> \u00c7oxsayl\u0131 bucaqlardan g\u0259l\u0259n s\u0259p\u0259l\u0259nmi\u015f radiasiya riskinin oldu\u011fu m\u00fchitl\u0259r \u00fc\u00e7\u00fcn ideal se\u00e7imdir. Bu eyn\u0259kl\u0259r g\u00fccl\u0259ndirilmi\u015f yan qoruma \u00fc\u00e7\u00fcn inteqrasiya olunmu\u015f yan sip\u0259rl\u0259rl\u0259 t\u0259chiz edilmi\u015fdir.<\/p>\n<ul data-path-to-node=\"13,1,1\">\n<li>\n<p data-path-to-node=\"13,1,1,0,0\"><b data-path-to-node=\"13,1,1,0,0\" data-index-in-node=\"0\">Dizayn:<\/b> Daxili yan sip\u0259rl\u0259ri olan klassik b\u00fcr\u00fcy\u0259n (wrap-around) \u00e7\u0259r\u00e7iv\u0259.<\/p>\n<\/li>\n<li>\n<p data-path-to-node=\"13,1,1,1,0\"><b data-path-to-node=\"13,1,1,1,0\" data-index-in-node=\"0\">T\u0259hl\u00fck\u0259sizlik:<\/b> H\u0259r\u0259k\u0259t zaman\u0131 eyn\u0259kl\u0259rin etibarl\u0131 \u015f\u0259kild\u0259 sabit qalmas\u0131n\u0131 t\u0259min etm\u0259k \u00fc\u00e7\u00fcn t\u0259nziml\u0259n\u0259n ba\u015f qay\u0131\u015f\u0131\/ipi il\u0259 t\u0259chiz edilmi\u015fdir.<\/p>\n<\/li>\n<li>\n<p data-path-to-node=\"13,1,1,2,0\"><b data-path-to-node=\"13,1,1,2,0\" data-index-in-node=\"0\">Qorunma:<\/b> Tam frontal v\u0259 yan radiasiya z\u0259ifl\u0259dilm\u0259si (Pb 0.75 mm).<\/p>\n<\/li>\n<li>\n<p data-path-to-node=\"13,1,1,3,0\"><b data-path-to-node=\"13,1,1,3,0\" data-index-in-node=\"0\">Davaml\u0131l\u0131q:<\/b> G\u00fcnd\u0259lik klinik istifad\u0259 \u00fc\u00e7\u00fcn n\u0259z\u0259rd\u0259 tutulmu\u015f z\u0259rb\u0259y\u0259 davaml\u0131 \u00e7\u0259r\u00e7iv\u0259l\u0259r.<\/p>\n<\/li>\n<\/ul>\n<\/li>\n<\/ul>","protected":false},"excerpt":{"rendered":"<p>The Cross Series (S-Cross &amp; R-Cross) is the ideal choice for environments where radiation scatter is a concern from multiple angles. These glasses feature integrated side shields for enhanced lateral safety. Design: Classic wrap-around frame with built-in side protection. Security: Comes with an adjustable head strap\/cord to ensure the glasses stay secure during movement. Protection: [&hellip;]<\/p>\n","protected":false},"featured_media":3900,"comment_status":"open","ping_status":"closed","template":"","meta":{"site-sidebar-layout":"default","site-content-layout":"","ast-site-content-layout":"default","site-content-style":"default","site-sidebar-style":"default","ast-global-header-display":"","ast-banner-title-visibility":"","ast-main-header-display":"","ast-hfb-above-header-display":"","ast-hfb-below-header-display":"","ast-hfb-mobile-header-display":"","site-post-title":"","ast-breadcrumbs-content":"","ast-featured-img":"","footer-sml-layout":"","ast-disable-related-posts":"","theme-transparent-header-meta":"default","adv-header-id-meta":"","stick-header-meta":"","header-above-stick-meta":"","header-main-stick-meta":"","header-below-stick-meta":"","astra-migrate-meta-layouts":"set","ast-page-background-enabled":"default","ast-page-background-meta":{"desktop":{"background-color":"","background-image":"","background-repeat":"repeat","background-position":"center center","background-size":"auto","background-attachment":"scroll","background-type":"","background-media":"","overlay-type":"","overlay-color":"","overlay-opacity":"","overlay-gradient":""},"tablet":{"background-color":"","background-image":"","background-repeat":"repeat","background-position":"center center","background-size":"auto","background-attachment":"scroll","background-type":"","background-media":"","overlay-type":"","overlay-color":"","overlay-opacity":"","overlay-gradient":""},"mobile":{"background-color":"","background-image":"","background-repeat":"repeat","background-position":"center center","background-size":"auto","background-attachment":"scroll","background-type":"","background-media":"","overlay-type":"","overlay-color":"","overlay-opacity":"","overlay-gradient":""}},"ast-content-background-meta":{"desktop":{"background-color":"var(--ast-global-color-5)","background-image":"","background-repeat":"repeat","background-position":"center center","background-size":"auto","background-attachment":"scroll","background-type":"","background-media":"","overlay-type":"","overlay-color":"","overlay-opacity":"","overlay-gradient":""},"tablet":{"background-color":"var(--ast-global-color-5)","background-image":"","background-repeat":"repeat","background-position":"center center","background-size":"auto","background-attachment":"scroll","background-type":"","background-media":"","overlay-type":"","overlay-color":"","overlay-opacity":"","overlay-gradient":""},"mobile":{"background-color":"var(--ast-global-color-5)","background-image":"","background-repeat":"repeat","background-position":"center center","background-size":"auto","background-attachment":"scroll","background-type":"","background-media":"","overlay-type":"","overlay-color":"","overlay-opacity":"","overlay-gradient":""}}},"product_brand":[],"product_cat":[79,75],"product_tag":[],"class_list":{"0":"post-3899","1":"product","2":"type-product","3":"status-publish","4":"has-post-thumbnail","6":"product_cat-eyewear","7":"product_cat-x-ray-protective-products","8":"desktop-align-center","9":"tablet-align-center","10":"mobile-align-center","12":"first","13":"instock","14":"featured","15":"shipping-taxable","16":"purchasable","17":"product-type-simple"},"_links":{"self":[{"href":"https:\/\/goldentrail.az\/az\/wp-json\/wp\/v2\/product\/3899","targetHints":{"allow":["GET"]}}],"collection":[{"href":"https:\/\/goldentrail.az\/az\/wp-json\/wp\/v2\/product"}],"about":[{"href":"https:\/\/goldentrail.az\/az\/wp-json\/wp\/v2\/types\/product"}],"replies":[{"embeddable":true,"href":"https:\/\/goldentrail.az\/az\/wp-json\/wp\/v2\/comments?post=3899"}],"wp:featuredmedia":[{"embeddable":true,"href":"https:\/\/goldentrail.az\/az\/wp-json\/wp\/v2\/media\/3900"}],"wp:attachment":[{"href":"https:\/\/goldentrail.az\/az\/wp-json\/wp\/v2\/media?parent=3899"}],"wp:term":[{"taxonomy":"product_brand","embeddable":true,"href":"https:\/\/goldentrail.az\/az\/wp-json\/wp\/v2\/product_brand?post=3899"},{"taxonomy":"product_cat","embeddable":true,"href":"https:\/\/goldentrail.az\/az\/wp-json\/wp\/v2\/product_cat?post=3899"},{"taxonomy":"product_tag","embeddable":true,"href":"https:\/\/goldentrail.az\/az\/wp-json\/wp\/v2\/product_tag?post=3899"}],"curies":[{"name":"wp","href":"https:\/\/api.w.org\/{rel}","templated":true}]}}