{"id":3897,"date":"2026-03-17T20:39:14","date_gmt":"2026-03-17T16:39:14","guid":{"rendered":"https:\/\/goldentrail.az\/?post_type=product&#038;p=3897"},"modified":"2026-03-17T20:39:15","modified_gmt":"2026-03-17T16:39:15","slug":"mdt-x-ray-protective-eyewear-focus-panoramic-view","status":"publish","type":"product","link":"https:\/\/goldentrail.az\/az\/product\/mdt-x-ray-protective-eyewear-focus-panoramic-view\/","title":{"rendered":"MDT Rentgen qoruyucu eyn\u0259kl\u0259ri \u2013 Focus (Panoramik g\u00f6r\u00fcn\u00fc\u015f)"},"content":{"rendered":"<ul data-path-to-node=\"10\">\n<li>\n<p data-path-to-node=\"10,1,0\">M\u0259hsul <b data-path-to-node=\"10,1,0\" data-index-in-node=\"17\">Focus<\/b> modeli, geni\u015f g\u00f6rm\u0259 sah\u0259sin\u0259 \u00fcst\u00fcnl\u00fck ver\u0259n m\u00fct\u0259x\u0259ssisl\u0259r \u00fc\u00e7\u00fcn haz\u0131rlanm\u0131\u015fd\u0131r. B\u00f6y\u00fck linza arxitekturas\u0131 say\u0259sind\u0259 m\u00fcr\u0259kk\u0259b tap\u015f\u0131r\u0131qlar zaman\u0131 periferik g\u00f6rm\u0259 qabiliyy\u0259tiniz mane\u0259siz qal\u0131r.<\/p>\n<ul data-path-to-node=\"10,1,1\">\n<li>\n<p data-path-to-node=\"10,1,1,0,0\"><b data-path-to-node=\"10,1,1,0,0\" data-index-in-node=\"0\">\u018fsas x\u00fcsusiyy\u0259t:<\/b> \u00dcst\u00fcn m\u0259kan qavray\u0131\u015f\u0131 \u00fc\u00e7\u00fcn geni\u015f \u201cPanoramik\u201d linzalar.<\/p>\n<\/li>\n<li>\n<p data-path-to-node=\"10,1,1,1,0\"><b data-path-to-node=\"10,1,1,1,0\" data-index-in-node=\"0\">Universal imkanlar:<\/b> M\u00fcxt\u0259lif \u00fcz formalar\u0131na uy\u011fun g\u0259l\u0259n davaml\u0131 \u00e7\u0259r\u00e7iv\u0259 dizayn\u0131.<\/p>\n<\/li>\n<li>\n<p data-path-to-node=\"10,1,1,2,0\"><b data-path-to-node=\"10,1,1,2,0\" data-index-in-node=\"0\">Linzalar:<\/b> 0.75 mm Pb qorumas\u0131n\u0131 t\u0259min ed\u0259n d\u0259qiq cilalanm\u0131\u015f qur\u011fu\u015funlu \u015f\u00fc\u015f\u0259.<\/p>\n<\/li>\n<li>\n<p data-path-to-node=\"10,1,1,3,0\"><b data-path-to-node=\"10,1,1,3,0\" data-index-in-node=\"0\">Keyfiyy\u0259t:<\/b> C\u0131z\u0131lmaya davaml\u0131 \u00f6rt\u00fck v\u0259 y\u00fcks\u0259k \u015f\u0259ffafl\u0131ql\u0131 optika.<\/p>\n<\/li>\n<\/ul>\n<\/li>\n<\/ul>","protected":false},"excerpt":{"rendered":"<p>The Focus model is engineered for specialists who prioritize a massive field of vision. Its large lens architecture ensures that your peripheral vision remains unobstructed during complex tasks. Key Feature: Large &#8220;Panoramic&#8221; lenses for superior spatial awareness. Versatility: Robust frame design that fits a wide variety of facial shapes. Lenses: Precision-ground lead glass providing 0.75mm [&hellip;]<\/p>\n","protected":false},"featured_media":3898,"comment_status":"open","ping_status":"closed","template":"","meta":{"site-sidebar-layout":"default","site-content-layout":"","ast-site-content-layout":"default","site-content-style":"default","site-sidebar-style":"default","ast-global-header-display":"","ast-banner-title-visibility":"","ast-main-header-display":"","ast-hfb-above-header-display":"","ast-hfb-below-header-display":"","ast-hfb-mobile-header-display":"","site-post-title":"","ast-breadcrumbs-content":"","ast-featured-img":"","footer-sml-layout":"","ast-disable-related-posts":"","theme-transparent-header-meta":"default","adv-header-id-meta":"","stick-header-meta":"","header-above-stick-meta":"","header-main-stick-meta":"","header-below-stick-meta":"","astra-migrate-meta-layouts":"set","ast-page-background-enabled":"default","ast-page-background-meta":{"desktop":{"background-color":"","background-image":"","background-repeat":"repeat","background-position":"center center","background-size":"auto","background-attachment":"scroll","background-type":"","background-media":"","overlay-type":"","overlay-color":"","overlay-opacity":"","overlay-gradient":""},"tablet":{"background-color":"","background-image":"","background-repeat":"repeat","background-position":"center center","background-size":"auto","background-attachment":"scroll","background-type":"","background-media":"","overlay-type":"","overlay-color":"","overlay-opacity":"","overlay-gradient":""},"mobile":{"background-color":"","background-image":"","background-repeat":"repeat","background-position":"center center","background-size":"auto","background-attachment":"scroll","background-type":"","background-media":"","overlay-type":"","overlay-color":"","overlay-opacity":"","overlay-gradient":""}},"ast-content-background-meta":{"desktop":{"background-color":"var(--ast-global-color-5)","background-image":"","background-repeat":"repeat","background-position":"center center","background-size":"auto","background-attachment":"scroll","background-type":"","background-media":"","overlay-type":"","overlay-color":"","overlay-opacity":"","overlay-gradient":""},"tablet":{"background-color":"var(--ast-global-color-5)","background-image":"","background-repeat":"repeat","background-position":"center center","background-size":"auto","background-attachment":"scroll","background-type":"","background-media":"","overlay-type":"","overlay-color":"","overlay-opacity":"","overlay-gradient":""},"mobile":{"background-color":"var(--ast-global-color-5)","background-image":"","background-repeat":"repeat","background-position":"center center","background-size":"auto","background-attachment":"scroll","background-type":"","background-media":"","overlay-type":"","overlay-color":"","overlay-opacity":"","overlay-gradient":""}}},"product_brand":[],"product_cat":[79,75],"product_tag":[],"class_list":{"0":"post-3897","1":"product","2":"type-product","3":"status-publish","4":"has-post-thumbnail","6":"product_cat-eyewear","7":"product_cat-x-ray-protective-products","8":"desktop-align-center","9":"tablet-align-center","10":"mobile-align-center","12":"first","13":"instock","14":"shipping-taxable","15":"purchasable","16":"product-type-simple"},"_links":{"self":[{"href":"https:\/\/goldentrail.az\/az\/wp-json\/wp\/v2\/product\/3897","targetHints":{"allow":["GET"]}}],"collection":[{"href":"https:\/\/goldentrail.az\/az\/wp-json\/wp\/v2\/product"}],"about":[{"href":"https:\/\/goldentrail.az\/az\/wp-json\/wp\/v2\/types\/product"}],"replies":[{"embeddable":true,"href":"https:\/\/goldentrail.az\/az\/wp-json\/wp\/v2\/comments?post=3897"}],"wp:featuredmedia":[{"embeddable":true,"href":"https:\/\/goldentrail.az\/az\/wp-json\/wp\/v2\/media\/3898"}],"wp:attachment":[{"href":"https:\/\/goldentrail.az\/az\/wp-json\/wp\/v2\/media?parent=3897"}],"wp:term":[{"taxonomy":"product_brand","embeddable":true,"href":"https:\/\/goldentrail.az\/az\/wp-json\/wp\/v2\/product_brand?post=3897"},{"taxonomy":"product_cat","embeddable":true,"href":"https:\/\/goldentrail.az\/az\/wp-json\/wp\/v2\/product_cat?post=3897"},{"taxonomy":"product_tag","embeddable":true,"href":"https:\/\/goldentrail.az\/az\/wp-json\/wp\/v2\/product_tag?post=3897"}],"curies":[{"name":"wp","href":"https:\/\/api.w.org\/{rel}","templated":true}]}}