{"id":3894,"date":"2026-03-17T20:37:52","date_gmt":"2026-03-17T16:37:52","guid":{"rendered":"https:\/\/goldentrail.az\/?post_type=product&#038;p=3894"},"modified":"2026-03-17T20:37:52","modified_gmt":"2026-03-17T16:37:52","slug":"mdt-x-ray-protective-eyewear-nike-professional-edition","status":"publish","type":"product","link":"https:\/\/goldentrail.az\/az\/product\/mdt-x-ray-protective-eyewear-nike-professional-edition\/","title":{"rendered":"MDT Rentgen qoruyucu eyn\u0259kl\u0259ri \u2013 Nike Professional Edition"},"content":{"rendered":"<p data-path-to-node=\"7,1,0\">\u0130dman performans\u0131 v\u0259 radiasiya t\u0259hl\u00fck\u0259sizliyinin \u0259m\u0259kda\u015fl\u0131\u011f\u0131. <b data-path-to-node=\"7,1,0\" data-index-in-node=\"84\">Nike Professional<\/b> seriyas\u0131 MDT-nin d\u00fcnya lideri olan rentgen qoruyucu linzalar\u0131 il\u0259 inteqrasiya edilmi\u015f ikonik Nike \u00e7\u0259r\u00e7iv\u0259 dizayn\u0131na malikdir.<\/p>\n<ul data-path-to-node=\"7,1,1\">\n<li>\n<p data-path-to-node=\"7,1,1,0,0\"><b data-path-to-node=\"7,1,1,0,0\" data-index-in-node=\"0\">\u00dcslub:<\/b> M\u00f6vcud olan z\u0259rif, idman dizayn\u0131: <b data-path-to-node=\"7,1,1,0,0\" data-index-in-node=\"43\">Mavi<\/b> v\u0259 ya <b data-path-to-node=\"7,1,1,0,0\" data-index-in-node=\"51\">G\u00fcm\u00fc\u015f\u00fc<\/b> vurgular\u0131.<\/p>\n<\/li>\n<li>\n<p data-path-to-node=\"7,1,1,1,0\"><b data-path-to-node=\"7,1,1,1,0\" data-index-in-node=\"0\">Rahatl\u0131q:<\/b> Dumanlanman\u0131n v\u0259 s\u00fcr\u00fc\u015fm\u0259nin qar\u015f\u0131s\u0131n\u0131 alan ventilyasiyal\u0131 burunalt\u0131 k\u00f6rp\u00fc v\u0259 etibarl\u0131 oturu\u015f t\u0259min ed\u0259n qulplar.<\/p>\n<\/li>\n<li>\n<p data-path-to-node=\"7,1,1,2,0\"><b data-path-to-node=\"7,1,1,2,0\" data-index-in-node=\"0\">Qorunma:<\/b> Sertifikatla\u015fd\u0131r\u0131lm\u0131\u015f Schott SF-6 qur\u011fu\u015funlu \u015f\u00fc\u015f\u0259 linzalar (Pb 0.75 mm).<\/p>\n<\/li>\n<li>\n<p data-path-to-node=\"7,1,1,3,0\"><b data-path-to-node=\"7,1,1,3,0\" data-index-in-node=\"0\">M\u0259n\u015f\u0259:<\/b> Radiasiyadan qorunma sah\u0259sind\u0259 qlobal lider olan MDT X-ray t\u0259r\u0259find\u0259n istehsal edilmi\u015fdir.<\/p>\n<\/li>\n<\/ul>","protected":false},"excerpt":{"rendered":"<p>A collaboration between athletic performance and radiation safety. The Nike Professional series features the iconic Nike frame design integrated with MDT\u2019s world-leading X-ray protective lenses. Style: Sleek, athletic design available in Blue or Silver accents. Comfort: Ventilated nose bridge and secure-fit temples to prevent fogging and slipping. Protection: Certified Schott SF-6 lead glass lenses (Pb [&hellip;]<\/p>\n","protected":false},"featured_media":3895,"comment_status":"open","ping_status":"closed","template":"","meta":{"site-sidebar-layout":"default","site-content-layout":"","ast-site-content-layout":"default","site-content-style":"default","site-sidebar-style":"default","ast-global-header-display":"","ast-banner-title-visibility":"","ast-main-header-display":"","ast-hfb-above-header-display":"","ast-hfb-below-header-display":"","ast-hfb-mobile-header-display":"","site-post-title":"","ast-breadcrumbs-content":"","ast-featured-img":"","footer-sml-layout":"","ast-disable-related-posts":"","theme-transparent-header-meta":"default","adv-header-id-meta":"","stick-header-meta":"","header-above-stick-meta":"","header-main-stick-meta":"","header-below-stick-meta":"","astra-migrate-meta-layouts":"set","ast-page-background-enabled":"default","ast-page-background-meta":{"desktop":{"background-color":"","background-image":"","background-repeat":"repeat","background-position":"center center","background-size":"auto","background-attachment":"scroll","background-type":"","background-media":"","overlay-type":"","overlay-color":"","overlay-opacity":"","overlay-gradient":""},"tablet":{"background-color":"","background-image":"","background-repeat":"repeat","background-position":"center center","background-size":"auto","background-attachment":"scroll","background-type":"","background-media":"","overlay-type":"","overlay-color":"","overlay-opacity":"","overlay-gradient":""},"mobile":{"background-color":"","background-image":"","background-repeat":"repeat","background-position":"center center","background-size":"auto","background-attachment":"scroll","background-type":"","background-media":"","overlay-type":"","overlay-color":"","overlay-opacity":"","overlay-gradient":""}},"ast-content-background-meta":{"desktop":{"background-color":"var(--ast-global-color-5)","background-image":"","background-repeat":"repeat","background-position":"center center","background-size":"auto","background-attachment":"scroll","background-type":"","background-media":"","overlay-type":"","overlay-color":"","overlay-opacity":"","overlay-gradient":""},"tablet":{"background-color":"var(--ast-global-color-5)","background-image":"","background-repeat":"repeat","background-position":"center center","background-size":"auto","background-attachment":"scroll","background-type":"","background-media":"","overlay-type":"","overlay-color":"","overlay-opacity":"","overlay-gradient":""},"mobile":{"background-color":"var(--ast-global-color-5)","background-image":"","background-repeat":"repeat","background-position":"center center","background-size":"auto","background-attachment":"scroll","background-type":"","background-media":"","overlay-type":"","overlay-color":"","overlay-opacity":"","overlay-gradient":""}}},"product_brand":[],"product_cat":[79,75],"product_tag":[],"class_list":{"0":"post-3894","1":"product","2":"type-product","3":"status-publish","4":"has-post-thumbnail","6":"product_cat-eyewear","7":"product_cat-x-ray-protective-products","8":"desktop-align-center","9":"tablet-align-center","10":"mobile-align-center","12":"first","13":"instock","14":"shipping-taxable","15":"purchasable","16":"product-type-simple"},"_links":{"self":[{"href":"https:\/\/goldentrail.az\/az\/wp-json\/wp\/v2\/product\/3894","targetHints":{"allow":["GET"]}}],"collection":[{"href":"https:\/\/goldentrail.az\/az\/wp-json\/wp\/v2\/product"}],"about":[{"href":"https:\/\/goldentrail.az\/az\/wp-json\/wp\/v2\/types\/product"}],"replies":[{"embeddable":true,"href":"https:\/\/goldentrail.az\/az\/wp-json\/wp\/v2\/comments?post=3894"}],"wp:featuredmedia":[{"embeddable":true,"href":"https:\/\/goldentrail.az\/az\/wp-json\/wp\/v2\/media\/3895"}],"wp:attachment":[{"href":"https:\/\/goldentrail.az\/az\/wp-json\/wp\/v2\/media?parent=3894"}],"wp:term":[{"taxonomy":"product_brand","embeddable":true,"href":"https:\/\/goldentrail.az\/az\/wp-json\/wp\/v2\/product_brand?post=3894"},{"taxonomy":"product_cat","embeddable":true,"href":"https:\/\/goldentrail.az\/az\/wp-json\/wp\/v2\/product_cat?post=3894"},{"taxonomy":"product_tag","embeddable":true,"href":"https:\/\/goldentrail.az\/az\/wp-json\/wp\/v2\/product_tag?post=3894"}],"curies":[{"name":"wp","href":"https:\/\/api.w.org\/{rel}","templated":true}]}}