{"id":3892,"date":"2026-03-17T20:36:02","date_gmt":"2026-03-17T16:36:02","guid":{"rendered":"https:\/\/goldentrail.az\/?post_type=product&#038;p=3892"},"modified":"2026-03-17T20:36:03","modified_gmt":"2026-03-17T16:36:03","slug":"mdt-x-ray-protective-eyewear-discovery-series","status":"publish","type":"product","link":"https:\/\/goldentrail.az\/az\/product\/mdt-x-ray-protective-eyewear-discovery-series\/","title":{"rendered":"MDT Rentgen qoruyucu eyn\u0259kl\u0259ri \u2013 Discovery seriyas\u0131"},"content":{"rendered":"<p data-path-to-node=\"4,1,0\">M\u0259hsul <b data-path-to-node=\"4,1,0\" data-index-in-node=\"17\">Discovery<\/b> modeli MDT \u00e7e\u015fidind\u0259 \u00fcslub v\u0259 qorunman\u0131n zirv\u0259sini t\u0259msil edir. \u0130dman \u00fcslubunda, b\u00fcr\u00fcy\u0259n (wrap-around) dizayna ehtiyac\u0131 olan tibbi m\u00fct\u0259x\u0259ssisl\u0259r \u00fc\u00e7\u00fcn n\u0259z\u0259rd\u0259 tutulmu\u015f bu eyn\u0259kl\u0259r, rahatl\u0131qdan \u00f6d\u00fcn verm\u0259d\u0259n maksimum yan qoruma t\u0259min edir.<\/p>\n<ul data-path-to-node=\"4,1,1\">\n<li>\n<p data-path-to-node=\"4,1,1,0,0\"><b data-path-to-node=\"4,1,1,0,0\" data-index-in-node=\"0\">Linza:<\/b> Y\u00fcks\u0259k keyfiyy\u0259tli radiasiya azald\u0131c\u0131 \u015f\u00fc\u015f\u0259 (Pb 0.75 mm).<\/p>\n<\/li>\n<li>\n<p data-path-to-node=\"4,1,1,1,0\"><b data-path-to-node=\"4,1,1,1,0\" data-index-in-node=\"0\">\u00c7\u0259r\u00e7iv\u0259<\/b> S\u00fcr\u00fc\u015fm\u0259y\u0259n detallara malik y\u00fcng\u00fcl, erqonomik idman \u00e7\u0259r\u00e7iv\u0259si.<\/p>\n<\/li>\n<li>\n<p data-path-to-node=\"4,1,1,2,0\"><b data-path-to-node=\"4,1,1,2,0\" data-index-in-node=\"0\">\u018fn yax\u015f\u0131 se\u00e7imdir<\/b> Sabitliyin v\u0259 geni\u015f bax\u0131\u015f buca\u011f\u0131n\u0131n vacib oldu\u011fu uzunm\u00fcdd\u0259tli intervension prosedurlar \u00fc\u00e7\u00fcn.<\/p>\n<\/li>\n<li>\n<p data-path-to-node=\"4,1,1,3,0\"><b data-path-to-node=\"4,1,1,3,0\" data-index-in-node=\"0\">D\u0259st\u0259 daxildir:<\/b> Premium saxlama qab\u0131, t\u0259mizl\u0259yici sprey v\u0259 mikrofiber par\u00e7a.<\/p>\n<\/li>\n<\/ul>","protected":false},"excerpt":{"rendered":"<p>The Discovery model represents the pinnacle of style and protection in the MDT lineup. Designed for medical professionals who require a sporty, wrap-around fit, these glasses offer maximum lateral protection without compromising on comfort. Lens: High-quality radiation reducing glass (Pb 0.75mm). Frame: Lightweight, ergonomic sports frame with non-slip components. Best for: Long interventional procedures where [&hellip;]<\/p>\n","protected":false},"featured_media":3893,"comment_status":"open","ping_status":"closed","template":"","meta":{"site-sidebar-layout":"default","site-content-layout":"","ast-site-content-layout":"default","site-content-style":"default","site-sidebar-style":"default","ast-global-header-display":"","ast-banner-title-visibility":"","ast-main-header-display":"","ast-hfb-above-header-display":"","ast-hfb-below-header-display":"","ast-hfb-mobile-header-display":"","site-post-title":"","ast-breadcrumbs-content":"","ast-featured-img":"","footer-sml-layout":"","ast-disable-related-posts":"","theme-transparent-header-meta":"default","adv-header-id-meta":"","stick-header-meta":"","header-above-stick-meta":"","header-main-stick-meta":"","header-below-stick-meta":"","astra-migrate-meta-layouts":"set","ast-page-background-enabled":"default","ast-page-background-meta":{"desktop":{"background-color":"","background-image":"","background-repeat":"repeat","background-position":"center center","background-size":"auto","background-attachment":"scroll","background-type":"","background-media":"","overlay-type":"","overlay-color":"","overlay-opacity":"","overlay-gradient":""},"tablet":{"background-color":"","background-image":"","background-repeat":"repeat","background-position":"center center","background-size":"auto","background-attachment":"scroll","background-type":"","background-media":"","overlay-type":"","overlay-color":"","overlay-opacity":"","overlay-gradient":""},"mobile":{"background-color":"","background-image":"","background-repeat":"repeat","background-position":"center center","background-size":"auto","background-attachment":"scroll","background-type":"","background-media":"","overlay-type":"","overlay-color":"","overlay-opacity":"","overlay-gradient":""}},"ast-content-background-meta":{"desktop":{"background-color":"var(--ast-global-color-5)","background-image":"","background-repeat":"repeat","background-position":"center center","background-size":"auto","background-attachment":"scroll","background-type":"","background-media":"","overlay-type":"","overlay-color":"","overlay-opacity":"","overlay-gradient":""},"tablet":{"background-color":"var(--ast-global-color-5)","background-image":"","background-repeat":"repeat","background-position":"center center","background-size":"auto","background-attachment":"scroll","background-type":"","background-media":"","overlay-type":"","overlay-color":"","overlay-opacity":"","overlay-gradient":""},"mobile":{"background-color":"var(--ast-global-color-5)","background-image":"","background-repeat":"repeat","background-position":"center center","background-size":"auto","background-attachment":"scroll","background-type":"","background-media":"","overlay-type":"","overlay-color":"","overlay-opacity":"","overlay-gradient":""}}},"product_brand":[],"product_cat":[79,75],"product_tag":[],"class_list":{"0":"post-3892","1":"product","2":"type-product","3":"status-publish","4":"has-post-thumbnail","6":"product_cat-eyewear","7":"product_cat-x-ray-protective-products","8":"desktop-align-center","9":"tablet-align-center","10":"mobile-align-center","12":"first","13":"instock","14":"shipping-taxable","15":"purchasable","16":"product-type-simple"},"_links":{"self":[{"href":"https:\/\/goldentrail.az\/az\/wp-json\/wp\/v2\/product\/3892","targetHints":{"allow":["GET"]}}],"collection":[{"href":"https:\/\/goldentrail.az\/az\/wp-json\/wp\/v2\/product"}],"about":[{"href":"https:\/\/goldentrail.az\/az\/wp-json\/wp\/v2\/types\/product"}],"replies":[{"embeddable":true,"href":"https:\/\/goldentrail.az\/az\/wp-json\/wp\/v2\/comments?post=3892"}],"wp:featuredmedia":[{"embeddable":true,"href":"https:\/\/goldentrail.az\/az\/wp-json\/wp\/v2\/media\/3893"}],"wp:attachment":[{"href":"https:\/\/goldentrail.az\/az\/wp-json\/wp\/v2\/media?parent=3892"}],"wp:term":[{"taxonomy":"product_brand","embeddable":true,"href":"https:\/\/goldentrail.az\/az\/wp-json\/wp\/v2\/product_brand?post=3892"},{"taxonomy":"product_cat","embeddable":true,"href":"https:\/\/goldentrail.az\/az\/wp-json\/wp\/v2\/product_cat?post=3892"},{"taxonomy":"product_tag","embeddable":true,"href":"https:\/\/goldentrail.az\/az\/wp-json\/wp\/v2\/product_tag?post=3892"}],"curies":[{"name":"wp","href":"https:\/\/api.w.org\/{rel}","templated":true}]}}