{"id":3864,"date":"2026-03-12T20:50:04","date_gmt":"2026-03-12T16:50:04","guid":{"rendered":"https:\/\/goldentrail.az\/?post_type=product&#038;p=3864"},"modified":"2026-03-12T20:50:05","modified_gmt":"2026-03-12T16:50:05","slug":"rp-gloves-max-glf-35-size-7-kiran","status":"publish","type":"product","link":"https:\/\/goldentrail.az\/az\/product\/rp-gloves-max-glf-35-size-7-kiran\/","title":{"rendered":"RP \u018flc\u0259kl\u0259r \u2013 Max GLF 35 \u2013 \u00d6l\u00e7\u00fc 7 \u2013 Kiran"},"content":{"rendered":"<p data-start=\"45\" data-end=\"350\">M\u0259hsul <strong data-start=\"49\" data-end=\"79\">Kiran RP \u018flc\u0259kl\u0259r \u2013 Max GLF 35<\/strong> diaqnostik g\u00f6r\u00fcnt\u00fcl\u0259m\u0259 v\u0259 radiasiya il\u0259 ba\u011fl\u0131 prosedurlar zaman\u0131 \u0259ll\u0259rin etibarl\u0131 m\u00fchafiz\u0259sini t\u0259min etm\u0259k \u00fc\u00e7\u00fcn n\u0259z\u0259rd\u0259 tutulmu\u015fdur. Bu qoruyucu \u0259lc\u0259kl\u0259r s\u0259p\u0259l\u0259nmi\u015f radiasiyan\u0131n t\u0259sirini azaltma\u011fa k\u00f6m\u0259k edir, eyni zamanda tibb m\u00fct\u0259x\u0259ssisl\u0259rin\u0259 klinik prosedurlar zaman\u0131 h\u0259r\u0259k\u0259t d\u0259qiqliyini v\u0259 \u00e7evikliyi qoruma\u011fa imkan verir<\/p>\n<p data-start=\"352\" data-end=\"608\">\u018flc\u0259kl\u0259r radiasiyan\u0131n effektiv z\u0259ifl\u0259dilm\u0259si il\u0259 \u00e7evikliyi birl\u0259\u015fdir\u0259n x\u00fcsusi qoruyucu materialdan istehsal edilmi\u015fdir. Erqonomik dizayn\u0131 \u0259ll\u0259rin rahat h\u0259r\u0259k\u0259tin\u0259 imkan verir ki, bu da onlar\u0131 d\u0259qiqlik v\u0259 \u00e7eviklik t\u0259l\u0259b ed\u0259n prosedurlar \u00fc\u00e7\u00fcn tam uy\u011fun edir<\/p>\n<p data-start=\"610\" data-end=\"800\">Tibb m\u00fc\u0259ssis\u0259l\u0259rind\u0259 m\u00fcnt\u0259z\u0259m istifad\u0259 \u00fc\u00e7\u00fcn n\u0259z\u0259rd\u0259 tutulmu\u015f bu \u0259lc\u0259kl\u0259r radiologiya, fluoroskopiya v\u0259 intervensional g\u00f6r\u00fcnt\u00fcl\u0259m\u0259 sah\u0259l\u0259rind\u0259 \u00e7al\u0131\u015fan s\u0259hiyy\u0259 m\u00fct\u0259x\u0259ssisl\u0259ri \u00fc\u00e7\u00fcn davaml\u0131l\u0131q v\u0259 rahatl\u0131q t\u0259min edir<\/p>","protected":false},"excerpt":{"rendered":"<p>The Kiran RP Gloves Max GLF 35 are designed to provide reliable hand protection during diagnostic imaging and radiation-related procedures. These protective gloves help reduce exposure to scatter radiation while allowing medical professionals to maintain precision and dexterity during clinical tasks. The gloves are manufactured from specialized protective material that combines effective radiation attenuation with [&hellip;]<\/p>\n","protected":false},"featured_media":3865,"comment_status":"open","ping_status":"closed","template":"","meta":{"site-sidebar-layout":"default","site-content-layout":"","ast-site-content-layout":"default","site-content-style":"default","site-sidebar-style":"default","ast-global-header-display":"","ast-banner-title-visibility":"","ast-main-header-display":"","ast-hfb-above-header-display":"","ast-hfb-below-header-display":"","ast-hfb-mobile-header-display":"","site-post-title":"","ast-breadcrumbs-content":"","ast-featured-img":"","footer-sml-layout":"","ast-disable-related-posts":"","theme-transparent-header-meta":"default","adv-header-id-meta":"","stick-header-meta":"","header-above-stick-meta":"","header-main-stick-meta":"","header-below-stick-meta":"","astra-migrate-meta-layouts":"set","ast-page-background-enabled":"default","ast-page-background-meta":{"desktop":{"background-color":"","background-image":"","background-repeat":"repeat","background-position":"center center","background-size":"auto","background-attachment":"scroll","background-type":"","background-media":"","overlay-type":"","overlay-color":"","overlay-opacity":"","overlay-gradient":""},"tablet":{"background-color":"","background-image":"","background-repeat":"repeat","background-position":"center center","background-size":"auto","background-attachment":"scroll","background-type":"","background-media":"","overlay-type":"","overlay-color":"","overlay-opacity":"","overlay-gradient":""},"mobile":{"background-color":"","background-image":"","background-repeat":"repeat","background-position":"center center","background-size":"auto","background-attachment":"scroll","background-type":"","background-media":"","overlay-type":"","overlay-color":"","overlay-opacity":"","overlay-gradient":""}},"ast-content-background-meta":{"desktop":{"background-color":"var(--ast-global-color-5)","background-image":"","background-repeat":"repeat","background-position":"center center","background-size":"auto","background-attachment":"scroll","background-type":"","background-media":"","overlay-type":"","overlay-color":"","overlay-opacity":"","overlay-gradient":""},"tablet":{"background-color":"var(--ast-global-color-5)","background-image":"","background-repeat":"repeat","background-position":"center center","background-size":"auto","background-attachment":"scroll","background-type":"","background-media":"","overlay-type":"","overlay-color":"","overlay-opacity":"","overlay-gradient":""},"mobile":{"background-color":"var(--ast-global-color-5)","background-image":"","background-repeat":"repeat","background-position":"center center","background-size":"auto","background-attachment":"scroll","background-type":"","background-media":"","overlay-type":"","overlay-color":"","overlay-opacity":"","overlay-gradient":""}}},"product_brand":[],"product_cat":[80,75],"product_tag":[],"class_list":{"0":"post-3864","1":"product","2":"type-product","3":"status-publish","4":"has-post-thumbnail","6":"product_cat-gloves","7":"product_cat-x-ray-protective-products","8":"desktop-align-center","9":"tablet-align-center","10":"mobile-align-center","12":"first","13":"instock","14":"shipping-taxable","15":"purchasable","16":"product-type-simple"},"_links":{"self":[{"href":"https:\/\/goldentrail.az\/az\/wp-json\/wp\/v2\/product\/3864","targetHints":{"allow":["GET"]}}],"collection":[{"href":"https:\/\/goldentrail.az\/az\/wp-json\/wp\/v2\/product"}],"about":[{"href":"https:\/\/goldentrail.az\/az\/wp-json\/wp\/v2\/types\/product"}],"replies":[{"embeddable":true,"href":"https:\/\/goldentrail.az\/az\/wp-json\/wp\/v2\/comments?post=3864"}],"wp:featuredmedia":[{"embeddable":true,"href":"https:\/\/goldentrail.az\/az\/wp-json\/wp\/v2\/media\/3865"}],"wp:attachment":[{"href":"https:\/\/goldentrail.az\/az\/wp-json\/wp\/v2\/media?parent=3864"}],"wp:term":[{"taxonomy":"product_brand","embeddable":true,"href":"https:\/\/goldentrail.az\/az\/wp-json\/wp\/v2\/product_brand?post=3864"},{"taxonomy":"product_cat","embeddable":true,"href":"https:\/\/goldentrail.az\/az\/wp-json\/wp\/v2\/product_cat?post=3864"},{"taxonomy":"product_tag","embeddable":true,"href":"https:\/\/goldentrail.az\/az\/wp-json\/wp\/v2\/product_tag?post=3864"}],"curies":[{"name":"wp","href":"https:\/\/api.w.org\/{rel}","templated":true}]}}