{"id":3862,"date":"2026-03-12T20:35:59","date_gmt":"2026-03-12T16:35:59","guid":{"rendered":"https:\/\/goldentrail.az\/?post_type=product&#038;p=3862"},"modified":"2026-03-12T20:36:00","modified_gmt":"2026-03-12T16:36:00","slug":"protective-eyewear-front-plano-kiran","status":"publish","type":"product","link":"https:\/\/goldentrail.az\/az\/product\/protective-eyewear-front-plano-kiran\/","title":{"rendered":"Qoruyucu eyn\u0259k \u2013 \u00d6n #Plano \u2013 Kiran"},"content":{"rendered":"<p data-start=\"47\" data-end=\"337\">M\u0259hsul <strong data-start=\"51\" data-end=\"92\">Kiran Qoruyucu Eyn\u0259k \u00d6n #Plano<\/strong> diaqnostik g\u00f6r\u00fcnt\u00fcl\u0259m\u0259 prosedurlar\u0131 zaman\u0131 g\u00f6zl\u0259rin etibarl\u0131 m\u00fchafiz\u0259sini t\u0259min etm\u0259k \u00fc\u00e7\u00fcn n\u0259z\u0259rd\u0259 tutulmu\u015fdur. Radiologiya, fluoroskopiya v\u0259 dig\u0259r g\u00f6r\u00fcnt\u00fcl\u0259m\u0259 m\u00fchitl\u0259rind\u0259 \u00e7al\u0131\u015fan tibb m\u00fct\u0259x\u0259ssisl\u0259rinin t\u0259hl\u00fck\u0259sizliyini t\u0259min ed\u0259r\u0259k s\u0259p\u0259l\u0259nmi\u015f radiasiyan\u0131n t\u0259sirini azaltma\u011fa k\u00f6m\u0259k edir.<\/p>\n<p data-start=\"339\" data-end=\"626\">Eyn\u0259k  x\u00fcsusiyy\u0259tin\u0259 malikdir <strong data-start=\"362\" data-end=\"409\">plano\" (optik g\u00fcc\u00fc olmayan) linzal\u0131 m\u00fcasir \u00f6n \u00e7\u0259r\u00e7iv\u0259 dizayn\u0131na<\/strong>v\u0259 bel\u0259likl\u0259, uzunm\u00fcdd\u0259tli istifad\u0259 zaman\u0131 rahatl\u0131\u011f\u0131 qoruyaraq ayd\u0131n g\u00f6rm\u0259ni t\u0259min edir. Erqonomik konstruksiyas\u0131 eyn\u0259yin stabil v\u0259 rahat oturmas\u0131n\u0131 t\u0259min ed\u0259r\u0259k tibb m\u00fct\u0259x\u0259ssisl\u0259rin\u0259 uzunm\u00fcdd\u0259tli prosedurlar boyu ondan rahatl\u0131qla istifad\u0259 etm\u0259k imkan\u0131 verir.<\/p>\n<p data-start=\"628\" data-end=\"781\">Y\u00fcng\u00fcl \u00e7\u0259r\u00e7iv\u0259si v\u0259 davaml\u0131 materiallar\u0131 say\u0259sind\u0259 bu eyn\u0259k x\u0259st\u0259xanalar, diaqnostika m\u0259rk\u0259zl\u0259ri v\u0259 radiologiya \u015f\u00f6b\u0259l\u0259rind\u0259 g\u00fcnd\u0259lik klinik istifad\u0259 \u00fc\u00e7\u00fcn tam uy\u011fundur.<\/p>","protected":false},"excerpt":{"rendered":"<p>The Kiran Protective Eyewear Front #Plano is designed to provide dependable eye protection during diagnostic imaging procedures. It helps reduce exposure to scatter radiation, supporting safety for medical professionals working in radiology, fluoroscopy, and other imaging environments. The eyewear features a modern front-frame design with plano lenses, offering clear vision while maintaining comfort during extended [&hellip;]<\/p>\n","protected":false},"featured_media":3863,"comment_status":"open","ping_status":"closed","template":"","meta":{"site-sidebar-layout":"default","site-content-layout":"","ast-site-content-layout":"default","site-content-style":"default","site-sidebar-style":"default","ast-global-header-display":"","ast-banner-title-visibility":"","ast-main-header-display":"","ast-hfb-above-header-display":"","ast-hfb-below-header-display":"","ast-hfb-mobile-header-display":"","site-post-title":"","ast-breadcrumbs-content":"","ast-featured-img":"","footer-sml-layout":"","ast-disable-related-posts":"","theme-transparent-header-meta":"default","adv-header-id-meta":"","stick-header-meta":"","header-above-stick-meta":"","header-main-stick-meta":"","header-below-stick-meta":"","astra-migrate-meta-layouts":"set","ast-page-background-enabled":"default","ast-page-background-meta":{"desktop":{"background-color":"","background-image":"","background-repeat":"repeat","background-position":"center center","background-size":"auto","background-attachment":"scroll","background-type":"","background-media":"","overlay-type":"","overlay-color":"","overlay-opacity":"","overlay-gradient":""},"tablet":{"background-color":"","background-image":"","background-repeat":"repeat","background-position":"center center","background-size":"auto","background-attachment":"scroll","background-type":"","background-media":"","overlay-type":"","overlay-color":"","overlay-opacity":"","overlay-gradient":""},"mobile":{"background-color":"","background-image":"","background-repeat":"repeat","background-position":"center center","background-size":"auto","background-attachment":"scroll","background-type":"","background-media":"","overlay-type":"","overlay-color":"","overlay-opacity":"","overlay-gradient":""}},"ast-content-background-meta":{"desktop":{"background-color":"var(--ast-global-color-5)","background-image":"","background-repeat":"repeat","background-position":"center center","background-size":"auto","background-attachment":"scroll","background-type":"","background-media":"","overlay-type":"","overlay-color":"","overlay-opacity":"","overlay-gradient":""},"tablet":{"background-color":"var(--ast-global-color-5)","background-image":"","background-repeat":"repeat","background-position":"center center","background-size":"auto","background-attachment":"scroll","background-type":"","background-media":"","overlay-type":"","overlay-color":"","overlay-opacity":"","overlay-gradient":""},"mobile":{"background-color":"var(--ast-global-color-5)","background-image":"","background-repeat":"repeat","background-position":"center center","background-size":"auto","background-attachment":"scroll","background-type":"","background-media":"","overlay-type":"","overlay-color":"","overlay-opacity":"","overlay-gradient":""}}},"product_brand":[],"product_cat":[79,75],"product_tag":[],"class_list":{"0":"post-3862","1":"product","2":"type-product","3":"status-publish","4":"has-post-thumbnail","6":"product_cat-eyewear","7":"product_cat-x-ray-protective-products","8":"desktop-align-center","9":"tablet-align-center","10":"mobile-align-center","12":"first","13":"instock","14":"shipping-taxable","15":"purchasable","16":"product-type-simple"},"_links":{"self":[{"href":"https:\/\/goldentrail.az\/az\/wp-json\/wp\/v2\/product\/3862","targetHints":{"allow":["GET"]}}],"collection":[{"href":"https:\/\/goldentrail.az\/az\/wp-json\/wp\/v2\/product"}],"about":[{"href":"https:\/\/goldentrail.az\/az\/wp-json\/wp\/v2\/types\/product"}],"replies":[{"embeddable":true,"href":"https:\/\/goldentrail.az\/az\/wp-json\/wp\/v2\/comments?post=3862"}],"wp:featuredmedia":[{"embeddable":true,"href":"https:\/\/goldentrail.az\/az\/wp-json\/wp\/v2\/media\/3863"}],"wp:attachment":[{"href":"https:\/\/goldentrail.az\/az\/wp-json\/wp\/v2\/media?parent=3862"}],"wp:term":[{"taxonomy":"product_brand","embeddable":true,"href":"https:\/\/goldentrail.az\/az\/wp-json\/wp\/v2\/product_brand?post=3862"},{"taxonomy":"product_cat","embeddable":true,"href":"https:\/\/goldentrail.az\/az\/wp-json\/wp\/v2\/product_cat?post=3862"},{"taxonomy":"product_tag","embeddable":true,"href":"https:\/\/goldentrail.az\/az\/wp-json\/wp\/v2\/product_tag?post=3862"}],"curies":[{"name":"wp","href":"https:\/\/api.w.org\/{rel}","templated":true}]}}