{"id":3860,"date":"2026-03-12T20:29:06","date_gmt":"2026-03-12T16:29:06","guid":{"rendered":"https:\/\/goldentrail.az\/?post_type=product&#038;p=3860"},"modified":"2026-03-12T20:29:07","modified_gmt":"2026-03-12T16:29:07","slug":"protective-eyewear-maxx-10-kiran","status":"publish","type":"product","link":"https:\/\/goldentrail.az\/az\/product\/protective-eyewear-maxx-10-kiran\/","title":{"rendered":"Qoruyucu eyn\u0259k \u2013 Maxx 10 \u2013 Kiran"},"content":{"rendered":"<p data-start=\"42\" data-end=\"345\">M\u0259hsul <strong data-start=\"46\" data-end=\"82\">Kiran Qoruyucu Eyn\u0259k \u2013 Maxx 10<\/strong> diaqnostik g\u00f6r\u00fcnt\u00fcl\u0259m\u0259 prosedurlar\u0131 zaman\u0131 g\u00f6zl\u0259rin etibarl\u0131 radiasiya m\u00fchafiz\u0259sini t\u0259min etm\u0259k \u00fc\u00e7\u00fcn n\u0259z\u0259rd\u0259 tutulmu\u015fdur. Radiologiya, fluoroskopiya v\u0259 intervensional m\u00fchitl\u0259rd\u0259 \u00e7al\u0131\u015fan tibb m\u00fct\u0259x\u0259ssisl\u0259rinin t\u0259hl\u00fck\u0259sizliyini t\u0259min ed\u0259r\u0259k s\u0259p\u0259l\u0259nmi\u015f radiasiyan\u0131n t\u0259sirini azaltma\u011fa k\u00f6m\u0259k edir.<\/p>\n<p data-start=\"347\" data-end=\"591\">Erqonomik dizayn\u0131 eyn\u0259yin rahat v\u0259 stabil oturmas\u0131n\u0131 t\u0259min ed\u0259r\u0259k, klinik prosedurlar zaman\u0131 uzun m\u00fcdd\u0259t istifad\u0259sin\u0259 imkan verir. \u00c7\u0259r\u00e7iv\u0259si y\u00fcng\u00fcl v\u0259 balansla\u015fd\u0131r\u0131lm\u0131\u015fd\u0131r ki, bu da istifad\u0259 zaman\u0131 h\u0259m rahatl\u0131\u011f\u0131, h\u0259m d\u0259 sabitliyi qoruyur.<\/p>\n<p data-start=\"593\" data-end=\"764\">Davaml\u0131l\u0131q v\u0259 g\u00fcnd\u0259lik klinik istifad\u0259 \u00fc\u00e7\u00fcn n\u0259z\u0259rd\u0259 tutulmu\u015f bu eyn\u0259k, daimi g\u00f6z m\u00fchafiz\u0259si t\u0259l\u0259b olunan x\u0259st\u0259xanalar, g\u00f6r\u00fcnt\u00fcl\u0259m\u0259 m\u0259rk\u0259zl\u0259ri v\u0259 radiologiya \u015f\u00f6b\u0259l\u0259ri \u00fc\u00e7\u00fcn tam uy\u011fundur<\/p>","protected":false},"excerpt":{"rendered":"<p>The Kiran Protective Eyewear Maxx 10 is designed to provide reliable radiation protection for the eyes during diagnostic imaging procedures. It helps reduce exposure to scatter radiation, supporting safety for medical professionals working in radiology, fluoroscopy, and interventional environments. The ergonomic design ensures a comfortable and secure fit, allowing the eyewear to be worn for [&hellip;]<\/p>\n","protected":false},"featured_media":3861,"comment_status":"open","ping_status":"closed","template":"","meta":{"site-sidebar-layout":"default","site-content-layout":"","ast-site-content-layout":"default","site-content-style":"default","site-sidebar-style":"default","ast-global-header-display":"","ast-banner-title-visibility":"","ast-main-header-display":"","ast-hfb-above-header-display":"","ast-hfb-below-header-display":"","ast-hfb-mobile-header-display":"","site-post-title":"","ast-breadcrumbs-content":"","ast-featured-img":"","footer-sml-layout":"","ast-disable-related-posts":"","theme-transparent-header-meta":"default","adv-header-id-meta":"","stick-header-meta":"","header-above-stick-meta":"","header-main-stick-meta":"","header-below-stick-meta":"","astra-migrate-meta-layouts":"set","ast-page-background-enabled":"default","ast-page-background-meta":{"desktop":{"background-color":"","background-image":"","background-repeat":"repeat","background-position":"center center","background-size":"auto","background-attachment":"scroll","background-type":"","background-media":"","overlay-type":"","overlay-color":"","overlay-opacity":"","overlay-gradient":""},"tablet":{"background-color":"","background-image":"","background-repeat":"repeat","background-position":"center center","background-size":"auto","background-attachment":"scroll","background-type":"","background-media":"","overlay-type":"","overlay-color":"","overlay-opacity":"","overlay-gradient":""},"mobile":{"background-color":"","background-image":"","background-repeat":"repeat","background-position":"center center","background-size":"auto","background-attachment":"scroll","background-type":"","background-media":"","overlay-type":"","overlay-color":"","overlay-opacity":"","overlay-gradient":""}},"ast-content-background-meta":{"desktop":{"background-color":"var(--ast-global-color-5)","background-image":"","background-repeat":"repeat","background-position":"center center","background-size":"auto","background-attachment":"scroll","background-type":"","background-media":"","overlay-type":"","overlay-color":"","overlay-opacity":"","overlay-gradient":""},"tablet":{"background-color":"var(--ast-global-color-5)","background-image":"","background-repeat":"repeat","background-position":"center center","background-size":"auto","background-attachment":"scroll","background-type":"","background-media":"","overlay-type":"","overlay-color":"","overlay-opacity":"","overlay-gradient":""},"mobile":{"background-color":"var(--ast-global-color-5)","background-image":"","background-repeat":"repeat","background-position":"center center","background-size":"auto","background-attachment":"scroll","background-type":"","background-media":"","overlay-type":"","overlay-color":"","overlay-opacity":"","overlay-gradient":""}}},"product_brand":[],"product_cat":[79,75],"product_tag":[],"class_list":{"0":"post-3860","1":"product","2":"type-product","3":"status-publish","4":"has-post-thumbnail","6":"product_cat-eyewear","7":"product_cat-x-ray-protective-products","8":"desktop-align-center","9":"tablet-align-center","10":"mobile-align-center","12":"first","13":"instock","14":"shipping-taxable","15":"purchasable","16":"product-type-simple"},"_links":{"self":[{"href":"https:\/\/goldentrail.az\/az\/wp-json\/wp\/v2\/product\/3860","targetHints":{"allow":["GET"]}}],"collection":[{"href":"https:\/\/goldentrail.az\/az\/wp-json\/wp\/v2\/product"}],"about":[{"href":"https:\/\/goldentrail.az\/az\/wp-json\/wp\/v2\/types\/product"}],"replies":[{"embeddable":true,"href":"https:\/\/goldentrail.az\/az\/wp-json\/wp\/v2\/comments?post=3860"}],"wp:featuredmedia":[{"embeddable":true,"href":"https:\/\/goldentrail.az\/az\/wp-json\/wp\/v2\/media\/3861"}],"wp:attachment":[{"href":"https:\/\/goldentrail.az\/az\/wp-json\/wp\/v2\/media?parent=3860"}],"wp:term":[{"taxonomy":"product_brand","embeddable":true,"href":"https:\/\/goldentrail.az\/az\/wp-json\/wp\/v2\/product_brand?post=3860"},{"taxonomy":"product_cat","embeddable":true,"href":"https:\/\/goldentrail.az\/az\/wp-json\/wp\/v2\/product_cat?post=3860"},{"taxonomy":"product_tag","embeddable":true,"href":"https:\/\/goldentrail.az\/az\/wp-json\/wp\/v2\/product_tag?post=3860"}],"curies":[{"name":"wp","href":"https:\/\/api.w.org\/{rel}","templated":true}]}}