{"id":3856,"date":"2026-03-12T20:07:05","date_gmt":"2026-03-12T16:07:05","guid":{"rendered":"https:\/\/goldentrail.az\/?post_type=product&#038;p=3856"},"modified":"2026-03-17T12:53:16","modified_gmt":"2026-03-17T08:53:16","slug":"kiran-thyroid-shield-model-classic","status":"publish","type":"product","link":"https:\/\/goldentrail.az\/az\/product\/kiran-thyroid-shield-model-classic\/","title":{"rendered":"Kiran Thyroid Shield Model Classic"},"content":{"rendered":"<p data-start=\"67\" data-end=\"344\">M\u0259hsul <strong data-start=\"71\" data-end=\"109\">Kiran Thyroid Shield Model Classic<\/strong> diaqnostik g\u00f6r\u00fcnt\u00fcl\u0259m\u0259 prosedurlar\u0131 zaman\u0131 qalxanab\u0259nz\u0259r v\u0259zin etibarl\u0131 m\u00fchafiz\u0259sini t\u0259min etm\u0259k \u00fc\u00e7\u00fcn n\u0259z\u0259rd\u0259 tutulmu\u015fdur. ... il\u0259: <strong data-start=\"218\" data-end=\"254\">0.50 mm Pb ekvivalentli m\u00fchafiz\u0259 d\u0259r\u0259c\u0259si il\u0259<\/strong>bu qoruyucu, radiologiya v\u0259 fluoroskopiya m\u00fchitl\u0259rind\u0259 s\u0259p\u0259l\u0259nmi\u015f radiasiyan\u0131n t\u0259sirini azaltma\u011fa k\u00f6m\u0259k edir.<\/p>\n<p data-start=\"346\" data-end=\"627\">istehsal olunub <strong data-start=\"365\" data-end=\"387\">Ultralite material<\/strong>,v\u0259 bel\u0259likl\u0259, qoruyucu h\u0259m \u00e7evikliyi, h\u0259m d\u0259 istifad\u0259\u00e7i rahatl\u0131\u011f\u0131n\u0131 qorumaqla effektiv radiasiya m\u00fchafiz\u0259sini t\u0259min edir. Klassik erqonomik dizayn\u0131 qoruyucunun boyun \u0259traf\u0131nda rahat oturmas\u0131na imkan verir v\u0259 prosedurlar zaman\u0131 stabil m\u00fchafiz\u0259ni t\u0259min edir.<\/p>\n<p data-start=\"629\" data-end=\"870\">Qalxanab\u0259nz\u0259r v\u0259zi qoruyucusu ... il\u0259 t\u0259chiz olunub \/ ... x\u00fcsusiyy\u0259tin\u0259 malikdir. <strong data-start=\"659\" data-end=\"686\">etibarl\u0131 b\u0259rkitm\u0259 sistemi<\/strong> bu da asan t\u0259nziml\u0259m\u0259ni v\u0259 stabil oturman\u0131 t\u0259min edir. Davaml\u0131 konstruksiyas\u0131 v\u0259 m\u00f6hk\u0259ml\u0259ndirilmi\u015f k\u0259narlar\u0131 onu x\u0259st\u0259xanalar, g\u00f6r\u00fcnt\u00fcl\u0259m\u0259 m\u0259rk\u0259zl\u0259ri v\u0259 radiologiya \u015f\u00f6b\u0259l\u0259rind\u0259 rutin istifad\u0259 \u00fc\u00e7\u00fcn tam uy\u011fun edir.<\/p>\n<p data-start=\"629\" data-end=\"870\">M\u0259hsul <strong data-start=\"1206\" data-end=\"1238\">Kiran Klassik Qalxanab\u0259nz\u0259r V\u0259zi Qoruyucusu<\/strong> g\u00fcnd\u0259lik g\u00f6r\u00fcnt\u00fcl\u0259m\u0259 prosedurlar\u0131 zaman\u0131 s\u0259hiyy\u0259 m\u00fct\u0259x\u0259ssisl\u0259ri \u00fc\u00e7\u00fcn rahatl\u0131q v\u0259 \u00e7evikliyi qorumaqla yana\u015f\u0131, qalxanab\u0259nz\u0259r v\u0259zin etibarl\u0131 m\u00fchafiz\u0259sini t\u0259min edir.<\/p>","protected":false},"excerpt":{"rendered":"<p>The Kiran Thyroid Shield Model Classic is designed to provide reliable protection for the thyroid gland during diagnostic imaging procedures. With 0.50 mm Pb equivalent protection, it helps reduce exposure to scatter radiation in radiology and fluoroscopy environments. Manufactured using Ultralite material, the shield offers effective radiation protection while maintaining flexibility and comfort for the [&hellip;]<\/p>\n","protected":false},"featured_media":3857,"comment_status":"open","ping_status":"closed","template":"","meta":{"site-sidebar-layout":"default","site-content-layout":"","ast-site-content-layout":"default","site-content-style":"default","site-sidebar-style":"default","ast-global-header-display":"","ast-banner-title-visibility":"","ast-main-header-display":"","ast-hfb-above-header-display":"","ast-hfb-below-header-display":"","ast-hfb-mobile-header-display":"","site-post-title":"","ast-breadcrumbs-content":"","ast-featured-img":"","footer-sml-layout":"","ast-disable-related-posts":"","theme-transparent-header-meta":"default","adv-header-id-meta":"","stick-header-meta":"","header-above-stick-meta":"","header-main-stick-meta":"","header-below-stick-meta":"","astra-migrate-meta-layouts":"set","ast-page-background-enabled":"default","ast-page-background-meta":{"desktop":{"background-color":"","background-image":"","background-repeat":"repeat","background-position":"center center","background-size":"auto","background-attachment":"scroll","background-type":"","background-media":"","overlay-type":"","overlay-color":"","overlay-opacity":"","overlay-gradient":""},"tablet":{"background-color":"","background-image":"","background-repeat":"repeat","background-position":"center center","background-size":"auto","background-attachment":"scroll","background-type":"","background-media":"","overlay-type":"","overlay-color":"","overlay-opacity":"","overlay-gradient":""},"mobile":{"background-color":"","background-image":"","background-repeat":"repeat","background-position":"center center","background-size":"auto","background-attachment":"scroll","background-type":"","background-media":"","overlay-type":"","overlay-color":"","overlay-opacity":"","overlay-gradient":""}},"ast-content-background-meta":{"desktop":{"background-color":"var(--ast-global-color-5)","background-image":"","background-repeat":"repeat","background-position":"center center","background-size":"auto","background-attachment":"scroll","background-type":"","background-media":"","overlay-type":"","overlay-color":"","overlay-opacity":"","overlay-gradient":""},"tablet":{"background-color":"var(--ast-global-color-5)","background-image":"","background-repeat":"repeat","background-position":"center center","background-size":"auto","background-attachment":"scroll","background-type":"","background-media":"","overlay-type":"","overlay-color":"","overlay-opacity":"","overlay-gradient":""},"mobile":{"background-color":"var(--ast-global-color-5)","background-image":"","background-repeat":"repeat","background-position":"center center","background-size":"auto","background-attachment":"scroll","background-type":"","background-media":"","overlay-type":"","overlay-color":"","overlay-opacity":"","overlay-gradient":""}}},"product_brand":[],"product_cat":[78,75],"product_tag":[],"class_list":{"0":"post-3856","1":"product","2":"type-product","3":"status-publish","4":"has-post-thumbnail","6":"product_cat-thyroid-shield","7":"product_cat-x-ray-protective-products","8":"desktop-align-center","9":"tablet-align-center","10":"mobile-align-center","12":"first","13":"instock","14":"shipping-taxable","15":"purchasable","16":"product-type-simple"},"_links":{"self":[{"href":"https:\/\/goldentrail.az\/az\/wp-json\/wp\/v2\/product\/3856","targetHints":{"allow":["GET"]}}],"collection":[{"href":"https:\/\/goldentrail.az\/az\/wp-json\/wp\/v2\/product"}],"about":[{"href":"https:\/\/goldentrail.az\/az\/wp-json\/wp\/v2\/types\/product"}],"replies":[{"embeddable":true,"href":"https:\/\/goldentrail.az\/az\/wp-json\/wp\/v2\/comments?post=3856"}],"wp:featuredmedia":[{"embeddable":true,"href":"https:\/\/goldentrail.az\/az\/wp-json\/wp\/v2\/media\/3857"}],"wp:attachment":[{"href":"https:\/\/goldentrail.az\/az\/wp-json\/wp\/v2\/media?parent=3856"}],"wp:term":[{"taxonomy":"product_brand","embeddable":true,"href":"https:\/\/goldentrail.az\/az\/wp-json\/wp\/v2\/product_brand?post=3856"},{"taxonomy":"product_cat","embeddable":true,"href":"https:\/\/goldentrail.az\/az\/wp-json\/wp\/v2\/product_cat?post=3856"},{"taxonomy":"product_tag","embeddable":true,"href":"https:\/\/goldentrail.az\/az\/wp-json\/wp\/v2\/product_tag?post=3856"}],"curies":[{"name":"wp","href":"https:\/\/api.w.org\/{rel}","templated":true}]}}