{"id":3853,"date":"2026-03-12T19:48:26","date_gmt":"2026-03-12T15:48:26","guid":{"rendered":"https:\/\/goldentrail.az\/?post_type=product&#038;p=3853"},"modified":"2026-03-12T19:48:27","modified_gmt":"2026-03-12T15:48:27","slug":"thyroid-shield-model-elegant-0-50-mm-pb-leadlite-kiran","status":"publish","type":"product","link":"https:\/\/goldentrail.az\/az\/product\/thyroid-shield-model-elegant-0-50-mm-pb-leadlite-kiran\/","title":{"rendered":"Qalxanab\u0259nz\u0259r v\u0259zi qoruyucusu \u2013 Model Elegant \u2013 0.50 mm Pb Leadlite \u2013 Kiran"},"content":{"rendered":"<p data-start=\"66\" data-end=\"391\">M\u0259hsul <strong data-start=\"70\" data-end=\"108\">Kiran Thyroid Shield Model Elegant<\/strong> diaqnostik g\u00f6r\u00fcnt\u00fcl\u0259m\u0259 prosedurlar\u0131 zaman\u0131 qalxanab\u0259nz\u0259r v\u0259zin etibarl\u0131 radiasiya m\u00fchafiz\u0259sini t\u0259min etm\u0259k \u00fc\u00e7\u00fcn n\u0259z\u0259rd\u0259 tutulmu\u015fdur. <strong data-start=\"228\" data-end=\"264\">0.50 mm Pb ekvivalentli m\u00fchafiz\u0259 d\u0259r\u0259c\u0259si il\u0259<\/strong>, bu qoruyucu, radiologiya v\u0259 fluoroskopiya m\u00fchitind\u0259 b\u0259d\u0259nin \u0259n h\u0259ssas nahiy\u0259l\u0259rind\u0259n birini s\u0259p\u0259l\u0259nmi\u015f radiasiyadan qoruma\u011fa k\u00f6m\u0259k edir.<\/p>\n<p data-start=\"393\" data-end=\"646\">istehsal olunub <strong data-start=\"412\" data-end=\"433\">Leadlite material\u0131<\/strong>,v\u0259 bel\u0259likl\u0259, qoruyucu h\u0259m \u00e7evikliyi, h\u0259m d\u0259 rahatl\u0131\u011f\u0131 qorumaqla etibarl\u0131 radiasiya m\u00fchafiz\u0259sini t\u0259min edir. Erqonomik dizayn\u0131 qoruyucunun boyun \u0259traf\u0131nda rahat oturmas\u0131na imkan verir v\u0259 prosedurlar zaman\u0131 sabit m\u00fchafiz\u0259ni t\u0259min edir.<\/p>\n<p data-start=\"648\" data-end=\"896\">Qalxanab\u0259nz\u0259r v\u0259zi qoruyucusu ... x\u00fcsusiyy\u0259tin\u0259 malikdir <strong data-start=\"678\" data-end=\"705\">etibarl\u0131 b\u0259rkitm\u0259 sistemi<\/strong> bu da asan t\u0259nziml\u0259m\u0259y\u0259 v\u0259 rahat oturmaya imkan verir. Davaml\u0131 konstruksiyas\u0131 v\u0259 m\u00f6hk\u0259ml\u0259ndirilmi\u015f k\u0259narlar\u0131 onu x\u0259st\u0259xanalar, g\u00f6r\u00fcnt\u00fcl\u0259m\u0259 m\u0259rk\u0259zl\u0259ri v\u0259 radiologiya \u015f\u00f6b\u0259l\u0259rind\u0259 uzunm\u00fcdd\u0259tli istifad\u0259 \u00fc\u00e7\u00fcn tam uy\u011fun edir.<\/p>","protected":false},"excerpt":{"rendered":"<p>The Kiran Thyroid Shield Model Elegant is designed to provide effective radiation protection for the thyroid gland during diagnostic imaging procedures. With 0.50 mm Pb equivalent protection, it helps shield one of the most sensitive areas of the body from scatter radiation in radiology and fluoroscopy environments. Manufactured using Leadlite material, the shield provides reliable [&hellip;]<\/p>\n","protected":false},"featured_media":3854,"comment_status":"open","ping_status":"closed","template":"","meta":{"site-sidebar-layout":"default","site-content-layout":"","ast-site-content-layout":"default","site-content-style":"default","site-sidebar-style":"default","ast-global-header-display":"","ast-banner-title-visibility":"","ast-main-header-display":"","ast-hfb-above-header-display":"","ast-hfb-below-header-display":"","ast-hfb-mobile-header-display":"","site-post-title":"","ast-breadcrumbs-content":"","ast-featured-img":"","footer-sml-layout":"","ast-disable-related-posts":"","theme-transparent-header-meta":"default","adv-header-id-meta":"","stick-header-meta":"","header-above-stick-meta":"","header-main-stick-meta":"","header-below-stick-meta":"","astra-migrate-meta-layouts":"set","ast-page-background-enabled":"default","ast-page-background-meta":{"desktop":{"background-color":"","background-image":"","background-repeat":"repeat","background-position":"center center","background-size":"auto","background-attachment":"scroll","background-type":"","background-media":"","overlay-type":"","overlay-color":"","overlay-opacity":"","overlay-gradient":""},"tablet":{"background-color":"","background-image":"","background-repeat":"repeat","background-position":"center center","background-size":"auto","background-attachment":"scroll","background-type":"","background-media":"","overlay-type":"","overlay-color":"","overlay-opacity":"","overlay-gradient":""},"mobile":{"background-color":"","background-image":"","background-repeat":"repeat","background-position":"center center","background-size":"auto","background-attachment":"scroll","background-type":"","background-media":"","overlay-type":"","overlay-color":"","overlay-opacity":"","overlay-gradient":""}},"ast-content-background-meta":{"desktop":{"background-color":"var(--ast-global-color-5)","background-image":"","background-repeat":"repeat","background-position":"center center","background-size":"auto","background-attachment":"scroll","background-type":"","background-media":"","overlay-type":"","overlay-color":"","overlay-opacity":"","overlay-gradient":""},"tablet":{"background-color":"var(--ast-global-color-5)","background-image":"","background-repeat":"repeat","background-position":"center center","background-size":"auto","background-attachment":"scroll","background-type":"","background-media":"","overlay-type":"","overlay-color":"","overlay-opacity":"","overlay-gradient":""},"mobile":{"background-color":"var(--ast-global-color-5)","background-image":"","background-repeat":"repeat","background-position":"center center","background-size":"auto","background-attachment":"scroll","background-type":"","background-media":"","overlay-type":"","overlay-color":"","overlay-opacity":"","overlay-gradient":""}}},"product_brand":[],"product_cat":[78,75],"product_tag":[],"class_list":{"0":"post-3853","1":"product","2":"type-product","3":"status-publish","4":"has-post-thumbnail","6":"product_cat-thyroid-shield","7":"product_cat-x-ray-protective-products","8":"desktop-align-center","9":"tablet-align-center","10":"mobile-align-center","12":"first","13":"instock","14":"shipping-taxable","15":"purchasable","16":"product-type-simple"},"_links":{"self":[{"href":"https:\/\/goldentrail.az\/az\/wp-json\/wp\/v2\/product\/3853","targetHints":{"allow":["GET"]}}],"collection":[{"href":"https:\/\/goldentrail.az\/az\/wp-json\/wp\/v2\/product"}],"about":[{"href":"https:\/\/goldentrail.az\/az\/wp-json\/wp\/v2\/types\/product"}],"replies":[{"embeddable":true,"href":"https:\/\/goldentrail.az\/az\/wp-json\/wp\/v2\/comments?post=3853"}],"wp:featuredmedia":[{"embeddable":true,"href":"https:\/\/goldentrail.az\/az\/wp-json\/wp\/v2\/media\/3854"}],"wp:attachment":[{"href":"https:\/\/goldentrail.az\/az\/wp-json\/wp\/v2\/media?parent=3853"}],"wp:term":[{"taxonomy":"product_brand","embeddable":true,"href":"https:\/\/goldentrail.az\/az\/wp-json\/wp\/v2\/product_brand?post=3853"},{"taxonomy":"product_cat","embeddable":true,"href":"https:\/\/goldentrail.az\/az\/wp-json\/wp\/v2\/product_cat?post=3853"},{"taxonomy":"product_tag","embeddable":true,"href":"https:\/\/goldentrail.az\/az\/wp-json\/wp\/v2\/product_tag?post=3853"}],"curies":[{"name":"wp","href":"https:\/\/api.w.org\/{rel}","templated":true}]}}