{"id":3848,"date":"2026-03-12T19:35:59","date_gmt":"2026-03-12T15:35:59","guid":{"rendered":"https:\/\/goldentrail.az\/?post_type=product&#038;p=3848"},"modified":"2026-03-12T19:36:00","modified_gmt":"2026-03-12T15:36:00","slug":"skirt-model-optima-maxima-0-5-0-25-mm-pb-ultralite-medium-kiran","status":"publish","type":"product","link":"https:\/\/goldentrail.az\/az\/product\/skirt-model-optima-maxima-0-5-0-25-mm-pb-ultralite-medium-kiran\/","title":{"rendered":"Etek \u2013 Model Optima\/Maxima \u2013 0.5 \/ 0.25 mm Pb Ultralite \u2013 Orta (M) \u2013 Kiran"},"content":{"rendered":"<p data-start=\"79\" data-end=\"401\">M\u0259hsul <strong data-start=\"83\" data-end=\"121\">Kiran Skirt Optima\/Maxima (Medium)<\/strong> diaqnostik g\u00f6r\u00fcnt\u00fcl\u0259m\u0259 m\u00fchitl\u0259rind\u0259 \u00e7al\u0131\u015fan tibb m\u00fct\u0259x\u0259ssisl\u0259ri \u00fc\u00e7\u00fcn etibarl\u0131 radiasiya m\u00fchafiz\u0259sini t\u0259min etm\u0259k \u00fc\u00e7\u00fcn n\u0259z\u0259rd\u0259 tutulmu\u015fdur <strong data-start=\"252\" data-end=\"294\">0.5 \/ 0.25 mm Pb ekvivalentli m\u00fchafiz\u0259<\/strong>,\u0259t\u0259k radiologiya v\u0259 fluoroskopiya prosedurlar\u0131 zaman\u0131 b\u0259d\u0259nin a\u015fa\u011f\u0131 hiss\u0259sini s\u0259p\u0259l\u0259nmi\u015f radiasiyadan qoruma\u011fa k\u00f6m\u0259k edir.<\/p>\n<p data-start=\"403\" data-end=\"689\">istehsal olunub <strong data-start=\"422\" data-end=\"444\">Ultralite material<\/strong>,v\u0259 bel\u0259likl\u0259, \u0259t\u0259k h\u0259m \u00e7evikliyi, h\u0259m d\u0259 art\u0131r\u0131lm\u0131\u015f istifad\u0259\u00e7i rahatl\u0131\u011f\u0131n\u0131 qorumaqla effektiv radiasiya m\u00fchafiz\u0259sini t\u0259min edir. Erqonomik dizayn\u0131 h\u0259r\u0259k\u0259t s\u0259rb\u0259stliyin\u0259 imkan verir ki, bu da onu h\u0259m m\u00fchafiz\u0259nin, h\u0259m d\u0259 rahatl\u0131\u011f\u0131n vacib oldu\u011fu uzunm\u00fcdd\u0259tli prosedurlar \u00fc\u00e7\u00fcn tam uy\u011fun edir.<\/p>\n<p data-start=\"691\" data-end=\"952\">\u018ft\u0259k ... x\u00fcsusiyy\u0259tin\u0259 malikdir <strong data-start=\"713\" data-end=\"750\">t\u0259nziml\u0259n\u0259n bel b\u0259rkitm\u0259 sistemi<\/strong>, v\u0259 bu da t\u0259hl\u00fck\u0259siz v\u0259 stabil oturman\u0131 t\u0259min edir. Davaml\u0131 konstruksiyas\u0131 v\u0259 m\u00f6hk\u0259ml\u0259ndirilmi\u015f k\u0259narlar\u0131 bu \u0259t\u0259yi x\u0259st\u0259xanalar, g\u00f6r\u00fcnt\u00fcl\u0259m\u0259 m\u0259rk\u0259zl\u0259ri v\u0259 radiologiya \u015f\u00f6b\u0259l\u0259ri kimi klinik m\u00fchitl\u0259rd\u0259 m\u00fcnt\u0259z\u0259m istifad\u0259 \u00fc\u00e7\u00fcn tam uy\u011fun edir<\/p>","protected":false},"excerpt":{"rendered":"<p>The Kiran Skirt Optima\/Maxima (Medium) is designed to provide dependable radiation protection for medical professionals working in diagnostic imaging environments. With 0.5 \/ 0.25 mm Pb equivalent protection, the skirt helps shield the lower body from scatter radiation during radiology and fluoroscopy procedures. Manufactured using Ultralite material, the skirt offers effective radiation protection while maintaining [&hellip;]<\/p>\n","protected":false},"featured_media":3850,"comment_status":"open","ping_status":"closed","template":"","meta":{"site-sidebar-layout":"default","site-content-layout":"","ast-site-content-layout":"default","site-content-style":"default","site-sidebar-style":"default","ast-global-header-display":"","ast-banner-title-visibility":"","ast-main-header-display":"","ast-hfb-above-header-display":"","ast-hfb-below-header-display":"","ast-hfb-mobile-header-display":"","site-post-title":"","ast-breadcrumbs-content":"","ast-featured-img":"","footer-sml-layout":"","ast-disable-related-posts":"","theme-transparent-header-meta":"default","adv-header-id-meta":"","stick-header-meta":"","header-above-stick-meta":"","header-main-stick-meta":"","header-below-stick-meta":"","astra-migrate-meta-layouts":"set","ast-page-background-enabled":"default","ast-page-background-meta":{"desktop":{"background-color":"","background-image":"","background-repeat":"repeat","background-position":"center center","background-size":"auto","background-attachment":"scroll","background-type":"","background-media":"","overlay-type":"","overlay-color":"","overlay-opacity":"","overlay-gradient":""},"tablet":{"background-color":"","background-image":"","background-repeat":"repeat","background-position":"center center","background-size":"auto","background-attachment":"scroll","background-type":"","background-media":"","overlay-type":"","overlay-color":"","overlay-opacity":"","overlay-gradient":""},"mobile":{"background-color":"","background-image":"","background-repeat":"repeat","background-position":"center center","background-size":"auto","background-attachment":"scroll","background-type":"","background-media":"","overlay-type":"","overlay-color":"","overlay-opacity":"","overlay-gradient":""}},"ast-content-background-meta":{"desktop":{"background-color":"var(--ast-global-color-5)","background-image":"","background-repeat":"repeat","background-position":"center center","background-size":"auto","background-attachment":"scroll","background-type":"","background-media":"","overlay-type":"","overlay-color":"","overlay-opacity":"","overlay-gradient":""},"tablet":{"background-color":"var(--ast-global-color-5)","background-image":"","background-repeat":"repeat","background-position":"center center","background-size":"auto","background-attachment":"scroll","background-type":"","background-media":"","overlay-type":"","overlay-color":"","overlay-opacity":"","overlay-gradient":""},"mobile":{"background-color":"var(--ast-global-color-5)","background-image":"","background-repeat":"repeat","background-position":"center center","background-size":"auto","background-attachment":"scroll","background-type":"","background-media":"","overlay-type":"","overlay-color":"","overlay-opacity":"","overlay-gradient":""}}},"product_brand":[],"product_cat":[76,75],"product_tag":[],"class_list":{"0":"post-3848","1":"product","2":"type-product","3":"status-publish","4":"has-post-thumbnail","6":"product_cat-skirts","7":"product_cat-x-ray-protective-products","8":"desktop-align-center","9":"tablet-align-center","10":"mobile-align-center","12":"first","13":"instock","14":"shipping-taxable","15":"purchasable","16":"product-type-simple"},"_links":{"self":[{"href":"https:\/\/goldentrail.az\/az\/wp-json\/wp\/v2\/product\/3848","targetHints":{"allow":["GET"]}}],"collection":[{"href":"https:\/\/goldentrail.az\/az\/wp-json\/wp\/v2\/product"}],"about":[{"href":"https:\/\/goldentrail.az\/az\/wp-json\/wp\/v2\/types\/product"}],"replies":[{"embeddable":true,"href":"https:\/\/goldentrail.az\/az\/wp-json\/wp\/v2\/comments?post=3848"}],"wp:featuredmedia":[{"embeddable":true,"href":"https:\/\/goldentrail.az\/az\/wp-json\/wp\/v2\/media\/3850"}],"wp:attachment":[{"href":"https:\/\/goldentrail.az\/az\/wp-json\/wp\/v2\/media?parent=3848"}],"wp:term":[{"taxonomy":"product_brand","embeddable":true,"href":"https:\/\/goldentrail.az\/az\/wp-json\/wp\/v2\/product_brand?post=3848"},{"taxonomy":"product_cat","embeddable":true,"href":"https:\/\/goldentrail.az\/az\/wp-json\/wp\/v2\/product_cat?post=3848"},{"taxonomy":"product_tag","embeddable":true,"href":"https:\/\/goldentrail.az\/az\/wp-json\/wp\/v2\/product_tag?post=3848"}],"curies":[{"name":"wp","href":"https:\/\/api.w.org\/{rel}","templated":true}]}}