{"id":3846,"date":"2026-03-12T19:25:50","date_gmt":"2026-03-12T15:25:50","guid":{"rendered":"https:\/\/goldentrail.az\/?post_type=product&#038;p=3846"},"modified":"2026-03-12T19:25:50","modified_gmt":"2026-03-12T15:25:50","slug":"vest-model-optima-ol-0-50-mm-pb-0-5-0-25-mm-pb-zerolead-kiran","status":"publish","type":"product","link":"https:\/\/goldentrail.az\/az\/product\/vest-model-optima-ol-0-50-mm-pb-0-5-0-25-mm-pb-zerolead-kiran\/","title":{"rendered":"Vest \u2013 Model Optima OL \u2013 0.50 mm Pb \/ 0.5\u20130.25 mm Pb Zerolead \u2013 Kiran"},"content":{"rendered":"<p data-start=\"75\" data-end=\"395\">M\u0259hsul <strong data-start=\"79\" data-end=\"103\">Kiran Vest Optima OL<\/strong> diaqnostik g\u00f6r\u00fcnt\u00fcl\u0259m\u0259 m\u00fchitl\u0259rind\u0259 \u00e7al\u0131\u015fan tibb m\u00fct\u0259x\u0259ssisl\u0259ri \u00fc\u00e7\u00fcn etibarl\u0131 radiasiya m\u00fchafiz\u0259sini t\u0259min etm\u0259k \u00fc\u00e7\u00fcn n\u0259z\u0259rd\u0259 tutulmu\u015fdur <strong data-start=\"234\" data-end=\"289\">0.50 mm Pb v\u0259 0.5\/0.25 mm Pb ekvivalentli m\u00fchafiz\u0259<\/strong>, jilet radiologiya v\u0259 fluoroskopiya prosedurlar\u0131 zaman\u0131 b\u0259d\u0259nin yuxar\u0131 hiss\u0259sini s\u0259p\u0259l\u0259nmi\u015f radiasiyadan qoruma\u011fa k\u00f6m\u0259k edir.<\/p>\n<p data-start=\"397\" data-end=\"690\">istehsal olunub <strong data-start=\"416\" data-end=\"437\">Zerolead material<\/strong>,v\u0259 bel\u0259likl\u0259, jilet t\u0259kmill\u0259\u015fdirilmi\u015f \u00e7eviklik v\u0259 rahatl\u0131q t\u0259qdim etm\u0259kl\u0259 yana\u015f\u0131, effektiv radiasiya m\u00fchafiz\u0259sini t\u0259min edir. Erqonomik jilet formal\u0131 dizayn <strong data-start=\"576\" data-end=\"596\">\u00f6n hiss\u0259nin m\u00fchafiz\u0259sini<\/strong> v\u0259 tam radiasiya m\u00fchafiz\u0259si sistemi yaratmaq \u00fc\u00e7\u00fcn qoruyucu \u0259t\u0259kl\u0259 kombinasiya edil\u0259 bil\u0259r.<\/p>\n<p data-start=\"692\" data-end=\"989\">Jilet x\u00fcsusiyy\u0259tin\u0259 malikdir <strong data-start=\"712\" data-end=\"739\">etibarl\u0131 b\u0259rkitm\u0259 sistemi<\/strong> bu da uzunm\u00fcdd\u0259tli prosedurlar zaman\u0131 rahatl\u0131\u011f\u0131 t\u0259min ed\u0259n stabil v\u0259 t\u0259nziml\u0259n\u0259n oturu\u015fa imkan verir. Davaml\u0131 konstruksiyas\u0131 v\u0259 m\u00f6hk\u0259ml\u0259ndirilmi\u015f k\u0259narlar\u0131 x\u0259st\u0259xanalar, g\u00f6r\u00fcnt\u00fcl\u0259m\u0259 m\u0259rk\u0259zl\u0259ri v\u0259 radiologiya \u015f\u00f6b\u0259l\u0259ri kimi klinik m\u00fchitl\u0259rd\u0259 uzunm\u00fcdd\u0259tli istifad\u0259 \u00fc\u00e7\u00fcn uy\u011fundur.<\/p>\n<p data-start=\"991\" data-end=\"1007\">","protected":false},"excerpt":{"rendered":"<p>The Kiran Vest Optima OL is designed to provide dependable radiation protection for medical professionals working in diagnostic imaging environments. With 0.50 mm Pb and 0.5\/0.25 mm Pb equivalent protection, the vest helps shield the upper body from scatter radiation during radiology and fluoroscopy procedures. Manufactured using Zerolead material, the vest provides effective radiation shielding [&hellip;]<\/p>\n","protected":false},"featured_media":3847,"comment_status":"open","ping_status":"closed","template":"","meta":{"site-sidebar-layout":"default","site-content-layout":"","ast-site-content-layout":"default","site-content-style":"default","site-sidebar-style":"default","ast-global-header-display":"","ast-banner-title-visibility":"","ast-main-header-display":"","ast-hfb-above-header-display":"","ast-hfb-below-header-display":"","ast-hfb-mobile-header-display":"","site-post-title":"","ast-breadcrumbs-content":"","ast-featured-img":"","footer-sml-layout":"","ast-disable-related-posts":"","theme-transparent-header-meta":"default","adv-header-id-meta":"","stick-header-meta":"","header-above-stick-meta":"","header-main-stick-meta":"","header-below-stick-meta":"","astra-migrate-meta-layouts":"set","ast-page-background-enabled":"default","ast-page-background-meta":{"desktop":{"background-color":"","background-image":"","background-repeat":"repeat","background-position":"center center","background-size":"auto","background-attachment":"scroll","background-type":"","background-media":"","overlay-type":"","overlay-color":"","overlay-opacity":"","overlay-gradient":""},"tablet":{"background-color":"","background-image":"","background-repeat":"repeat","background-position":"center center","background-size":"auto","background-attachment":"scroll","background-type":"","background-media":"","overlay-type":"","overlay-color":"","overlay-opacity":"","overlay-gradient":""},"mobile":{"background-color":"","background-image":"","background-repeat":"repeat","background-position":"center center","background-size":"auto","background-attachment":"scroll","background-type":"","background-media":"","overlay-type":"","overlay-color":"","overlay-opacity":"","overlay-gradient":""}},"ast-content-background-meta":{"desktop":{"background-color":"var(--ast-global-color-5)","background-image":"","background-repeat":"repeat","background-position":"center center","background-size":"auto","background-attachment":"scroll","background-type":"","background-media":"","overlay-type":"","overlay-color":"","overlay-opacity":"","overlay-gradient":""},"tablet":{"background-color":"var(--ast-global-color-5)","background-image":"","background-repeat":"repeat","background-position":"center center","background-size":"auto","background-attachment":"scroll","background-type":"","background-media":"","overlay-type":"","overlay-color":"","overlay-opacity":"","overlay-gradient":""},"mobile":{"background-color":"var(--ast-global-color-5)","background-image":"","background-repeat":"repeat","background-position":"center center","background-size":"auto","background-attachment":"scroll","background-type":"","background-media":"","overlay-type":"","overlay-color":"","overlay-opacity":"","overlay-gradient":""}}},"product_brand":[],"product_cat":[77,75],"product_tag":[],"class_list":{"0":"post-3846","1":"product","2":"type-product","3":"status-publish","4":"has-post-thumbnail","6":"product_cat-vest","7":"product_cat-x-ray-protective-products","8":"desktop-align-center","9":"tablet-align-center","10":"mobile-align-center","12":"first","13":"instock","14":"shipping-taxable","15":"purchasable","16":"product-type-simple"},"_links":{"self":[{"href":"https:\/\/goldentrail.az\/az\/wp-json\/wp\/v2\/product\/3846","targetHints":{"allow":["GET"]}}],"collection":[{"href":"https:\/\/goldentrail.az\/az\/wp-json\/wp\/v2\/product"}],"about":[{"href":"https:\/\/goldentrail.az\/az\/wp-json\/wp\/v2\/types\/product"}],"replies":[{"embeddable":true,"href":"https:\/\/goldentrail.az\/az\/wp-json\/wp\/v2\/comments?post=3846"}],"wp:featuredmedia":[{"embeddable":true,"href":"https:\/\/goldentrail.az\/az\/wp-json\/wp\/v2\/media\/3847"}],"wp:attachment":[{"href":"https:\/\/goldentrail.az\/az\/wp-json\/wp\/v2\/media?parent=3846"}],"wp:term":[{"taxonomy":"product_brand","embeddable":true,"href":"https:\/\/goldentrail.az\/az\/wp-json\/wp\/v2\/product_brand?post=3846"},{"taxonomy":"product_cat","embeddable":true,"href":"https:\/\/goldentrail.az\/az\/wp-json\/wp\/v2\/product_cat?post=3846"},{"taxonomy":"product_tag","embeddable":true,"href":"https:\/\/goldentrail.az\/az\/wp-json\/wp\/v2\/product_tag?post=3846"}],"curies":[{"name":"wp","href":"https:\/\/api.w.org\/{rel}","templated":true}]}}