{"id":3840,"date":"2026-03-12T19:05:57","date_gmt":"2026-03-12T15:05:57","guid":{"rendered":"https:\/\/goldentrail.az\/?post_type=product&#038;p=3840"},"modified":"2026-03-12T19:05:58","modified_gmt":"2026-03-12T15:05:58","slug":"skirt-model-optima-maxima-0-5-0-25-mm-pb-leadlite-medium-kiran","status":"publish","type":"product","link":"https:\/\/goldentrail.az\/az\/product\/skirt-model-optima-maxima-0-5-0-25-mm-pb-leadlite-medium-kiran\/","title":{"rendered":"Etek \u2013 Model Optima\/Maxima \u2013 0.5 \/ 0.25 mm Pb Leadlite \u2013 Orta (M) \u2013 Kiran"},"content":{"rendered":"<p data-start=\"78\" data-end=\"398\">M\u0259hsul <strong data-start=\"82\" data-end=\"120\">Kiran Skirt Optima\/Maxima (Medium)<\/strong> diaqnostik g\u00f6r\u00fcnt\u00fcl\u0259m\u0259 m\u00fchitl\u0259rind\u0259 \u00e7al\u0131\u015fan tibb m\u00fct\u0259x\u0259ssisl\u0259ri \u00fc\u00e7\u00fcn etibarl\u0131 radiasiya m\u00fchafiz\u0259sini t\u0259min etm\u0259k \u00fc\u00e7\u00fcn n\u0259z\u0259rd\u0259 tutulmu\u015fdur. <strong data-start=\"249\" data-end=\"291\">0.5 \/ 0.25 mm Pb ekvivalentli m\u00fchafiz\u0259<\/strong>,\u0259t\u0259k radiologiya v\u0259 fluoroskopiya prosedurlar\u0131 zaman\u0131 b\u0259d\u0259nin a\u015fa\u011f\u0131 hiss\u0259sini s\u0259p\u0259l\u0259nmi\u015f radiasiyadan qoruma\u011fa k\u00f6m\u0259k edir.<\/p>\n<p data-start=\"400\" data-end=\"672\">istehsal olunub <strong data-start=\"419\" data-end=\"440\">Leadlite material\u0131<\/strong>, v\u0259 bel\u0259likl\u0259, \u0259t\u0259k h\u0259m \u00e7evikliyi, h\u0259m d\u0259 istifad\u0259\u00e7i rahatl\u0131\u011f\u0131n\u0131 qorumaqla effektiv radiasiya m\u00fchafiz\u0259sini t\u0259min edir. Erqonomik dizayn\u0131 h\u0259r\u0259k\u0259t asanl\u0131\u011f\u0131na imkan verir ki, bu da onu rahatl\u0131q v\u0259 m\u00fchafiz\u0259nin vacib oldu\u011fu uzunm\u00fcdd\u0259tli prosedurlar \u00fc\u00e7\u00fcn tam uy\u011fun edir.<\/p>\n<p data-start=\"674\" data-end=\"946\">\u018ft\u0259k ... il\u0259 t\u0259chiz olunub <strong data-start=\"714\" data-end=\"740\">t\u0259nziml\u0259n\u0259n bel k\u0259m\u0259ri<\/strong>,v\u0259 bu da stabil v\u0259 rahat oturman\u0131 t\u0259min edir. Davaml\u0131 konstruksiyas\u0131 v\u0259 m\u00f6hk\u0259ml\u0259ndirilmi\u015f k\u0259narlar\u0131 x\u0259st\u0259xanalar, g\u00f6r\u00fcnt\u00fcl\u0259m\u0259 m\u0259rk\u0259zl\u0259ri v\u0259 radiologiya \u015f\u00f6b\u0259l\u0259ri kimi klinik m\u00fchitl\u0259rd\u0259 uzunm\u00fcdd\u0259tli istifad\u0259 \u00fc\u00e7\u00fcn n\u0259z\u0259rd\u0259 tutulmu\u015fdur.<\/p>\n<p data-start=\"674\" data-end=\"946\">M\u0259hsul <strong data-start=\"1301\" data-end=\"1330\">Kiran Optima\/Maxima Skirt<\/strong> rutin g\u00f6r\u00fcnt\u00fcl\u0259m\u0259 prosedurlar\u0131 zaman\u0131 s\u0259hiyy\u0259 m\u00fct\u0259x\u0259ssisl\u0259rinin t\u0259hl\u00fck\u0259sizliyini v\u0259 rahatl\u0131\u011f\u0131n\u0131 t\u0259min etm\u0259k \u00fc\u00e7\u00fcn n\u0259z\u0259rd\u0259 tutulmu\u015f praktik radiasiyadan m\u00fchafiz\u0259 geyimidir.<\/p>","protected":false},"excerpt":{"rendered":"<p>The Kiran Skirt Optima\/Maxima (Medium) is designed to provide reliable radiation protection for medical professionals working in diagnostic imaging environments. With 0.5 \/ 0.25 mm Pb equivalent protection, the skirt helps shield the lower body from scatter radiation during radiology and fluoroscopy procedures. Manufactured using Leadlite material, the skirt offers effective radiation protection while maintaining [&hellip;]<\/p>\n","protected":false},"featured_media":3841,"comment_status":"open","ping_status":"closed","template":"","meta":{"site-sidebar-layout":"default","site-content-layout":"","ast-site-content-layout":"default","site-content-style":"default","site-sidebar-style":"default","ast-global-header-display":"","ast-banner-title-visibility":"","ast-main-header-display":"","ast-hfb-above-header-display":"","ast-hfb-below-header-display":"","ast-hfb-mobile-header-display":"","site-post-title":"","ast-breadcrumbs-content":"","ast-featured-img":"","footer-sml-layout":"","ast-disable-related-posts":"","theme-transparent-header-meta":"default","adv-header-id-meta":"","stick-header-meta":"","header-above-stick-meta":"","header-main-stick-meta":"","header-below-stick-meta":"","astra-migrate-meta-layouts":"set","ast-page-background-enabled":"default","ast-page-background-meta":{"desktop":{"background-color":"","background-image":"","background-repeat":"repeat","background-position":"center center","background-size":"auto","background-attachment":"scroll","background-type":"","background-media":"","overlay-type":"","overlay-color":"","overlay-opacity":"","overlay-gradient":""},"tablet":{"background-color":"","background-image":"","background-repeat":"repeat","background-position":"center center","background-size":"auto","background-attachment":"scroll","background-type":"","background-media":"","overlay-type":"","overlay-color":"","overlay-opacity":"","overlay-gradient":""},"mobile":{"background-color":"","background-image":"","background-repeat":"repeat","background-position":"center center","background-size":"auto","background-attachment":"scroll","background-type":"","background-media":"","overlay-type":"","overlay-color":"","overlay-opacity":"","overlay-gradient":""}},"ast-content-background-meta":{"desktop":{"background-color":"var(--ast-global-color-5)","background-image":"","background-repeat":"repeat","background-position":"center center","background-size":"auto","background-attachment":"scroll","background-type":"","background-media":"","overlay-type":"","overlay-color":"","overlay-opacity":"","overlay-gradient":""},"tablet":{"background-color":"var(--ast-global-color-5)","background-image":"","background-repeat":"repeat","background-position":"center center","background-size":"auto","background-attachment":"scroll","background-type":"","background-media":"","overlay-type":"","overlay-color":"","overlay-opacity":"","overlay-gradient":""},"mobile":{"background-color":"var(--ast-global-color-5)","background-image":"","background-repeat":"repeat","background-position":"center center","background-size":"auto","background-attachment":"scroll","background-type":"","background-media":"","overlay-type":"","overlay-color":"","overlay-opacity":"","overlay-gradient":""}}},"product_brand":[],"product_cat":[76,75],"product_tag":[],"class_list":{"0":"post-3840","1":"product","2":"type-product","3":"status-publish","4":"has-post-thumbnail","6":"product_cat-skirts","7":"product_cat-x-ray-protective-products","8":"desktop-align-center","9":"tablet-align-center","10":"mobile-align-center","12":"first","13":"instock","14":"shipping-taxable","15":"purchasable","16":"product-type-simple"},"_links":{"self":[{"href":"https:\/\/goldentrail.az\/az\/wp-json\/wp\/v2\/product\/3840","targetHints":{"allow":["GET"]}}],"collection":[{"href":"https:\/\/goldentrail.az\/az\/wp-json\/wp\/v2\/product"}],"about":[{"href":"https:\/\/goldentrail.az\/az\/wp-json\/wp\/v2\/types\/product"}],"replies":[{"embeddable":true,"href":"https:\/\/goldentrail.az\/az\/wp-json\/wp\/v2\/comments?post=3840"}],"wp:featuredmedia":[{"embeddable":true,"href":"https:\/\/goldentrail.az\/az\/wp-json\/wp\/v2\/media\/3841"}],"wp:attachment":[{"href":"https:\/\/goldentrail.az\/az\/wp-json\/wp\/v2\/media?parent=3840"}],"wp:term":[{"taxonomy":"product_brand","embeddable":true,"href":"https:\/\/goldentrail.az\/az\/wp-json\/wp\/v2\/product_brand?post=3840"},{"taxonomy":"product_cat","embeddable":true,"href":"https:\/\/goldentrail.az\/az\/wp-json\/wp\/v2\/product_cat?post=3840"},{"taxonomy":"product_tag","embeddable":true,"href":"https:\/\/goldentrail.az\/az\/wp-json\/wp\/v2\/product_tag?post=3840"}],"curies":[{"name":"wp","href":"https:\/\/api.w.org\/{rel}","templated":true}]}}