{"id":3837,"date":"2026-03-12T18:55:35","date_gmt":"2026-03-12T14:55:35","guid":{"rendered":"https:\/\/goldentrail.az\/?post_type=product&#038;p=3837"},"modified":"2026-03-12T18:55:35","modified_gmt":"2026-03-12T14:55:35","slug":"children-coat-apron-0-50-mm-pb-zerolead-6-8-years-w-g-45-kiran","status":"publish","type":"product","link":"https:\/\/goldentrail.az\/az\/product\/children-coat-apron-0-50-mm-pb-zerolead-6-8-years-w-g-45-kiran\/","title":{"rendered":"U\u015faqlar \u00fc\u00e7\u00fcn Qoruyucu Xalat \u2013 0.50 mm Pb Zerolead (6\u20138 ya\u015f) W\/G-45 \u2013 Kiran"},"content":{"rendered":"<p data-start=\"154\" data-end=\"516\">M\u0259hsul <strong data-start=\"158\" data-end=\"194\">Kiran Children Coat Apron W\/G-45<\/strong> G\u0259nc pasiyentl\u0259r \u00fc\u00e7\u00fcn x\u00fcsusi olaraq haz\u0131rlanm\u0131\u015f y\u00fcng\u00fcl v\u0259 etibarl\u0131 radiasiyadan qorunma geyimidir <strong data-start=\"300\" data-end=\"316\">6-8 ya\u015f aras\u0131 u\u015faqlar \u00fc\u00e7\u00fcn,<\/strong>innovativ texnologiya il\u0259 t\u0259chiz olunub <strong data-start=\"334\" data-end=\"370\">0.50 mm Pb ekvivalentli m\u00fchafiz\u0259 d\u0259r\u0259c\u0259si il\u0259<\/strong>diaqnostik g\u00f6r\u00fcnt\u00fcl\u0259m\u0259 prosedurlar\u0131 zaman\u0131 u\u015faqlar \u00fc\u00e7\u00fcn rahatl\u0131\u011f\u0131 v\u0259 h\u0259r\u0259k\u0259t s\u0259rb\u0259stliyini t\u0259min etm\u0259kl\u0259 yana\u015f\u0131, s\u0259p\u0259l\u0259nmi\u015f radiasiyadan effektiv m\u00fcdafi\u0259 t\u0259qdim edir<\/p>\n<p data-start=\"518\" data-end=\"881\">istehsal olunub <strong data-start=\"537\" data-end=\"569\">advanced Zerolead technology<\/strong>, \u0259n\u0259n\u0259vi qur\u011fu\u015fun geyiml\u0259rl\u0259 eyni qorunma performans\u0131n\u0131 t\u0259min etm\u0259kl\u0259 yana\u015f\u0131, \u0259traf m\u00fchit\u0259 m\u0259nfi t\u0259sirini azald\u0131r v\u0259 istifad\u0259\u00e7i rahatl\u0131\u011f\u0131n\u0131 art\u0131r\u0131r. Erqonomik <strong data-start=\"731\" data-end=\"758\">.palto tipli \u00f6nl\u00fck dizayn<\/strong> t\u0259min edir <strong data-start=\"767\" data-end=\"790\">\u00f6n hiss\u0259nin tam qorunmas\u0131n\u0131<\/strong>, rentgenologiya, fl\u00fcoroskopiya v\u0259 dig\u0259r g\u00f6r\u00fcnt\u00fcl\u0259m\u0259 prosedurlar\u0131 zaman\u0131 h\u0259yati vacib orqanlar\u0131n qorunmas\u0131na k\u00f6m\u0259k edir<\/p>\n<p data-start=\"883\" data-end=\"1188\">\u00d6nl\u00fck yum\u015faq <strong data-start=\"902\" data-end=\"955\">\u00e7evik materiallar v\u0259 u\u015faqlar \u00fc\u00e7\u00fcn uy\u011fun k\u0259simi il\u0259 se\u00e7ilir,<\/strong>Bu, radiasiyadan sabit qorunman\u0131 t\u0259min etm\u0259kl\u0259 yana\u015f\u0131, asan h\u0259r\u0259k\u0259t etm\u0259y\u0259 imkan verir. Dayan\u0131ql\u0131 tiki\u015fl\u0259r v\u0259 g\u00fccl\u0259ndirilmi\u015f k\u0259narlar x\u0259st\u0259xanalar, diaqnostika m\u0259rk\u0259zl\u0259ri v\u0259 pediatrik g\u00f6r\u00fcnt\u00fcl\u0259m\u0259 \u015f\u00f6b\u0259l\u0259ri kimi tibbi m\u00fchitl\u0259rd\u0259 uzunm\u00fcdd\u0259tli istifad\u0259y\u0259 z\u0259man\u0259t verir.<\/p>","protected":false},"excerpt":{"rendered":"<p>The Kiran Children Coat Apron W\/G-45 is a lightweight and reliable radiation protection garment designed specifically for young patients aged 6 to 8 years. Engineered with 0.50 mm Pb equivalent protection, it provides effective shielding from scatter radiation during diagnostic imaging procedures while maintaining comfort and mobility for children. Manufactured using advanced Zerolead technology, the [&hellip;]<\/p>\n","protected":false},"featured_media":3838,"comment_status":"open","ping_status":"closed","template":"","meta":{"site-sidebar-layout":"default","site-content-layout":"","ast-site-content-layout":"default","site-content-style":"default","site-sidebar-style":"default","ast-global-header-display":"","ast-banner-title-visibility":"","ast-main-header-display":"","ast-hfb-above-header-display":"","ast-hfb-below-header-display":"","ast-hfb-mobile-header-display":"","site-post-title":"","ast-breadcrumbs-content":"","ast-featured-img":"","footer-sml-layout":"","ast-disable-related-posts":"","theme-transparent-header-meta":"default","adv-header-id-meta":"","stick-header-meta":"","header-above-stick-meta":"","header-main-stick-meta":"","header-below-stick-meta":"","astra-migrate-meta-layouts":"set","ast-page-background-enabled":"default","ast-page-background-meta":{"desktop":{"background-color":"","background-image":"","background-repeat":"repeat","background-position":"center center","background-size":"auto","background-attachment":"scroll","background-type":"","background-media":"","overlay-type":"","overlay-color":"","overlay-opacity":"","overlay-gradient":""},"tablet":{"background-color":"","background-image":"","background-repeat":"repeat","background-position":"center center","background-size":"auto","background-attachment":"scroll","background-type":"","background-media":"","overlay-type":"","overlay-color":"","overlay-opacity":"","overlay-gradient":""},"mobile":{"background-color":"","background-image":"","background-repeat":"repeat","background-position":"center center","background-size":"auto","background-attachment":"scroll","background-type":"","background-media":"","overlay-type":"","overlay-color":"","overlay-opacity":"","overlay-gradient":""}},"ast-content-background-meta":{"desktop":{"background-color":"var(--ast-global-color-5)","background-image":"","background-repeat":"repeat","background-position":"center center","background-size":"auto","background-attachment":"scroll","background-type":"","background-media":"","overlay-type":"","overlay-color":"","overlay-opacity":"","overlay-gradient":""},"tablet":{"background-color":"var(--ast-global-color-5)","background-image":"","background-repeat":"repeat","background-position":"center center","background-size":"auto","background-attachment":"scroll","background-type":"","background-media":"","overlay-type":"","overlay-color":"","overlay-opacity":"","overlay-gradient":""},"mobile":{"background-color":"var(--ast-global-color-5)","background-image":"","background-repeat":"repeat","background-position":"center center","background-size":"auto","background-attachment":"scroll","background-type":"","background-media":"","overlay-type":"","overlay-color":"","overlay-opacity":"","overlay-gradient":""}}},"product_brand":[],"product_cat":[75],"product_tag":[],"class_list":{"0":"post-3837","1":"product","2":"type-product","3":"status-publish","4":"has-post-thumbnail","6":"product_cat-x-ray-protective-products","7":"desktop-align-center","8":"tablet-align-center","9":"mobile-align-center","11":"first","12":"instock","13":"shipping-taxable","14":"purchasable","15":"product-type-simple"},"_links":{"self":[{"href":"https:\/\/goldentrail.az\/az\/wp-json\/wp\/v2\/product\/3837","targetHints":{"allow":["GET"]}}],"collection":[{"href":"https:\/\/goldentrail.az\/az\/wp-json\/wp\/v2\/product"}],"about":[{"href":"https:\/\/goldentrail.az\/az\/wp-json\/wp\/v2\/types\/product"}],"replies":[{"embeddable":true,"href":"https:\/\/goldentrail.az\/az\/wp-json\/wp\/v2\/comments?post=3837"}],"wp:featuredmedia":[{"embeddable":true,"href":"https:\/\/goldentrail.az\/az\/wp-json\/wp\/v2\/media\/3838"}],"wp:attachment":[{"href":"https:\/\/goldentrail.az\/az\/wp-json\/wp\/v2\/media?parent=3837"}],"wp:term":[{"taxonomy":"product_brand","embeddable":true,"href":"https:\/\/goldentrail.az\/az\/wp-json\/wp\/v2\/product_brand?post=3837"},{"taxonomy":"product_cat","embeddable":true,"href":"https:\/\/goldentrail.az\/az\/wp-json\/wp\/v2\/product_cat?post=3837"},{"taxonomy":"product_tag","embeddable":true,"href":"https:\/\/goldentrail.az\/az\/wp-json\/wp\/v2\/product_tag?post=3837"}],"curies":[{"name":"wp","href":"https:\/\/api.w.org\/{rel}","templated":true}]}}