{"id":3832,"date":"2026-03-12T00:33:22","date_gmt":"2026-03-11T20:33:22","guid":{"rendered":"https:\/\/goldentrail.az\/?post_type=product&#038;p=3832"},"modified":"2026-03-12T00:33:22","modified_gmt":"2026-03-11T20:33:22","slug":"spunlace-wipes-5-x-5-cm","status":"publish","type":"product","link":"https:\/\/goldentrail.az\/az\/product\/spunlace-wipes-5-x-5-cm\/","title":{"rendered":"Spunlace materialdan salfetl\u0259r, 5 \u00d7 5 sm"},"content":{"rendered":"<p>Bird\u0259f\u0259lik salfetl\u0259r 40 q\/m\u00b2 s\u0131xl\u0131\u011fa malik m\u00fcasir, yum\u015faq v\u0259 tiftiksiz \"Spunlace\" material\u0131ndan haz\u0131rlanm\u0131\u015fd\u0131r. G\u00f6z\u0259llik s\u0259nayesi, tibb v\u0259 m\u0259i\u015f\u0259td\u0259 istifad\u0259si sanitar normalar t\u0259r\u0259find\u0259n t\u00f6vsiy\u0259 olunur. 5 \u00d7 5 sm \u00f6l\u00e7\u00fcs\u00fc kosmetologiya v\u0259 d\u0131rnaq xidm\u0259tl\u0259rind\u0259 (manik\u00fcr\/pedik\u00fcr) istifad\u0259 olunur. \"Spunlace\" m\u00fcasir tiftiksiz materiald\u0131r, yum\u015faqd\u0131r v\u0259 toxunu\u015fu xo\u015fdur. M\u0259hsulun formas\u0131n\u0131 v\u0259 m\u00f6hk\u0259mliyini qoruyaraq n\u0259mi yax\u015f\u0131 hopdurur. H\u0259r prosedur \u00fc\u00e7\u00fcn yaln\u0131z bir salfet kifay\u0259tdir. \u0130stifad\u0259 edildikd\u0259n sonra salfet at\u0131lmal\u0131d\u0131r<\/p>","protected":false},"excerpt":{"rendered":"<p>Disposable wipes are made of modern soft and lint-free spunlace material with a density of 40 g\/m\u00b2. Recommended by sanitary standards for use in the beauty industry, medicine, and household applications. The 5 \u00d7 5 cm size is used in cosmetology and nail services. Spunlace is a modern lint-free material, soft and pleasant to the [&hellip;]<\/p>\n","protected":false},"featured_media":3833,"comment_status":"open","ping_status":"closed","template":"","meta":{"site-sidebar-layout":"default","site-content-layout":"","ast-site-content-layout":"default","site-content-style":"default","site-sidebar-style":"default","ast-global-header-display":"","ast-banner-title-visibility":"","ast-main-header-display":"","ast-hfb-above-header-display":"","ast-hfb-below-header-display":"","ast-hfb-mobile-header-display":"","site-post-title":"","ast-breadcrumbs-content":"","ast-featured-img":"","footer-sml-layout":"","ast-disable-related-posts":"","theme-transparent-header-meta":"default","adv-header-id-meta":"","stick-header-meta":"","header-above-stick-meta":"","header-main-stick-meta":"","header-below-stick-meta":"","astra-migrate-meta-layouts":"set","ast-page-background-enabled":"default","ast-page-background-meta":{"desktop":{"background-color":"","background-image":"","background-repeat":"repeat","background-position":"center center","background-size":"auto","background-attachment":"scroll","background-type":"","background-media":"","overlay-type":"","overlay-color":"","overlay-opacity":"","overlay-gradient":""},"tablet":{"background-color":"","background-image":"","background-repeat":"repeat","background-position":"center center","background-size":"auto","background-attachment":"scroll","background-type":"","background-media":"","overlay-type":"","overlay-color":"","overlay-opacity":"","overlay-gradient":""},"mobile":{"background-color":"","background-image":"","background-repeat":"repeat","background-position":"center center","background-size":"auto","background-attachment":"scroll","background-type":"","background-media":"","overlay-type":"","overlay-color":"","overlay-opacity":"","overlay-gradient":""}},"ast-content-background-meta":{"desktop":{"background-color":"var(--ast-global-color-5)","background-image":"","background-repeat":"repeat","background-position":"center center","background-size":"auto","background-attachment":"scroll","background-type":"","background-media":"","overlay-type":"","overlay-color":"","overlay-opacity":"","overlay-gradient":""},"tablet":{"background-color":"var(--ast-global-color-5)","background-image":"","background-repeat":"repeat","background-position":"center center","background-size":"auto","background-attachment":"scroll","background-type":"","background-media":"","overlay-type":"","overlay-color":"","overlay-opacity":"","overlay-gradient":""},"mobile":{"background-color":"var(--ast-global-color-5)","background-image":"","background-repeat":"repeat","background-position":"center center","background-size":"auto","background-attachment":"scroll","background-type":"","background-media":"","overlay-type":"","overlay-color":"","overlay-opacity":"","overlay-gradient":""}}},"product_brand":[],"product_cat":[48,72],"product_tag":[],"class_list":{"0":"post-3832","1":"product","2":"type-product","3":"status-publish","4":"has-post-thumbnail","6":"product_cat-disposable-products","7":"product_cat-wipes","8":"desktop-align-center","9":"tablet-align-center","10":"mobile-align-center","12":"first","13":"instock","14":"shipping-taxable","15":"purchasable","16":"product-type-simple"},"_links":{"self":[{"href":"https:\/\/goldentrail.az\/az\/wp-json\/wp\/v2\/product\/3832","targetHints":{"allow":["GET"]}}],"collection":[{"href":"https:\/\/goldentrail.az\/az\/wp-json\/wp\/v2\/product"}],"about":[{"href":"https:\/\/goldentrail.az\/az\/wp-json\/wp\/v2\/types\/product"}],"replies":[{"embeddable":true,"href":"https:\/\/goldentrail.az\/az\/wp-json\/wp\/v2\/comments?post=3832"}],"wp:featuredmedia":[{"embeddable":true,"href":"https:\/\/goldentrail.az\/az\/wp-json\/wp\/v2\/media\/3833"}],"wp:attachment":[{"href":"https:\/\/goldentrail.az\/az\/wp-json\/wp\/v2\/media?parent=3832"}],"wp:term":[{"taxonomy":"product_brand","embeddable":true,"href":"https:\/\/goldentrail.az\/az\/wp-json\/wp\/v2\/product_brand?post=3832"},{"taxonomy":"product_cat","embeddable":true,"href":"https:\/\/goldentrail.az\/az\/wp-json\/wp\/v2\/product_cat?post=3832"},{"taxonomy":"product_tag","embeddable":true,"href":"https:\/\/goldentrail.az\/az\/wp-json\/wp\/v2\/product_tag?post=3832"}],"curies":[{"name":"wp","href":"https:\/\/api.w.org\/{rel}","templated":true}]}}