{"id":3822,"date":"2026-03-12T00:25:47","date_gmt":"2026-03-11T20:25:47","guid":{"rendered":"https:\/\/goldentrail.az\/?post_type=product&#038;p=3822"},"modified":"2026-03-19T12:34:15","modified_gmt":"2026-03-19T08:34:15","slug":"spunlace-wipes-in-a-perforated-roll-20-x-20-cm","status":"publish","type":"product","link":"https:\/\/goldentrail.az\/az\/product\/spunlace-wipes-in-a-perforated-roll-20-x-20-cm\/","title":{"rendered":"Spunlace materialdan perforasiyal\u0131 rulon salfetl\u0259r, 20 \u00d7 20 sm"},"content":{"rendered":"<p>Y\u00fcks\u0259k viskoz t\u0259rkibli v\u0259 40 q\/m\u00b2 s\u0131xl\u0131ql\u0131 \"Spunlace\" bird\u0259f\u0259lik salfetl\u0259r. Perforasiyal\u0131 rulon format\u0131 salfetl\u0259rin asanl\u0131qla qopar\u0131lmas\u0131n\u0131 t\u0259min edir, eyni zamanda material deformasiyaya u\u011fram\u0131r v\u0259 c\u0131r\u0131lm\u0131r. Bu \u00f6l\u00e7\u00fcd\u0259 olan salfetl\u0259r \u00fcz v\u0259 dekolte nahiy\u0259sin\u0259 qulluq prosedurlar\u0131, h\u0259m\u00e7inin manik\u00fcr \u00fc\u00e7\u00fcn istifad\u0259 olunur<\/p>","protected":false},"excerpt":{"rendered":"<p>Y\u00fcks\u0259k viskoz t\u0259rkibli v\u0259 40 q\/m\u00b2 s\u0131xl\u0131ql\u0131 \"Spunlace\" bird\u0259f\u0259lik salfetl\u0259r. Perforasiyal\u0131 rulon format\u0131 salfetl\u0259rin asanl\u0131qla qopar\u0131lmas\u0131n\u0131 t\u0259min edir, eyni zamanda material deformasiyaya u\u011fram\u0131r v\u0259 c\u0131r\u0131lm\u0131r. Bu \u00f6l\u00e7\u00fcd\u0259 olan salfetl\u0259r \u00fcz v\u0259 dekolte nahiy\u0259sin\u0259 qulluq prosedurlar\u0131, h\u0259m\u00e7inin manik\u00fcr \u00fc\u00e7\u00fcn istifad\u0259 olunur<\/p>","protected":false},"featured_media":3823,"comment_status":"open","ping_status":"closed","template":"","meta":{"site-sidebar-layout":"default","site-content-layout":"","ast-site-content-layout":"default","site-content-style":"default","site-sidebar-style":"default","ast-global-header-display":"","ast-banner-title-visibility":"","ast-main-header-display":"","ast-hfb-above-header-display":"","ast-hfb-below-header-display":"","ast-hfb-mobile-header-display":"","site-post-title":"","ast-breadcrumbs-content":"","ast-featured-img":"","footer-sml-layout":"","ast-disable-related-posts":"","theme-transparent-header-meta":"default","adv-header-id-meta":"","stick-header-meta":"","header-above-stick-meta":"","header-main-stick-meta":"","header-below-stick-meta":"","astra-migrate-meta-layouts":"set","ast-page-background-enabled":"default","ast-page-background-meta":{"desktop":{"background-color":"","background-image":"","background-repeat":"repeat","background-position":"center center","background-size":"auto","background-attachment":"scroll","background-type":"","background-media":"","overlay-type":"","overlay-color":"","overlay-opacity":"","overlay-gradient":""},"tablet":{"background-color":"","background-image":"","background-repeat":"repeat","background-position":"center center","background-size":"auto","background-attachment":"scroll","background-type":"","background-media":"","overlay-type":"","overlay-color":"","overlay-opacity":"","overlay-gradient":""},"mobile":{"background-color":"","background-image":"","background-repeat":"repeat","background-position":"center center","background-size":"auto","background-attachment":"scroll","background-type":"","background-media":"","overlay-type":"","overlay-color":"","overlay-opacity":"","overlay-gradient":""}},"ast-content-background-meta":{"desktop":{"background-color":"var(--ast-global-color-5)","background-image":"","background-repeat":"repeat","background-position":"center center","background-size":"auto","background-attachment":"scroll","background-type":"","background-media":"","overlay-type":"","overlay-color":"","overlay-opacity":"","overlay-gradient":""},"tablet":{"background-color":"var(--ast-global-color-5)","background-image":"","background-repeat":"repeat","background-position":"center center","background-size":"auto","background-attachment":"scroll","background-type":"","background-media":"","overlay-type":"","overlay-color":"","overlay-opacity":"","overlay-gradient":""},"mobile":{"background-color":"var(--ast-global-color-5)","background-image":"","background-repeat":"repeat","background-position":"center center","background-size":"auto","background-attachment":"scroll","background-type":"","background-media":"","overlay-type":"","overlay-color":"","overlay-opacity":"","overlay-gradient":""}}},"product_brand":[],"product_cat":[48,72],"product_tag":[],"class_list":{"0":"post-3822","1":"product","2":"type-product","3":"status-publish","4":"has-post-thumbnail","6":"product_cat-disposable-products","7":"product_cat-wipes","8":"desktop-align-center","9":"tablet-align-center","10":"mobile-align-center","12":"first","13":"instock","14":"featured","15":"shipping-taxable","16":"purchasable","17":"product-type-simple"},"_links":{"self":[{"href":"https:\/\/goldentrail.az\/az\/wp-json\/wp\/v2\/product\/3822","targetHints":{"allow":["GET"]}}],"collection":[{"href":"https:\/\/goldentrail.az\/az\/wp-json\/wp\/v2\/product"}],"about":[{"href":"https:\/\/goldentrail.az\/az\/wp-json\/wp\/v2\/types\/product"}],"replies":[{"embeddable":true,"href":"https:\/\/goldentrail.az\/az\/wp-json\/wp\/v2\/comments?post=3822"}],"wp:featuredmedia":[{"embeddable":true,"href":"https:\/\/goldentrail.az\/az\/wp-json\/wp\/v2\/media\/3823"}],"wp:attachment":[{"href":"https:\/\/goldentrail.az\/az\/wp-json\/wp\/v2\/media?parent=3822"}],"wp:term":[{"taxonomy":"product_brand","embeddable":true,"href":"https:\/\/goldentrail.az\/az\/wp-json\/wp\/v2\/product_brand?post=3822"},{"taxonomy":"product_cat","embeddable":true,"href":"https:\/\/goldentrail.az\/az\/wp-json\/wp\/v2\/product_cat?post=3822"},{"taxonomy":"product_tag","embeddable":true,"href":"https:\/\/goldentrail.az\/az\/wp-json\/wp\/v2\/product_tag?post=3822"}],"curies":[{"name":"wp","href":"https:\/\/api.w.org\/{rel}","templated":true}]}}