{"id":3818,"date":"2026-03-12T00:21:37","date_gmt":"2026-03-11T20:21:37","guid":{"rendered":"https:\/\/goldentrail.az\/?post_type=product&#038;p=3818"},"modified":"2026-03-12T00:21:37","modified_gmt":"2026-03-11T20:21:37","slug":"lint-free-wipes-5-x-5-cm","status":"publish","type":"product","link":"https:\/\/goldentrail.az\/az\/product\/lint-free-wipes-5-x-5-cm\/","title":{"rendered":"Tiftiksiz salfetl\u0259r, 5 \u00d7 5 sm"},"content":{"rendered":"<p>Salfetl\u0259r d\u0131rnaq boyas\u0131, gel-lak, akril v\u0259 biogelin yap\u0131\u015fqan qat\u0131n\u0131 z\u0259rif v\u0259 etibarl\u0131 \u015f\u0259kild\u0259 t\u0259mizl\u0259yir. H\u0259m\u00e7inin t\u0259bii v\u0259 s\u00fcni d\u0131rnaq l\u00f6vh\u0259l\u0259rinin ya\u011fs\u0131zla\u015fd\u0131r\u0131lmas\u0131 \u00fc\u00e7\u00fcn ideald\u0131r; d\u0131rnaq s\u0259thind\u0259 tiftik qoymur v\u0259 d\u0131rna\u011f\u0131 c\u0131zm\u0131r. Salfetl\u0259r laylara ayr\u0131lm\u0131r, qal\u0131q buraxm\u0131r v\u0259 formas\u0131n\u0131 yax\u015f\u0131 saxlay\u0131r.<br \/>\nThey are suitable for both professional and home use.<\/p>","protected":false},"excerpt":{"rendered":"<p>The wipes gently and reliably remove the sticky layer of nail polish, gel polish, acrylic, and biogel, and are also ideal for degreasing natural and artificial nail plates without leaving lint or scratching the nail surface. The wipes do not delaminate, leave no residue, and retain their shape well. They are suitable for both professional [&hellip;]<\/p>\n","protected":false},"featured_media":3819,"comment_status":"open","ping_status":"closed","template":"","meta":{"site-sidebar-layout":"default","site-content-layout":"","ast-site-content-layout":"default","site-content-style":"default","site-sidebar-style":"default","ast-global-header-display":"","ast-banner-title-visibility":"","ast-main-header-display":"","ast-hfb-above-header-display":"","ast-hfb-below-header-display":"","ast-hfb-mobile-header-display":"","site-post-title":"","ast-breadcrumbs-content":"","ast-featured-img":"","footer-sml-layout":"","ast-disable-related-posts":"","theme-transparent-header-meta":"default","adv-header-id-meta":"","stick-header-meta":"","header-above-stick-meta":"","header-main-stick-meta":"","header-below-stick-meta":"","astra-migrate-meta-layouts":"set","ast-page-background-enabled":"default","ast-page-background-meta":{"desktop":{"background-color":"","background-image":"","background-repeat":"repeat","background-position":"center center","background-size":"auto","background-attachment":"scroll","background-type":"","background-media":"","overlay-type":"","overlay-color":"","overlay-opacity":"","overlay-gradient":""},"tablet":{"background-color":"","background-image":"","background-repeat":"repeat","background-position":"center center","background-size":"auto","background-attachment":"scroll","background-type":"","background-media":"","overlay-type":"","overlay-color":"","overlay-opacity":"","overlay-gradient":""},"mobile":{"background-color":"","background-image":"","background-repeat":"repeat","background-position":"center center","background-size":"auto","background-attachment":"scroll","background-type":"","background-media":"","overlay-type":"","overlay-color":"","overlay-opacity":"","overlay-gradient":""}},"ast-content-background-meta":{"desktop":{"background-color":"var(--ast-global-color-5)","background-image":"","background-repeat":"repeat","background-position":"center center","background-size":"auto","background-attachment":"scroll","background-type":"","background-media":"","overlay-type":"","overlay-color":"","overlay-opacity":"","overlay-gradient":""},"tablet":{"background-color":"var(--ast-global-color-5)","background-image":"","background-repeat":"repeat","background-position":"center center","background-size":"auto","background-attachment":"scroll","background-type":"","background-media":"","overlay-type":"","overlay-color":"","overlay-opacity":"","overlay-gradient":""},"mobile":{"background-color":"var(--ast-global-color-5)","background-image":"","background-repeat":"repeat","background-position":"center center","background-size":"auto","background-attachment":"scroll","background-type":"","background-media":"","overlay-type":"","overlay-color":"","overlay-opacity":"","overlay-gradient":""}}},"product_brand":[],"product_cat":[48,72],"product_tag":[],"class_list":{"0":"post-3818","1":"product","2":"type-product","3":"status-publish","4":"has-post-thumbnail","6":"product_cat-disposable-products","7":"product_cat-wipes","8":"desktop-align-center","9":"tablet-align-center","10":"mobile-align-center","12":"first","13":"instock","14":"shipping-taxable","15":"purchasable","16":"product-type-simple"},"_links":{"self":[{"href":"https:\/\/goldentrail.az\/az\/wp-json\/wp\/v2\/product\/3818","targetHints":{"allow":["GET"]}}],"collection":[{"href":"https:\/\/goldentrail.az\/az\/wp-json\/wp\/v2\/product"}],"about":[{"href":"https:\/\/goldentrail.az\/az\/wp-json\/wp\/v2\/types\/product"}],"replies":[{"embeddable":true,"href":"https:\/\/goldentrail.az\/az\/wp-json\/wp\/v2\/comments?post=3818"}],"wp:featuredmedia":[{"embeddable":true,"href":"https:\/\/goldentrail.az\/az\/wp-json\/wp\/v2\/media\/3819"}],"wp:attachment":[{"href":"https:\/\/goldentrail.az\/az\/wp-json\/wp\/v2\/media?parent=3818"}],"wp:term":[{"taxonomy":"product_brand","embeddable":true,"href":"https:\/\/goldentrail.az\/az\/wp-json\/wp\/v2\/product_brand?post=3818"},{"taxonomy":"product_cat","embeddable":true,"href":"https:\/\/goldentrail.az\/az\/wp-json\/wp\/v2\/product_cat?post=3818"},{"taxonomy":"product_tag","embeddable":true,"href":"https:\/\/goldentrail.az\/az\/wp-json\/wp\/v2\/product_tag?post=3818"}],"curies":[{"name":"wp","href":"https:\/\/api.w.org\/{rel}","templated":true}]}}