{"id":3812,"date":"2026-03-12T00:16:07","date_gmt":"2026-03-11T20:16:07","guid":{"rendered":"https:\/\/goldentrail.az\/?post_type=product&#038;p=3812"},"modified":"2026-04-24T14:14:58","modified_gmt":"2026-04-24T10:14:58","slug":"medical-sheets-underpads-made-of-spunbond-10-g-m%c2%b2-perforated-roll-200-x-80-cm","status":"publish","type":"product","link":"https:\/\/goldentrail.az\/az\/product\/medical-sheets-underpads-made-of-spunbond-10-g-m%c2%b2-perforated-roll-200-x-80-cm\/","title":{"rendered":"Spunbond materialdan tibbi m\u0259l\u0259f\u0259l\u0259r (altl\u0131qlar), 10 q\/m\u00b2, perforasiyal\u0131 rulon, 200 \u00d7 80 sm"},"content":{"rendered":"<p>Bird\u0259f\u0259lik tibbi m\u0259l\u0259f\u0259l\u0259r m\u00fcasir, tiftiksiz spunbond material\u0131ndan (s\u0131xl\u0131\u011f\u0131 10 q\/m\u00b2) haz\u0131rlanm\u0131\u015fd\u0131r. Material allergik reaksiyalara s\u0259b\u0259b olmur, statik elektrik yaratm\u0131r v\u0259 toz \u00e7\u0259kmir, bu da m\u00fc\u015ft\u0259ri \u00fc\u00e7\u00fcn tam rahatl\u0131\u011f\u0131 t\u0259min edir. M\u0259l\u0259f\u0259l\u0259r kusetkalar\u0131n v\u0259 pedik\u00fcr kreslolar\u0131n\u0131n \u00fcz\u0259rin\u0259, \u00fczl\u00fckl\u0259rin v\u0259 ya frot\u00e9 (t\u00fckc\u00fckl\u00fc) m\u0259l\u0259f\u0259l\u0259rin \u00fcst\u00fcnd\u0259n s\u0259rilir. Rulon \u015f\u0259klind\u0259 olan m\u0259l\u0259f\u0259l\u0259r m\u00fck\u0259mm\u0259l perforasiyaya malikdir v\u0259 saxlanma \u015f\u0259raitini optimalla\u015fd\u0131r\u0131r. \u0130stifad\u0259 zaman\u0131 x\u00fcsusi tutaca\u011f\u0131n (d\u0259rinin) olmas\u0131 vacibdir; sanitar normalara \u0259sas\u0259n, onsuz m\u0259l\u0259f\u0259l\u0259rin istifad\u0259si t\u00f6vsiy\u0259 edilmir. 200 \u00d7 80 sm \u00f6l\u00e7\u00fcs\u00fc kusetkalar v\u0259 pedik\u00fcr kreslolar\u0131 \u00fc\u00e7\u00fcn ideald\u0131r.<\/p>","protected":false},"excerpt":{"rendered":"<p>Disposable medical sheets are made of modern lint-free spunbond material (density 10 g\/m\u00b2). The material does not cause allergic reactions and does not create static electricity or attract dust, ensuring a comfortable experience for the client. The sheets are placed on couches and pedicure chairs over covers or terry sheets. Rolled sheets have excellent perforation [&hellip;]<\/p>\n","protected":false},"featured_media":3813,"comment_status":"open","ping_status":"closed","template":"","meta":{"site-sidebar-layout":"default","site-content-layout":"","ast-site-content-layout":"default","site-content-style":"default","site-sidebar-style":"default","ast-global-header-display":"","ast-banner-title-visibility":"","ast-main-header-display":"","ast-hfb-above-header-display":"","ast-hfb-below-header-display":"","ast-hfb-mobile-header-display":"","site-post-title":"","ast-breadcrumbs-content":"","ast-featured-img":"","footer-sml-layout":"","ast-disable-related-posts":"","theme-transparent-header-meta":"default","adv-header-id-meta":"","stick-header-meta":"","header-above-stick-meta":"","header-main-stick-meta":"","header-below-stick-meta":"","astra-migrate-meta-layouts":"set","ast-page-background-enabled":"default","ast-page-background-meta":{"desktop":{"background-color":"","background-image":"","background-repeat":"repeat","background-position":"center center","background-size":"auto","background-attachment":"scroll","background-type":"","background-media":"","overlay-type":"","overlay-color":"","overlay-opacity":"","overlay-gradient":""},"tablet":{"background-color":"","background-image":"","background-repeat":"repeat","background-position":"center center","background-size":"auto","background-attachment":"scroll","background-type":"","background-media":"","overlay-type":"","overlay-color":"","overlay-opacity":"","overlay-gradient":""},"mobile":{"background-color":"","background-image":"","background-repeat":"repeat","background-position":"center center","background-size":"auto","background-attachment":"scroll","background-type":"","background-media":"","overlay-type":"","overlay-color":"","overlay-opacity":"","overlay-gradient":""}},"ast-content-background-meta":{"desktop":{"background-color":"var(--ast-global-color-5)","background-image":"","background-repeat":"repeat","background-position":"center center","background-size":"auto","background-attachment":"scroll","background-type":"","background-media":"","overlay-type":"","overlay-color":"","overlay-opacity":"","overlay-gradient":""},"tablet":{"background-color":"var(--ast-global-color-5)","background-image":"","background-repeat":"repeat","background-position":"center center","background-size":"auto","background-attachment":"scroll","background-type":"","background-media":"","overlay-type":"","overlay-color":"","overlay-opacity":"","overlay-gradient":""},"mobile":{"background-color":"var(--ast-global-color-5)","background-image":"","background-repeat":"repeat","background-position":"center center","background-size":"auto","background-attachment":"scroll","background-type":"","background-media":"","overlay-type":"","overlay-color":"","overlay-opacity":"","overlay-gradient":""}}},"product_brand":[],"product_cat":[48,69],"product_tag":[],"class_list":{"0":"post-3812","1":"product","2":"type-product","3":"status-publish","4":"has-post-thumbnail","6":"product_cat-disposable-products","7":"product_cat-disposable-sheets","8":"desktop-align-center","9":"tablet-align-center","10":"mobile-align-center","12":"first","13":"instock","14":"sale","15":"shipping-taxable","16":"purchasable","17":"product-type-simple"},"_links":{"self":[{"href":"https:\/\/goldentrail.az\/az\/wp-json\/wp\/v2\/product\/3812","targetHints":{"allow":["GET"]}}],"collection":[{"href":"https:\/\/goldentrail.az\/az\/wp-json\/wp\/v2\/product"}],"about":[{"href":"https:\/\/goldentrail.az\/az\/wp-json\/wp\/v2\/types\/product"}],"replies":[{"embeddable":true,"href":"https:\/\/goldentrail.az\/az\/wp-json\/wp\/v2\/comments?post=3812"}],"wp:featuredmedia":[{"embeddable":true,"href":"https:\/\/goldentrail.az\/az\/wp-json\/wp\/v2\/media\/3813"}],"wp:attachment":[{"href":"https:\/\/goldentrail.az\/az\/wp-json\/wp\/v2\/media?parent=3812"}],"wp:term":[{"taxonomy":"product_brand","embeddable":true,"href":"https:\/\/goldentrail.az\/az\/wp-json\/wp\/v2\/product_brand?post=3812"},{"taxonomy":"product_cat","embeddable":true,"href":"https:\/\/goldentrail.az\/az\/wp-json\/wp\/v2\/product_cat?post=3812"},{"taxonomy":"product_tag","embeddable":true,"href":"https:\/\/goldentrail.az\/az\/wp-json\/wp\/v2\/product_tag?post=3812"}],"curies":[{"name":"wp","href":"https:\/\/api.w.org\/{rel}","templated":true}]}}