{"id":3806,"date":"2026-03-12T00:10:57","date_gmt":"2026-03-11T20:10:57","guid":{"rendered":"https:\/\/goldentrail.az\/?post_type=product&#038;p=3806"},"modified":"2026-03-12T00:10:57","modified_gmt":"2026-03-11T20:10:57","slug":"sms-medical-sheets-underpads-12-g-m%c2%b2-standard-fold-100-x-80-cm","status":"publish","type":"product","link":"https:\/\/goldentrail.az\/az\/product\/sms-medical-sheets-underpads-12-g-m%c2%b2-standard-fold-100-x-80-cm\/","title":{"rendered":"SMS materialdan tibbi m\u0259l\u0259f\u0259l\u0259r (altl\u0131qlar), 12 q\/m\u00b2, standart qatlama, 100 \u00d7 80 sm"},"content":{"rendered":"<p>Bird\u0259f\u0259lik tibbi m\u0259l\u0259f\u0259l\u0259r 12 q\/m\u00b2 s\u0131xl\u0131\u011fa malik SMS material\u0131ndan haz\u0131rlanm\u0131\u015fd\u0131r. Tibb m\u0259rk\u0259zl\u0259rind\u0259 USM (ultras\u0259s m\u00fcayin\u0259si) prosedurlar\u0131 \u00fc\u00e7\u00fcn, h\u0259m\u00e7inin pediatriyada m\u00fcayin\u0259 otaqlar\u0131nda istifad\u0259 olunur. \u018fsas x\u00fcsusiyy\u0259tl\u0259ri yum\u015faql\u0131q, y\u00fcng\u00fcll\u00fck v\u0259 d\u00f6z\u00fcml\u00fcl\u00fckd\u00fcr. Material d\u0259ri \u00fc\u00e7\u00fcn xo\u015fdur v\u0259 allergik reaksiyalara s\u0259b\u0259b olmur. Statik elektrik yaratm\u0131r v\u0259 toz \u00e7\u0259kmir, bu da pasiyent \u00fc\u00e7\u00fcn tam rahatl\u0131\u011f\u0131 t\u0259min edir<\/p>","protected":false},"excerpt":{"rendered":"<p>Disposable medical sheets are made of SMS material with a density of 12 g\/m\u00b2. They are used in medical centers for ultrasound procedures, as well as in pediatrics in examination rooms. The main characteristics are softness, lightness, and durability. The material is pleasant to the skin and does not cause allergic reactions. It does not [&hellip;]<\/p>\n","protected":false},"featured_media":3807,"comment_status":"open","ping_status":"closed","template":"","meta":{"site-sidebar-layout":"default","site-content-layout":"","ast-site-content-layout":"default","site-content-style":"default","site-sidebar-style":"default","ast-global-header-display":"","ast-banner-title-visibility":"","ast-main-header-display":"","ast-hfb-above-header-display":"","ast-hfb-below-header-display":"","ast-hfb-mobile-header-display":"","site-post-title":"","ast-breadcrumbs-content":"","ast-featured-img":"","footer-sml-layout":"","ast-disable-related-posts":"","theme-transparent-header-meta":"default","adv-header-id-meta":"","stick-header-meta":"","header-above-stick-meta":"","header-main-stick-meta":"","header-below-stick-meta":"","astra-migrate-meta-layouts":"set","ast-page-background-enabled":"default","ast-page-background-meta":{"desktop":{"background-color":"","background-image":"","background-repeat":"repeat","background-position":"center center","background-size":"auto","background-attachment":"scroll","background-type":"","background-media":"","overlay-type":"","overlay-color":"","overlay-opacity":"","overlay-gradient":""},"tablet":{"background-color":"","background-image":"","background-repeat":"repeat","background-position":"center center","background-size":"auto","background-attachment":"scroll","background-type":"","background-media":"","overlay-type":"","overlay-color":"","overlay-opacity":"","overlay-gradient":""},"mobile":{"background-color":"","background-image":"","background-repeat":"repeat","background-position":"center center","background-size":"auto","background-attachment":"scroll","background-type":"","background-media":"","overlay-type":"","overlay-color":"","overlay-opacity":"","overlay-gradient":""}},"ast-content-background-meta":{"desktop":{"background-color":"var(--ast-global-color-5)","background-image":"","background-repeat":"repeat","background-position":"center center","background-size":"auto","background-attachment":"scroll","background-type":"","background-media":"","overlay-type":"","overlay-color":"","overlay-opacity":"","overlay-gradient":""},"tablet":{"background-color":"var(--ast-global-color-5)","background-image":"","background-repeat":"repeat","background-position":"center center","background-size":"auto","background-attachment":"scroll","background-type":"","background-media":"","overlay-type":"","overlay-color":"","overlay-opacity":"","overlay-gradient":""},"mobile":{"background-color":"var(--ast-global-color-5)","background-image":"","background-repeat":"repeat","background-position":"center center","background-size":"auto","background-attachment":"scroll","background-type":"","background-media":"","overlay-type":"","overlay-color":"","overlay-opacity":"","overlay-gradient":""}}},"product_brand":[],"product_cat":[48,69],"product_tag":[],"class_list":{"0":"post-3806","1":"product","2":"type-product","3":"status-publish","4":"has-post-thumbnail","6":"product_cat-disposable-products","7":"product_cat-disposable-sheets","8":"desktop-align-center","9":"tablet-align-center","10":"mobile-align-center","12":"first","13":"instock","14":"shipping-taxable","15":"purchasable","16":"product-type-simple"},"_links":{"self":[{"href":"https:\/\/goldentrail.az\/az\/wp-json\/wp\/v2\/product\/3806","targetHints":{"allow":["GET"]}}],"collection":[{"href":"https:\/\/goldentrail.az\/az\/wp-json\/wp\/v2\/product"}],"about":[{"href":"https:\/\/goldentrail.az\/az\/wp-json\/wp\/v2\/types\/product"}],"replies":[{"embeddable":true,"href":"https:\/\/goldentrail.az\/az\/wp-json\/wp\/v2\/comments?post=3806"}],"wp:featuredmedia":[{"embeddable":true,"href":"https:\/\/goldentrail.az\/az\/wp-json\/wp\/v2\/media\/3807"}],"wp:attachment":[{"href":"https:\/\/goldentrail.az\/az\/wp-json\/wp\/v2\/media?parent=3806"}],"wp:term":[{"taxonomy":"product_brand","embeddable":true,"href":"https:\/\/goldentrail.az\/az\/wp-json\/wp\/v2\/product_brand?post=3806"},{"taxonomy":"product_cat","embeddable":true,"href":"https:\/\/goldentrail.az\/az\/wp-json\/wp\/v2\/product_cat?post=3806"},{"taxonomy":"product_tag","embeddable":true,"href":"https:\/\/goldentrail.az\/az\/wp-json\/wp\/v2\/product_tag?post=3806"}],"curies":[{"name":"wp","href":"https:\/\/api.w.org\/{rel}","templated":true}]}}