{"id":3793,"date":"2026-03-11T23:52:16","date_gmt":"2026-03-11T19:52:16","guid":{"rendered":"https:\/\/goldentrail.az\/?post_type=product&#038;p=3793"},"modified":"2026-04-24T14:13:10","modified_gmt":"2026-04-24T10:13:10","slug":"sms-medical-sheets-underpads-20-g-m%c2%b2-individually-folded-200-x-80-cm","status":"publish","type":"product","link":"https:\/\/goldentrail.az\/az\/product\/sms-medical-sheets-underpads-20-g-m%c2%b2-individually-folded-200-x-80-cm\/","title":{"rendered":"SMS materialdan tibbi m\u0259l\u0259f\u0259l\u0259r (altl\u0131qlar), 20 q\/m\u00b2, f\u0259rdi qatlama, 200 \u00d7 80 sm"},"content":{"rendered":"<p>Bird\u0259f\u0259lik tibbi m\u0259l\u0259f\u0259l\u0259r 20 q\/m\u00b2 s\u0131xl\u0131\u011fa malik SMS material\u0131ndan haz\u0131rlanm\u0131\u015fd\u0131r. G\u00f6z\u0259llik salonlar\u0131nda, tibb m\u0259rk\u0259zl\u0259rind\u0259, manik\u00fcr v\u0259 pedik\u00fcr studiyalar\u0131nda, SPA salonlar\u0131nda v\u0259 otell\u0259rd\u0259 istifad\u0259 olunur. \u018fn geni\u015f yay\u0131lm\u0131\u015f \u00f6l\u00e7\u00fc olan 200 \u00d7 80 sm kusetkalar v\u0259 pedik\u00fcr kreslolar\u0131 \u00fc\u00e7\u00fcn uy\u011fundur. \u018fsas x\u00fcsusiyy\u0259tl\u0259ri yum\u015faql\u0131q, y\u00fcng\u00fcll\u00fck v\u0259 d\u00f6z\u00fcml\u00fcl\u00fckd\u00fcr. Material d\u0259ri \u00fc\u00e7\u00fcn xo\u015fdur v\u0259 allergik reaksiyalara s\u0259b\u0259b olmur. Statik elektrik yaratm\u0131r v\u0259 toz \u00e7\u0259kmir, bu da m\u00fc\u015ft\u0259ri \u00fc\u00e7\u00fcn tam rahatl\u0131\u011f\u0131 t\u0259min edir. Zavod qabla\u015fd\u0131rmas\u0131 v\u0259 material\u0131n struktur x\u00fcsusiyy\u0259tl\u0259ri da\u015f\u0131nma v\u0259 uzunm\u00fcdd\u0259tli saxlama zaman\u0131 m\u0259l\u0259f\u0259l\u0259rin t\u0259mizliyini qoruma\u011fa k\u00f6m\u0259k edir<\/p>","protected":false},"excerpt":{"rendered":"<p>Disposable medical sheets are made of SMS material with a density of 20 g\/m\u00b2. They are used in beauty salons, medical centers, manicure and pedicure studios, spa salons, and hotels. The most common size \u2014 200 \u00d7 80 cm \u2014 is suitable for couches and pedicure chairs. The main characteristics are softness, lightness, and durability. [&hellip;]<\/p>\n","protected":false},"featured_media":3794,"comment_status":"open","ping_status":"closed","template":"","meta":{"site-sidebar-layout":"default","site-content-layout":"","ast-site-content-layout":"default","site-content-style":"default","site-sidebar-style":"default","ast-global-header-display":"","ast-banner-title-visibility":"","ast-main-header-display":"","ast-hfb-above-header-display":"","ast-hfb-below-header-display":"","ast-hfb-mobile-header-display":"","site-post-title":"","ast-breadcrumbs-content":"","ast-featured-img":"","footer-sml-layout":"","ast-disable-related-posts":"","theme-transparent-header-meta":"default","adv-header-id-meta":"","stick-header-meta":"","header-above-stick-meta":"","header-main-stick-meta":"","header-below-stick-meta":"","astra-migrate-meta-layouts":"set","ast-page-background-enabled":"default","ast-page-background-meta":{"desktop":{"background-color":"","background-image":"","background-repeat":"repeat","background-position":"center center","background-size":"auto","background-attachment":"scroll","background-type":"","background-media":"","overlay-type":"","overlay-color":"","overlay-opacity":"","overlay-gradient":""},"tablet":{"background-color":"","background-image":"","background-repeat":"repeat","background-position":"center center","background-size":"auto","background-attachment":"scroll","background-type":"","background-media":"","overlay-type":"","overlay-color":"","overlay-opacity":"","overlay-gradient":""},"mobile":{"background-color":"","background-image":"","background-repeat":"repeat","background-position":"center center","background-size":"auto","background-attachment":"scroll","background-type":"","background-media":"","overlay-type":"","overlay-color":"","overlay-opacity":"","overlay-gradient":""}},"ast-content-background-meta":{"desktop":{"background-color":"var(--ast-global-color-5)","background-image":"","background-repeat":"repeat","background-position":"center center","background-size":"auto","background-attachment":"scroll","background-type":"","background-media":"","overlay-type":"","overlay-color":"","overlay-opacity":"","overlay-gradient":""},"tablet":{"background-color":"var(--ast-global-color-5)","background-image":"","background-repeat":"repeat","background-position":"center center","background-size":"auto","background-attachment":"scroll","background-type":"","background-media":"","overlay-type":"","overlay-color":"","overlay-opacity":"","overlay-gradient":""},"mobile":{"background-color":"var(--ast-global-color-5)","background-image":"","background-repeat":"repeat","background-position":"center center","background-size":"auto","background-attachment":"scroll","background-type":"","background-media":"","overlay-type":"","overlay-color":"","overlay-opacity":"","overlay-gradient":""}}},"product_brand":[],"product_cat":[48,69],"product_tag":[],"class_list":{"0":"post-3793","1":"product","2":"type-product","3":"status-publish","4":"has-post-thumbnail","6":"product_cat-disposable-products","7":"product_cat-disposable-sheets","8":"desktop-align-center","9":"tablet-align-center","10":"mobile-align-center","12":"first","13":"instock","14":"sale","15":"featured","16":"shipping-taxable","17":"purchasable","18":"product-type-simple"},"_links":{"self":[{"href":"https:\/\/goldentrail.az\/az\/wp-json\/wp\/v2\/product\/3793","targetHints":{"allow":["GET"]}}],"collection":[{"href":"https:\/\/goldentrail.az\/az\/wp-json\/wp\/v2\/product"}],"about":[{"href":"https:\/\/goldentrail.az\/az\/wp-json\/wp\/v2\/types\/product"}],"replies":[{"embeddable":true,"href":"https:\/\/goldentrail.az\/az\/wp-json\/wp\/v2\/comments?post=3793"}],"wp:featuredmedia":[{"embeddable":true,"href":"https:\/\/goldentrail.az\/az\/wp-json\/wp\/v2\/media\/3794"}],"wp:attachment":[{"href":"https:\/\/goldentrail.az\/az\/wp-json\/wp\/v2\/media?parent=3793"}],"wp:term":[{"taxonomy":"product_brand","embeddable":true,"href":"https:\/\/goldentrail.az\/az\/wp-json\/wp\/v2\/product_brand?post=3793"},{"taxonomy":"product_cat","embeddable":true,"href":"https:\/\/goldentrail.az\/az\/wp-json\/wp\/v2\/product_cat?post=3793"},{"taxonomy":"product_tag","embeddable":true,"href":"https:\/\/goldentrail.az\/az\/wp-json\/wp\/v2\/product_tag?post=3793"}],"curies":[{"name":"wp","href":"https:\/\/api.w.org\/{rel}","templated":true}]}}