{"id":3781,"date":"2026-03-11T23:37:29","date_gmt":"2026-03-11T19:37:29","guid":{"rendered":"https:\/\/goldentrail.az\/?post_type=product&#038;p=3781"},"modified":"2026-03-11T23:37:30","modified_gmt":"2026-03-11T19:37:30","slug":"sms-medical-sheets-underpads-17-g-m%c2%b2-individually-folded-200-x-80-cm","status":"publish","type":"product","link":"https:\/\/goldentrail.az\/az\/product\/sms-medical-sheets-underpads-17-g-m%c2%b2-individually-folded-200-x-80-cm\/","title":{"rendered":"SMS materialdan tibbi m\u0259l\u0259f\u0259l\u0259r (altl\u0131qlar), 17 q\/m\u00b2, f\u0259rdi qatlama, 200 \u00d7 80 sm"},"content":{"rendered":"<p>SMS materialdan tibbi m\u0259l\u0259f\u0259l\u0259r, 17 q\/m\u00b2 s\u0131xl\u0131qda haz\u0131rlanm\u0131\u015fd\u0131r. \u018fn \u00e7ox istifad\u0259 olunan 200 \u00d7 80 sm \u00f6l\u00e7\u00fcs\u00fc kusetkalar v\u0259 pedik\u00fcr kreslolar\u0131 \u00fc\u00e7\u00fcn ideald\u0131r. Bu m\u0259l\u0259f\u0259l\u0259r g\u00f6z\u0259llik salonlar\u0131nda, tibb m\u0259rk\u0259zl\u0259rind\u0259, manik\u00fcr v\u0259 pedik\u00fcr studiyalar\u0131nda, SPA salonlar\u0131nda v\u0259 otell\u0259rd\u0259 istifad\u0259 olunur<\/p>","protected":false},"excerpt":{"rendered":"<p>SMS materialdan tibbi m\u0259l\u0259f\u0259l\u0259r, 17 q\/m\u00b2 s\u0131xl\u0131qda haz\u0131rlanm\u0131\u015fd\u0131r. \u018fn \u00e7ox istifad\u0259 olunan 200 \u00d7 80 sm \u00f6l\u00e7\u00fcs\u00fc kusetkalar v\u0259 pedik\u00fcr kreslolar\u0131 \u00fc\u00e7\u00fcn ideald\u0131r. Bu m\u0259l\u0259f\u0259l\u0259r g\u00f6z\u0259llik salonlar\u0131nda, tibb m\u0259rk\u0259zl\u0259rind\u0259, manik\u00fcr v\u0259 pedik\u00fcr studiyalar\u0131nda, SPA salonlar\u0131nda v\u0259 otell\u0259rd\u0259 istifad\u0259 olunur<\/p>","protected":false},"featured_media":3782,"comment_status":"open","ping_status":"closed","template":"","meta":{"site-sidebar-layout":"default","site-content-layout":"","ast-site-content-layout":"default","site-content-style":"default","site-sidebar-style":"default","ast-global-header-display":"","ast-banner-title-visibility":"","ast-main-header-display":"","ast-hfb-above-header-display":"","ast-hfb-below-header-display":"","ast-hfb-mobile-header-display":"","site-post-title":"","ast-breadcrumbs-content":"","ast-featured-img":"","footer-sml-layout":"","ast-disable-related-posts":"","theme-transparent-header-meta":"default","adv-header-id-meta":"","stick-header-meta":"","header-above-stick-meta":"","header-main-stick-meta":"","header-below-stick-meta":"","astra-migrate-meta-layouts":"set","ast-page-background-enabled":"default","ast-page-background-meta":{"desktop":{"background-color":"","background-image":"","background-repeat":"repeat","background-position":"center center","background-size":"auto","background-attachment":"scroll","background-type":"","background-media":"","overlay-type":"","overlay-color":"","overlay-opacity":"","overlay-gradient":""},"tablet":{"background-color":"","background-image":"","background-repeat":"repeat","background-position":"center center","background-size":"auto","background-attachment":"scroll","background-type":"","background-media":"","overlay-type":"","overlay-color":"","overlay-opacity":"","overlay-gradient":""},"mobile":{"background-color":"","background-image":"","background-repeat":"repeat","background-position":"center center","background-size":"auto","background-attachment":"scroll","background-type":"","background-media":"","overlay-type":"","overlay-color":"","overlay-opacity":"","overlay-gradient":""}},"ast-content-background-meta":{"desktop":{"background-color":"var(--ast-global-color-5)","background-image":"","background-repeat":"repeat","background-position":"center center","background-size":"auto","background-attachment":"scroll","background-type":"","background-media":"","overlay-type":"","overlay-color":"","overlay-opacity":"","overlay-gradient":""},"tablet":{"background-color":"var(--ast-global-color-5)","background-image":"","background-repeat":"repeat","background-position":"center center","background-size":"auto","background-attachment":"scroll","background-type":"","background-media":"","overlay-type":"","overlay-color":"","overlay-opacity":"","overlay-gradient":""},"mobile":{"background-color":"var(--ast-global-color-5)","background-image":"","background-repeat":"repeat","background-position":"center center","background-size":"auto","background-attachment":"scroll","background-type":"","background-media":"","overlay-type":"","overlay-color":"","overlay-opacity":"","overlay-gradient":""}}},"product_brand":[],"product_cat":[48,69],"product_tag":[],"class_list":{"0":"post-3781","1":"product","2":"type-product","3":"status-publish","4":"has-post-thumbnail","6":"product_cat-disposable-products","7":"product_cat-disposable-sheets","8":"desktop-align-center","9":"tablet-align-center","10":"mobile-align-center","12":"first","13":"instock","14":"shipping-taxable","15":"purchasable","16":"product-type-simple"},"_links":{"self":[{"href":"https:\/\/goldentrail.az\/az\/wp-json\/wp\/v2\/product\/3781","targetHints":{"allow":["GET"]}}],"collection":[{"href":"https:\/\/goldentrail.az\/az\/wp-json\/wp\/v2\/product"}],"about":[{"href":"https:\/\/goldentrail.az\/az\/wp-json\/wp\/v2\/types\/product"}],"replies":[{"embeddable":true,"href":"https:\/\/goldentrail.az\/az\/wp-json\/wp\/v2\/comments?post=3781"}],"wp:featuredmedia":[{"embeddable":true,"href":"https:\/\/goldentrail.az\/az\/wp-json\/wp\/v2\/media\/3782"}],"wp:attachment":[{"href":"https:\/\/goldentrail.az\/az\/wp-json\/wp\/v2\/media?parent=3781"}],"wp:term":[{"taxonomy":"product_brand","embeddable":true,"href":"https:\/\/goldentrail.az\/az\/wp-json\/wp\/v2\/product_brand?post=3781"},{"taxonomy":"product_cat","embeddable":true,"href":"https:\/\/goldentrail.az\/az\/wp-json\/wp\/v2\/product_cat?post=3781"},{"taxonomy":"product_tag","embeddable":true,"href":"https:\/\/goldentrail.az\/az\/wp-json\/wp\/v2\/product_tag?post=3781"}],"curies":[{"name":"wp","href":"https:\/\/api.w.org\/{rel}","templated":true}]}}