{"id":3776,"date":"2026-03-11T23:30:37","date_gmt":"2026-03-11T19:30:37","guid":{"rendered":"https:\/\/goldentrail.az\/?post_type=product&#038;p=3776"},"modified":"2026-04-24T14:17:48","modified_gmt":"2026-04-24T10:17:48","slug":"spunlace-sheets-40-g-m%c2%b2-individually-folded-200-x-70-cm","status":"publish","type":"product","link":"https:\/\/goldentrail.az\/az\/product\/spunlace-sheets-40-g-m%c2%b2-individually-folded-200-x-70-cm\/","title":{"rendered":"Spunlace materialdan m\u0259l\u0259f\u0259l\u0259r, 40 q\/m\u00b2, f\u0259rdi qatlama, 200 \u00d7 70 sm"},"content":{"rendered":"<p>40 q\/m\u00b2 s\u0131xl\u0131\u011fa malik \"Spunlace\" m\u0259l\u0259f\u0259l\u0259ri pamb\u0131q m\u0259hsullar\u0131 il\u0259 m\u00fcqayis\u0259 oluna bil\u0259r. Massaj v\u0259 SPA prosedurlar\u0131 zaman\u0131, h\u0259m\u00e7inin hamam, sauna v\u0259 otel kompleksl\u0259rind\u0259 istifad\u0259 olunur. 200 \u00d7 70 sm \u00f6l\u00e7\u00fcs\u00fc kusetkalar v\u0259 pedik\u00fcr kreslolar\u0131 \u00fc\u00e7\u00fcn ideald\u0131r. \u018fsas x\u00fcsusiyy\u0259tl\u0259ri yum\u015faql\u0131q, m\u00fck\u0259mm\u0259l hopduruculuq, y\u00fcng\u00fcll\u00fck v\u0259 d\u00f6z\u00fcml\u00fcl\u00fckd\u00fcr. Material d\u0259ri \u00fc\u00e7\u00fcn xo\u015fdur v\u0259 allergiya yaratm\u0131r. Statik elektrik yaratm\u0131r v\u0259 toz \u00e7\u0259kmir, bu da m\u00fc\u015ft\u0259ri \u00fc\u00e7\u00fcn tam rahatl\u0131\u011f\u0131 t\u0259min edir<\/p>","protected":false},"excerpt":{"rendered":"<p>Spunlace sheets with a density of 40 g\/m\u00b2 are comparable to cotton products. They are used during massage and spa procedures, as well as in baths, saunas, and hotel complexes. The size of 200 \u00d7 70 cm is ideal for couches and pedicure chairs. The main characteristics are softness, excellent absorbency, lightness, and durability. The [&hellip;]<\/p>\n","protected":false},"featured_media":3777,"comment_status":"open","ping_status":"closed","template":"","meta":{"site-sidebar-layout":"default","site-content-layout":"","ast-site-content-layout":"default","site-content-style":"default","site-sidebar-style":"default","ast-global-header-display":"","ast-banner-title-visibility":"","ast-main-header-display":"","ast-hfb-above-header-display":"","ast-hfb-below-header-display":"","ast-hfb-mobile-header-display":"","site-post-title":"","ast-breadcrumbs-content":"","ast-featured-img":"","footer-sml-layout":"","ast-disable-related-posts":"","theme-transparent-header-meta":"default","adv-header-id-meta":"","stick-header-meta":"","header-above-stick-meta":"","header-main-stick-meta":"","header-below-stick-meta":"","astra-migrate-meta-layouts":"set","ast-page-background-enabled":"default","ast-page-background-meta":{"desktop":{"background-color":"","background-image":"","background-repeat":"repeat","background-position":"center center","background-size":"auto","background-attachment":"scroll","background-type":"","background-media":"","overlay-type":"","overlay-color":"","overlay-opacity":"","overlay-gradient":""},"tablet":{"background-color":"","background-image":"","background-repeat":"repeat","background-position":"center center","background-size":"auto","background-attachment":"scroll","background-type":"","background-media":"","overlay-type":"","overlay-color":"","overlay-opacity":"","overlay-gradient":""},"mobile":{"background-color":"","background-image":"","background-repeat":"repeat","background-position":"center center","background-size":"auto","background-attachment":"scroll","background-type":"","background-media":"","overlay-type":"","overlay-color":"","overlay-opacity":"","overlay-gradient":""}},"ast-content-background-meta":{"desktop":{"background-color":"var(--ast-global-color-5)","background-image":"","background-repeat":"repeat","background-position":"center center","background-size":"auto","background-attachment":"scroll","background-type":"","background-media":"","overlay-type":"","overlay-color":"","overlay-opacity":"","overlay-gradient":""},"tablet":{"background-color":"var(--ast-global-color-5)","background-image":"","background-repeat":"repeat","background-position":"center center","background-size":"auto","background-attachment":"scroll","background-type":"","background-media":"","overlay-type":"","overlay-color":"","overlay-opacity":"","overlay-gradient":""},"mobile":{"background-color":"var(--ast-global-color-5)","background-image":"","background-repeat":"repeat","background-position":"center center","background-size":"auto","background-attachment":"scroll","background-type":"","background-media":"","overlay-type":"","overlay-color":"","overlay-opacity":"","overlay-gradient":""}}},"product_brand":[],"product_cat":[48,69],"product_tag":[],"class_list":{"0":"post-3776","1":"product","2":"type-product","3":"status-publish","4":"has-post-thumbnail","6":"product_cat-disposable-products","7":"product_cat-disposable-sheets","8":"desktop-align-center","9":"tablet-align-center","10":"mobile-align-center","12":"first","13":"instock","14":"sale","15":"shipping-taxable","16":"purchasable","17":"product-type-simple"},"_links":{"self":[{"href":"https:\/\/goldentrail.az\/az\/wp-json\/wp\/v2\/product\/3776","targetHints":{"allow":["GET"]}}],"collection":[{"href":"https:\/\/goldentrail.az\/az\/wp-json\/wp\/v2\/product"}],"about":[{"href":"https:\/\/goldentrail.az\/az\/wp-json\/wp\/v2\/types\/product"}],"replies":[{"embeddable":true,"href":"https:\/\/goldentrail.az\/az\/wp-json\/wp\/v2\/comments?post=3776"}],"wp:featuredmedia":[{"embeddable":true,"href":"https:\/\/goldentrail.az\/az\/wp-json\/wp\/v2\/media\/3777"}],"wp:attachment":[{"href":"https:\/\/goldentrail.az\/az\/wp-json\/wp\/v2\/media?parent=3776"}],"wp:term":[{"taxonomy":"product_brand","embeddable":true,"href":"https:\/\/goldentrail.az\/az\/wp-json\/wp\/v2\/product_brand?post=3776"},{"taxonomy":"product_cat","embeddable":true,"href":"https:\/\/goldentrail.az\/az\/wp-json\/wp\/v2\/product_cat?post=3776"},{"taxonomy":"product_tag","embeddable":true,"href":"https:\/\/goldentrail.az\/az\/wp-json\/wp\/v2\/product_tag?post=3776"}],"curies":[{"name":"wp","href":"https:\/\/api.w.org\/{rel}","templated":true}]}}