{"id":3775,"date":"2026-03-11T23:20:17","date_gmt":"2026-03-11T19:20:17","guid":{"rendered":"https:\/\/goldentrail.az\/?post_type=product&#038;p=3775"},"modified":"2026-04-24T14:14:38","modified_gmt":"2026-04-24T10:14:38","slug":"flip-flop-slippers-made-of-polyethylene-foam-5-mm-5","status":"publish","type":"product","link":"https:\/\/goldentrail.az\/az\/product\/flip-flop-slippers-made-of-polyethylene-foam-5-mm-5\/","title":{"rendered":"5 mm qal\u0131nl\u0131\u011f\u0131nda polietilen k\u00f6p\u00fckd\u0259n barmaq aras\u0131 ba\u015fmaqlar"},"content":{"rendered":"<p>Polietilen k\u00f6p\u00fckd\u0259n haz\u0131rlanm\u0131\u015f elastik bird\u0259f\u0259lik ba\u015fmaqlar (s\u0259nd\u0259ll\u0259r). N\u0259m\u0259 v\u0259 temperatur d\u0259yi\u015fiklikl\u0259rin\u0259 davaml\u0131d\u0131r. Geni\u015f r\u0259ng se\u00e7imind\u0259 m\u00f6vcuddur: a\u011f, mavi, \u00e7\u0259hray\u0131, a\u00e7\u0131q ya\u015f\u0131l v\u0259 \u00e7\u0259hray\u0131-ya\u015f\u0131l. Pedik\u00fcr otaqlar\u0131nda istifad\u0259 olunur. Altl\u0131\u011f\u0131n qal\u0131nl\u0131\u011f\u0131 \u2013 5 mm. Universal \u00f6l\u00e7\u00fcl\u00fcd\u00fcr.<\/p>","protected":false},"excerpt":{"rendered":"<p>Polietilen k\u00f6p\u00fckd\u0259n haz\u0131rlanm\u0131\u015f elastik bird\u0259f\u0259lik ba\u015fmaqlar (s\u0259nd\u0259ll\u0259r). N\u0259m\u0259 v\u0259 temperatur d\u0259yi\u015fiklikl\u0259rin\u0259 davaml\u0131d\u0131r. Geni\u015f r\u0259ng se\u00e7imind\u0259 m\u00f6vcuddur: a\u011f, mavi, \u00e7\u0259hray\u0131, a\u00e7\u0131q ya\u015f\u0131l v\u0259 \u00e7\u0259hray\u0131-ya\u015f\u0131l. Pedik\u00fcr otaqlar\u0131nda istifad\u0259 olunur. Altl\u0131\u011f\u0131n qal\u0131nl\u0131\u011f\u0131 \u2013 5 mm. Universal \u00f6l\u00e7\u00fcl\u00fcd\u00fcr.<\/p>","protected":false},"featured_media":3709,"comment_status":"open","ping_status":"closed","template":"","meta":{"site-sidebar-layout":"default","site-content-layout":"","ast-site-content-layout":"default","site-content-style":"default","site-sidebar-style":"default","ast-global-header-display":"","ast-banner-title-visibility":"","ast-main-header-display":"","ast-hfb-above-header-display":"","ast-hfb-below-header-display":"","ast-hfb-mobile-header-display":"","site-post-title":"","ast-breadcrumbs-content":"","ast-featured-img":"","footer-sml-layout":"","ast-disable-related-posts":"","theme-transparent-header-meta":"default","adv-header-id-meta":"","stick-header-meta":"","header-above-stick-meta":"","header-main-stick-meta":"","header-below-stick-meta":"","astra-migrate-meta-layouts":"set","ast-page-background-enabled":"default","ast-page-background-meta":{"desktop":{"background-color":"","background-image":"","background-repeat":"repeat","background-position":"center center","background-size":"auto","background-attachment":"scroll","background-type":"","background-media":"","overlay-type":"","overlay-color":"","overlay-opacity":"","overlay-gradient":""},"tablet":{"background-color":"","background-image":"","background-repeat":"repeat","background-position":"center center","background-size":"auto","background-attachment":"scroll","background-type":"","background-media":"","overlay-type":"","overlay-color":"","overlay-opacity":"","overlay-gradient":""},"mobile":{"background-color":"","background-image":"","background-repeat":"repeat","background-position":"center center","background-size":"auto","background-attachment":"scroll","background-type":"","background-media":"","overlay-type":"","overlay-color":"","overlay-opacity":"","overlay-gradient":""}},"ast-content-background-meta":{"desktop":{"background-color":"var(--ast-global-color-5)","background-image":"","background-repeat":"repeat","background-position":"center center","background-size":"auto","background-attachment":"scroll","background-type":"","background-media":"","overlay-type":"","overlay-color":"","overlay-opacity":"","overlay-gradient":""},"tablet":{"background-color":"var(--ast-global-color-5)","background-image":"","background-repeat":"repeat","background-position":"center center","background-size":"auto","background-attachment":"scroll","background-type":"","background-media":"","overlay-type":"","overlay-color":"","overlay-opacity":"","overlay-gradient":""},"mobile":{"background-color":"var(--ast-global-color-5)","background-image":"","background-repeat":"repeat","background-position":"center center","background-size":"auto","background-attachment":"scroll","background-type":"","background-media":"","overlay-type":"","overlay-color":"","overlay-opacity":"","overlay-gradient":""}}},"product_brand":[],"product_cat":[48,67],"product_tag":[],"class_list":{"0":"post-3775","1":"product","2":"type-product","3":"status-publish","4":"has-post-thumbnail","6":"product_cat-disposable-products","7":"product_cat-disposable-slippers","8":"desktop-align-center","9":"tablet-align-center","10":"mobile-align-center","12":"first","13":"instock","14":"sale","15":"featured","16":"shipping-taxable","17":"purchasable","18":"product-type-simple"},"_links":{"self":[{"href":"https:\/\/goldentrail.az\/az\/wp-json\/wp\/v2\/product\/3775","targetHints":{"allow":["GET"]}}],"collection":[{"href":"https:\/\/goldentrail.az\/az\/wp-json\/wp\/v2\/product"}],"about":[{"href":"https:\/\/goldentrail.az\/az\/wp-json\/wp\/v2\/types\/product"}],"replies":[{"embeddable":true,"href":"https:\/\/goldentrail.az\/az\/wp-json\/wp\/v2\/comments?post=3775"}],"wp:featuredmedia":[{"embeddable":true,"href":"https:\/\/goldentrail.az\/az\/wp-json\/wp\/v2\/media\/3709"}],"wp:attachment":[{"href":"https:\/\/goldentrail.az\/az\/wp-json\/wp\/v2\/media?parent=3775"}],"wp:term":[{"taxonomy":"product_brand","embeddable":true,"href":"https:\/\/goldentrail.az\/az\/wp-json\/wp\/v2\/product_brand?post=3775"},{"taxonomy":"product_cat","embeddable":true,"href":"https:\/\/goldentrail.az\/az\/wp-json\/wp\/v2\/product_cat?post=3775"},{"taxonomy":"product_tag","embeddable":true,"href":"https:\/\/goldentrail.az\/az\/wp-json\/wp\/v2\/product_tag?post=3775"}],"curies":[{"name":"wp","href":"https:\/\/api.w.org\/{rel}","templated":true}]}}