{"id":3762,"date":"2026-03-11T22:45:20","date_gmt":"2026-03-11T18:45:20","guid":{"rendered":"https:\/\/goldentrail.az\/?post_type=product&#038;p=3762"},"modified":"2026-04-24T14:16:42","modified_gmt":"2026-04-24T10:16:42","slug":"disposable-underwear","status":"publish","type":"product","link":"https:\/\/goldentrail.az\/az\/product\/disposable-underwear\/","title":{"rendered":"Bird\u0259f\u0259lik alt paltari"},"content":{"rendered":"<p>Kosmetoloji prosedurlar zaman\u0131 \u015f\u0259xsi gigiyena \u00fc\u00e7\u00fcn n\u0259z\u0259rd\u0259 tutulmu\u015fdur. Tikilmi\u015f elastik rezin say\u0259sind\u0259 m\u0259hsul b\u0259d\u0259n\u0259 tam oturur. Universal \u00f6l\u00e7\u00fcl\u00fcd\u00fcr. Model 50 q\/m\u00b2 s\u0131xl\u0131\u011f\u0131 olan \"Spunlace\" material\u0131ndan haz\u0131rlan\u0131b v\u0259 daha y\u00fcks\u0259k rahatl\u0131q t\u0259l\u0259b ed\u0259n uzunm\u00fcdd\u0259tli prosedurlar \u00fc\u00e7\u00fcn t\u00f6vsiy\u0259 olunur. Par\u00e7a \u015f\u0259ffaf deyil.<\/p>","protected":false},"excerpt":{"rendered":"<p>Kosmetoloji prosedurlar zaman\u0131 \u015f\u0259xsi gigiyena \u00fc\u00e7\u00fcn n\u0259z\u0259rd\u0259 tutulmu\u015fdur. Tikilmi\u015f elastik rezin say\u0259sind\u0259 m\u0259hsul b\u0259d\u0259n\u0259 tam oturur. Universal \u00f6l\u00e7\u00fcl\u00fcd\u00fcr. Model 50 q\/m\u00b2 s\u0131xl\u0131\u011f\u0131 olan \"Spunlace\" material\u0131ndan haz\u0131rlan\u0131b v\u0259 daha y\u00fcks\u0259k rahatl\u0131q t\u0259l\u0259b ed\u0259n uzunm\u00fcdd\u0259tli prosedurlar \u00fc\u00e7\u00fcn t\u00f6vsiy\u0259 olunur. Par\u00e7a \u015f\u0259ffaf deyil.<\/p>","protected":false},"featured_media":3763,"comment_status":"open","ping_status":"closed","template":"","meta":{"site-sidebar-layout":"default","site-content-layout":"","ast-site-content-layout":"default","site-content-style":"default","site-sidebar-style":"default","ast-global-header-display":"","ast-banner-title-visibility":"","ast-main-header-display":"","ast-hfb-above-header-display":"","ast-hfb-below-header-display":"","ast-hfb-mobile-header-display":"","site-post-title":"","ast-breadcrumbs-content":"","ast-featured-img":"","footer-sml-layout":"","ast-disable-related-posts":"","theme-transparent-header-meta":"default","adv-header-id-meta":"","stick-header-meta":"","header-above-stick-meta":"","header-main-stick-meta":"","header-below-stick-meta":"","astra-migrate-meta-layouts":"set","ast-page-background-enabled":"default","ast-page-background-meta":{"desktop":{"background-color":"","background-image":"","background-repeat":"repeat","background-position":"center center","background-size":"auto","background-attachment":"scroll","background-type":"","background-media":"","overlay-type":"","overlay-color":"","overlay-opacity":"","overlay-gradient":""},"tablet":{"background-color":"","background-image":"","background-repeat":"repeat","background-position":"center center","background-size":"auto","background-attachment":"scroll","background-type":"","background-media":"","overlay-type":"","overlay-color":"","overlay-opacity":"","overlay-gradient":""},"mobile":{"background-color":"","background-image":"","background-repeat":"repeat","background-position":"center center","background-size":"auto","background-attachment":"scroll","background-type":"","background-media":"","overlay-type":"","overlay-color":"","overlay-opacity":"","overlay-gradient":""}},"ast-content-background-meta":{"desktop":{"background-color":"var(--ast-global-color-5)","background-image":"","background-repeat":"repeat","background-position":"center center","background-size":"auto","background-attachment":"scroll","background-type":"","background-media":"","overlay-type":"","overlay-color":"","overlay-opacity":"","overlay-gradient":""},"tablet":{"background-color":"var(--ast-global-color-5)","background-image":"","background-repeat":"repeat","background-position":"center center","background-size":"auto","background-attachment":"scroll","background-type":"","background-media":"","overlay-type":"","overlay-color":"","overlay-opacity":"","overlay-gradient":""},"mobile":{"background-color":"var(--ast-global-color-5)","background-image":"","background-repeat":"repeat","background-position":"center center","background-size":"auto","background-attachment":"scroll","background-type":"","background-media":"","overlay-type":"","overlay-color":"","overlay-opacity":"","overlay-gradient":""}}},"product_brand":[],"product_cat":[48,62],"product_tag":[],"class_list":{"0":"post-3762","1":"product","2":"type-product","3":"status-publish","4":"has-post-thumbnail","6":"product_cat-disposable-products","7":"product_cat-underwear","8":"desktop-align-center","9":"tablet-align-center","10":"mobile-align-center","12":"first","13":"instock","14":"sale","15":"shipping-taxable","16":"purchasable","17":"product-type-simple"},"_links":{"self":[{"href":"https:\/\/goldentrail.az\/az\/wp-json\/wp\/v2\/product\/3762","targetHints":{"allow":["GET"]}}],"collection":[{"href":"https:\/\/goldentrail.az\/az\/wp-json\/wp\/v2\/product"}],"about":[{"href":"https:\/\/goldentrail.az\/az\/wp-json\/wp\/v2\/types\/product"}],"replies":[{"embeddable":true,"href":"https:\/\/goldentrail.az\/az\/wp-json\/wp\/v2\/comments?post=3762"}],"wp:featuredmedia":[{"embeddable":true,"href":"https:\/\/goldentrail.az\/az\/wp-json\/wp\/v2\/media\/3763"}],"wp:attachment":[{"href":"https:\/\/goldentrail.az\/az\/wp-json\/wp\/v2\/media?parent=3762"}],"wp:term":[{"taxonomy":"product_brand","embeddable":true,"href":"https:\/\/goldentrail.az\/az\/wp-json\/wp\/v2\/product_brand?post=3762"},{"taxonomy":"product_cat","embeddable":true,"href":"https:\/\/goldentrail.az\/az\/wp-json\/wp\/v2\/product_cat?post=3762"},{"taxonomy":"product_tag","embeddable":true,"href":"https:\/\/goldentrail.az\/az\/wp-json\/wp\/v2\/product_tag?post=3762"}],"curies":[{"name":"wp","href":"https:\/\/api.w.org\/{rel}","templated":true}]}}