{"id":3760,"date":"2026-03-11T22:36:51","date_gmt":"2026-03-11T18:36:51","guid":{"rendered":"https:\/\/goldentrail.az\/?post_type=product&#038;p=3760"},"modified":"2026-04-24T14:15:21","modified_gmt":"2026-04-24T10:15:21","slug":"disposable-womens-underwear","status":"publish","type":"product","link":"https:\/\/goldentrail.az\/az\/product\/disposable-womens-underwear\/","title":{"rendered":"Qad\u0131nlar \u00fc\u00e7\u00fcn bird\u0259f\u0259lik alt paltar\u0131"},"content":{"rendered":"<p>Bikini tumanlar\u0131 massaj, b\u0259d\u0259n b\u00fckm\u0259 (obvert\u0131vaniye) v\u0259 epilyasiya prosedurlar\u0131 zaman\u0131 \u015f\u0259xsi gigiyena \u00fc\u00e7\u00fcn istifad\u0259 olunur. S\u0131x spunbond material\u0131ndan (30 q\/m\u00b2) haz\u0131rlanan modell\u0259r \u015f\u0259ffaf deyil, n\u0259m\u0259 davaml\u0131d\u0131r v\u0259 allergiya yaratm\u0131r. H\u0259r d\u0259f\u0259 f\u0259rdi qabla\u015fd\u0131rmada olan yeni m\u0259hsuldan istifad\u0259 edilm\u0259lidir.<\/p>","protected":false},"excerpt":{"rendered":"<p>Bikini tumanlar\u0131 massaj, b\u0259d\u0259n b\u00fckm\u0259 (obvert\u0131vaniye) v\u0259 epilyasiya prosedurlar\u0131 zaman\u0131 \u015f\u0259xsi gigiyena \u00fc\u00e7\u00fcn istifad\u0259 olunur. S\u0131x spunbond material\u0131ndan (30 q\/m\u00b2) haz\u0131rlanan modell\u0259r \u015f\u0259ffaf deyil, n\u0259m\u0259 davaml\u0131d\u0131r v\u0259 allergiya yaratm\u0131r. H\u0259r d\u0259f\u0259 f\u0259rdi qabla\u015fd\u0131rmada olan yeni m\u0259hsuldan istifad\u0259 edilm\u0259lidir.<\/p>","protected":false},"featured_media":3761,"comment_status":"open","ping_status":"closed","template":"","meta":{"site-sidebar-layout":"default","site-content-layout":"","ast-site-content-layout":"default","site-content-style":"default","site-sidebar-style":"default","ast-global-header-display":"","ast-banner-title-visibility":"","ast-main-header-display":"","ast-hfb-above-header-display":"","ast-hfb-below-header-display":"","ast-hfb-mobile-header-display":"","site-post-title":"","ast-breadcrumbs-content":"","ast-featured-img":"","footer-sml-layout":"","ast-disable-related-posts":"","theme-transparent-header-meta":"default","adv-header-id-meta":"","stick-header-meta":"","header-above-stick-meta":"","header-main-stick-meta":"","header-below-stick-meta":"","astra-migrate-meta-layouts":"set","ast-page-background-enabled":"default","ast-page-background-meta":{"desktop":{"background-color":"","background-image":"","background-repeat":"repeat","background-position":"center center","background-size":"auto","background-attachment":"scroll","background-type":"","background-media":"","overlay-type":"","overlay-color":"","overlay-opacity":"","overlay-gradient":""},"tablet":{"background-color":"","background-image":"","background-repeat":"repeat","background-position":"center center","background-size":"auto","background-attachment":"scroll","background-type":"","background-media":"","overlay-type":"","overlay-color":"","overlay-opacity":"","overlay-gradient":""},"mobile":{"background-color":"","background-image":"","background-repeat":"repeat","background-position":"center center","background-size":"auto","background-attachment":"scroll","background-type":"","background-media":"","overlay-type":"","overlay-color":"","overlay-opacity":"","overlay-gradient":""}},"ast-content-background-meta":{"desktop":{"background-color":"var(--ast-global-color-5)","background-image":"","background-repeat":"repeat","background-position":"center center","background-size":"auto","background-attachment":"scroll","background-type":"","background-media":"","overlay-type":"","overlay-color":"","overlay-opacity":"","overlay-gradient":""},"tablet":{"background-color":"var(--ast-global-color-5)","background-image":"","background-repeat":"repeat","background-position":"center center","background-size":"auto","background-attachment":"scroll","background-type":"","background-media":"","overlay-type":"","overlay-color":"","overlay-opacity":"","overlay-gradient":""},"mobile":{"background-color":"var(--ast-global-color-5)","background-image":"","background-repeat":"repeat","background-position":"center center","background-size":"auto","background-attachment":"scroll","background-type":"","background-media":"","overlay-type":"","overlay-color":"","overlay-opacity":"","overlay-gradient":""}}},"product_brand":[],"product_cat":[48,62],"product_tag":[],"class_list":{"0":"post-3760","1":"product","2":"type-product","3":"status-publish","4":"has-post-thumbnail","6":"product_cat-disposable-products","7":"product_cat-underwear","8":"desktop-align-center","9":"tablet-align-center","10":"mobile-align-center","12":"first","13":"instock","14":"sale","15":"featured","16":"shipping-taxable","17":"purchasable","18":"product-type-simple"},"_links":{"self":[{"href":"https:\/\/goldentrail.az\/az\/wp-json\/wp\/v2\/product\/3760","targetHints":{"allow":["GET"]}}],"collection":[{"href":"https:\/\/goldentrail.az\/az\/wp-json\/wp\/v2\/product"}],"about":[{"href":"https:\/\/goldentrail.az\/az\/wp-json\/wp\/v2\/types\/product"}],"replies":[{"embeddable":true,"href":"https:\/\/goldentrail.az\/az\/wp-json\/wp\/v2\/comments?post=3760"}],"wp:featuredmedia":[{"embeddable":true,"href":"https:\/\/goldentrail.az\/az\/wp-json\/wp\/v2\/media\/3761"}],"wp:attachment":[{"href":"https:\/\/goldentrail.az\/az\/wp-json\/wp\/v2\/media?parent=3760"}],"wp:term":[{"taxonomy":"product_brand","embeddable":true,"href":"https:\/\/goldentrail.az\/az\/wp-json\/wp\/v2\/product_brand?post=3760"},{"taxonomy":"product_cat","embeddable":true,"href":"https:\/\/goldentrail.az\/az\/wp-json\/wp\/v2\/product_cat?post=3760"},{"taxonomy":"product_tag","embeddable":true,"href":"https:\/\/goldentrail.az\/az\/wp-json\/wp\/v2\/product_tag?post=3760"}],"curies":[{"name":"wp","href":"https:\/\/api.w.org\/{rel}","templated":true}]}}