{"id":3758,"date":"2026-03-11T22:28:34","date_gmt":"2026-03-11T18:28:34","guid":{"rendered":"https:\/\/goldentrail.az\/?post_type=product&#038;p=3758"},"modified":"2026-03-11T22:28:34","modified_gmt":"2026-03-11T18:28:34","slug":"disposable-medical-bouffant-cap-charlotte-style-2","status":"publish","type":"product","link":"https:\/\/goldentrail.az\/az\/product\/disposable-medical-bouffant-cap-charlotte-style-2\/","title":{"rendered":"Bird\u0259f\u0259lik tibbi bouffant papaq (\u015earlotta tipli)"},"content":{"rendered":"<p>Toxunmam\u0131\u015f materialdan haz\u0131rlanm\u0131\u015f qeyri-steril tibbi papaqlar tibb m\u0259rk\u0259zl\u0259rind\u0259, kosmetoloji prosedurlar zaman\u0131, s\u0259nayed\u0259, qida sektorunda, istehsalat sah\u0259l\u0259rind\u0259, h\u0259m\u00e7inin solaryum v\u0259 m\u0259i\u015f\u0259t istifad\u0259sind\u0259 geni\u015f t\u0259tbiq olunur. Papaqlar \u00fcz qullu\u011fu prosedurlar\u0131 zaman\u0131 sa\u00e7lar\u0131 etibarl\u0131 \u015f\u0259kild\u0259 y\u0131\u011f\u0131r, solaryumda is\u0259 onlar\u0131 ultrab\u0259n\u00f6v\u015f\u0259yi \u015f\u00fcalar\u0131n t\u0259sirind\u0259n qoruyur. Rahat dizayn\u0131 aln\u0131 a\u00e7\u0131q saxlay\u0131r ki, bu da kosmetoloqlara i\u015f zaman\u0131 tam s\u0259rb\u0259stlik yarad\u0131r. Yum\u015faq elastik rezin d\u0259rini s\u0131xm\u0131r v\u0259 qan d\u00f6vran\u0131na mane olmur, bu is\u0259 papa\u011f\u0131 uzun m\u00fcdd\u0259t rahatl\u0131qla taxma\u011fa imkan verir.<\/p>\n<p>Spunbond material\u0131n\u0131n f\u0259rql\u0259ndirici x\u00fcsusiyy\u0259tl\u0259rind\u0259n biri onun q\u0259l\u0259vil\u0259r\u0259, tur\u015fulara v\u0259 mikroorqanizml\u0259r\u0259 qar\u015f\u0131 davaml\u0131l\u0131\u011f\u0131d\u0131r. Bu yum\u015faq material y\u00fcng\u00fcll\u00fck v\u0259 d\u00f6z\u00fcml\u00fcl\u00fcy\u00fc \u00f6z\u00fcnd\u0259 birl\u0259\u015fdirir; papaqlar formas\u0131n\u0131 saxlay\u0131r v\u0259 dart\u0131lm\u0131r. \u0130stifad\u0259 olunan material\u0131n s\u0131xl\u0131\u011f\u0131 15 q\/m\u00b2 t\u0259\u015fkil edir<\/p>","protected":false},"excerpt":{"rendered":"<p>A non-sterile medical cap made of nonwoven materials is widely used in medical centers, during cosmetology procedures, in industry, in the food sector, in manufacturing facilities, as well as in solariums and for household use. The caps hold hair in place during facial care procedures and protect it from UV rays in solariums. The convenient [&hellip;]<\/p>\n","protected":false},"featured_media":3759,"comment_status":"open","ping_status":"closed","template":"","meta":{"site-sidebar-layout":"default","site-content-layout":"","ast-site-content-layout":"default","site-content-style":"default","site-sidebar-style":"default","ast-global-header-display":"","ast-banner-title-visibility":"","ast-main-header-display":"","ast-hfb-above-header-display":"","ast-hfb-below-header-display":"","ast-hfb-mobile-header-display":"","site-post-title":"","ast-breadcrumbs-content":"","ast-featured-img":"","footer-sml-layout":"","ast-disable-related-posts":"","theme-transparent-header-meta":"default","adv-header-id-meta":"","stick-header-meta":"","header-above-stick-meta":"","header-main-stick-meta":"","header-below-stick-meta":"","astra-migrate-meta-layouts":"set","ast-page-background-enabled":"default","ast-page-background-meta":{"desktop":{"background-color":"","background-image":"","background-repeat":"repeat","background-position":"center center","background-size":"auto","background-attachment":"scroll","background-type":"","background-media":"","overlay-type":"","overlay-color":"","overlay-opacity":"","overlay-gradient":""},"tablet":{"background-color":"","background-image":"","background-repeat":"repeat","background-position":"center center","background-size":"auto","background-attachment":"scroll","background-type":"","background-media":"","overlay-type":"","overlay-color":"","overlay-opacity":"","overlay-gradient":""},"mobile":{"background-color":"","background-image":"","background-repeat":"repeat","background-position":"center center","background-size":"auto","background-attachment":"scroll","background-type":"","background-media":"","overlay-type":"","overlay-color":"","overlay-opacity":"","overlay-gradient":""}},"ast-content-background-meta":{"desktop":{"background-color":"var(--ast-global-color-5)","background-image":"","background-repeat":"repeat","background-position":"center center","background-size":"auto","background-attachment":"scroll","background-type":"","background-media":"","overlay-type":"","overlay-color":"","overlay-opacity":"","overlay-gradient":""},"tablet":{"background-color":"var(--ast-global-color-5)","background-image":"","background-repeat":"repeat","background-position":"center center","background-size":"auto","background-attachment":"scroll","background-type":"","background-media":"","overlay-type":"","overlay-color":"","overlay-opacity":"","overlay-gradient":""},"mobile":{"background-color":"var(--ast-global-color-5)","background-image":"","background-repeat":"repeat","background-position":"center center","background-size":"auto","background-attachment":"scroll","background-type":"","background-media":"","overlay-type":"","overlay-color":"","overlay-opacity":"","overlay-gradient":""}}},"product_brand":[],"product_cat":[58,48],"product_tag":[],"class_list":{"0":"post-3758","1":"product","2":"type-product","3":"status-publish","4":"has-post-thumbnail","6":"product_cat-disposable-caps","7":"product_cat-disposable-products","8":"desktop-align-center","9":"tablet-align-center","10":"mobile-align-center","12":"first","13":"instock","14":"shipping-taxable","15":"purchasable","16":"product-type-simple"},"_links":{"self":[{"href":"https:\/\/goldentrail.az\/az\/wp-json\/wp\/v2\/product\/3758","targetHints":{"allow":["GET"]}}],"collection":[{"href":"https:\/\/goldentrail.az\/az\/wp-json\/wp\/v2\/product"}],"about":[{"href":"https:\/\/goldentrail.az\/az\/wp-json\/wp\/v2\/types\/product"}],"replies":[{"embeddable":true,"href":"https:\/\/goldentrail.az\/az\/wp-json\/wp\/v2\/comments?post=3758"}],"wp:featuredmedia":[{"embeddable":true,"href":"https:\/\/goldentrail.az\/az\/wp-json\/wp\/v2\/media\/3759"}],"wp:attachment":[{"href":"https:\/\/goldentrail.az\/az\/wp-json\/wp\/v2\/media?parent=3758"}],"wp:term":[{"taxonomy":"product_brand","embeddable":true,"href":"https:\/\/goldentrail.az\/az\/wp-json\/wp\/v2\/product_brand?post=3758"},{"taxonomy":"product_cat","embeddable":true,"href":"https:\/\/goldentrail.az\/az\/wp-json\/wp\/v2\/product_cat?post=3758"},{"taxonomy":"product_tag","embeddable":true,"href":"https:\/\/goldentrail.az\/az\/wp-json\/wp\/v2\/product_tag?post=3758"}],"curies":[{"name":"wp","href":"https:\/\/api.w.org\/{rel}","templated":true}]}}