{"id":3750,"date":"2026-03-11T21:24:08","date_gmt":"2026-03-11T17:24:08","guid":{"rendered":"https:\/\/goldentrail.az\/?post_type=product&#038;p=3750"},"modified":"2026-03-11T21:53:38","modified_gmt":"2026-03-11T17:53:38","slug":"sleeveless-spunbond-kimono-robe-with-belt-universal-size-lilac-10-pcs-pack","status":"publish","type":"product","link":"https:\/\/goldentrail.az\/az\/product\/sleeveless-spunbond-kimono-robe-with-belt-universal-size-lilac-10-pcs-pack\/","title":{"rendered":"Qolsuz Spunbond Kimono (Xalat), k\u0259m\u0259rli, universal \u00f6l\u00e7\u00fc, b\u0259n\u00f6v\u015f\u0259yi, 10 \u0259d\u0259d\/paket"},"content":{"rendered":"<p>Spunbond material\u0131ndan (30 q\/m\u00b2) haz\u0131rlanm\u0131\u015f qolsuz bird\u0259f\u0259lik xalatlar \u015f\u0259xsi gigiyena v\u0259 rahatl\u0131\u011f\u0131 t\u0259min edir, kosmetologiyada istifad\u0259 \u00fc\u00e7\u00fcn tam uy\u011fundur. K\u0259m\u0259rli kimono dizayn\u0131 v\u0259 universal \u00f6l\u00e7\u00fcs\u00fc say\u0259sind\u0259 h\u0259m ki\u015fil\u0259r, h\u0259m d\u0259 qad\u0131nlar \u00fc\u00e7\u00fcn yararl\u0131d\u0131r. Material dart\u0131lm\u0131r v\u0259 c\u0131r\u0131lm\u0131r, allergiya yaratm\u0131r, bakteriyalar\u0131n n\u00fcfuz etm\u0259sind\u0259n qoruyur. Statik elektrik yaratm\u0131r v\u0259 toz \u00e7\u0259kmir, bu da m\u00fc\u015ft\u0259ri \u00fc\u00e7\u00fcn xo\u015f t\u0259\u0259ss\u00fcrat yarad\u0131r. M\u0259hsul bird\u0259f\u0259lik istifad\u0259 \u00fc\u00e7\u00fcn n\u0259z\u0259rd\u0259 tutulub v\u0259 istifad\u0259d\u0259n sonra at\u0131lmal\u0131d\u0131r<\/p>","protected":false},"excerpt":{"rendered":"<p>Sleeveless disposable robes made of spunbond (30 g\/m\u00b2) provide personal hygiene and comfort and are suitable for use in cosmetology. The kimono-style design with a belt and universal size makes them suitable for both men and women. The material does not stretch or tear, does not cause allergies, and helps protect against the penetration of [&hellip;]<\/p>\n","protected":false},"featured_media":3751,"comment_status":"open","ping_status":"closed","template":"","meta":{"site-sidebar-layout":"default","site-content-layout":"","ast-site-content-layout":"default","site-content-style":"default","site-sidebar-style":"default","ast-global-header-display":"","ast-banner-title-visibility":"","ast-main-header-display":"","ast-hfb-above-header-display":"","ast-hfb-below-header-display":"","ast-hfb-mobile-header-display":"","site-post-title":"","ast-breadcrumbs-content":"","ast-featured-img":"","footer-sml-layout":"","ast-disable-related-posts":"","theme-transparent-header-meta":"default","adv-header-id-meta":"","stick-header-meta":"","header-above-stick-meta":"","header-main-stick-meta":"","header-below-stick-meta":"","astra-migrate-meta-layouts":"set","ast-page-background-enabled":"default","ast-page-background-meta":{"desktop":{"background-color":"","background-image":"","background-repeat":"repeat","background-position":"center center","background-size":"auto","background-attachment":"scroll","background-type":"","background-media":"","overlay-type":"","overlay-color":"","overlay-opacity":"","overlay-gradient":""},"tablet":{"background-color":"","background-image":"","background-repeat":"repeat","background-position":"center center","background-size":"auto","background-attachment":"scroll","background-type":"","background-media":"","overlay-type":"","overlay-color":"","overlay-opacity":"","overlay-gradient":""},"mobile":{"background-color":"","background-image":"","background-repeat":"repeat","background-position":"center center","background-size":"auto","background-attachment":"scroll","background-type":"","background-media":"","overlay-type":"","overlay-color":"","overlay-opacity":"","overlay-gradient":""}},"ast-content-background-meta":{"desktop":{"background-color":"var(--ast-global-color-5)","background-image":"","background-repeat":"repeat","background-position":"center center","background-size":"auto","background-attachment":"scroll","background-type":"","background-media":"","overlay-type":"","overlay-color":"","overlay-opacity":"","overlay-gradient":""},"tablet":{"background-color":"var(--ast-global-color-5)","background-image":"","background-repeat":"repeat","background-position":"center center","background-size":"auto","background-attachment":"scroll","background-type":"","background-media":"","overlay-type":"","overlay-color":"","overlay-opacity":"","overlay-gradient":""},"mobile":{"background-color":"var(--ast-global-color-5)","background-image":"","background-repeat":"repeat","background-position":"center center","background-size":"auto","background-attachment":"scroll","background-type":"","background-media":"","overlay-type":"","overlay-color":"","overlay-opacity":"","overlay-gradient":""}}},"product_brand":[],"product_cat":[48,49],"product_tag":[],"class_list":{"0":"post-3750","1":"product","2":"type-product","3":"status-publish","4":"has-post-thumbnail","6":"product_cat-disposable-products","7":"product_cat-robes","8":"desktop-align-center","9":"tablet-align-center","10":"mobile-align-center","12":"first","13":"instock","14":"featured","15":"shipping-taxable","16":"purchasable","17":"product-type-simple"},"_links":{"self":[{"href":"https:\/\/goldentrail.az\/az\/wp-json\/wp\/v2\/product\/3750","targetHints":{"allow":["GET"]}}],"collection":[{"href":"https:\/\/goldentrail.az\/az\/wp-json\/wp\/v2\/product"}],"about":[{"href":"https:\/\/goldentrail.az\/az\/wp-json\/wp\/v2\/types\/product"}],"replies":[{"embeddable":true,"href":"https:\/\/goldentrail.az\/az\/wp-json\/wp\/v2\/comments?post=3750"}],"wp:featuredmedia":[{"embeddable":true,"href":"https:\/\/goldentrail.az\/az\/wp-json\/wp\/v2\/media\/3751"}],"wp:attachment":[{"href":"https:\/\/goldentrail.az\/az\/wp-json\/wp\/v2\/media?parent=3750"}],"wp:term":[{"taxonomy":"product_brand","embeddable":true,"href":"https:\/\/goldentrail.az\/az\/wp-json\/wp\/v2\/product_brand?post=3750"},{"taxonomy":"product_cat","embeddable":true,"href":"https:\/\/goldentrail.az\/az\/wp-json\/wp\/v2\/product_cat?post=3750"},{"taxonomy":"product_tag","embeddable":true,"href":"https:\/\/goldentrail.az\/az\/wp-json\/wp\/v2\/product_tag?post=3750"}],"curies":[{"name":"wp","href":"https:\/\/api.w.org\/{rel}","templated":true}]}}