{"id":3,"date":"2026-02-17T10:36:22","date_gmt":"2026-02-17T10:36:22","guid":{"rendered":"https:\/\/goldentrail.az\/?page_id=3"},"modified":"2026-04-03T11:53:30","modified_gmt":"2026-04-03T07:53:30","slug":"terms-and-conditions","status":"publish","type":"page","link":"https:\/\/goldentrail.az\/az\/terms-and-conditions\/","title":{"rendered":"Qaydalar v\u0259 \u015e\u0259rtl\u0259r"},"content":{"rendered":"<h2 class=\"wp-block-heading\" data-path-to-node=\"3\">Mallar\u0131n onlayn sat\u0131\u015f\u0131 \u00fczr\u0259 \u0130ctimai Oferta M\u00fcqavil\u0259si<\/h2>\r\n<h3 data-path-to-node=\"5\">1 \u00dcmumi m\u00fcdd\u0259alar<\/h3>\r\n<p data-path-to-node=\"6,0,1\"><span data-path-to-node=\"6,0,1,0\"><b data-path-to-node=\"6,0,1,0\" data-index-in-node=\"0\"><span class=\"citation-150\">1.1.<\/span><\/b><span class=\"citation-150\"> Bu s\u0259n\u0259d \u201cGolden Trail\u201d MMC-nin  t\u0259r\u0259find\u0259n t\u0259qdim olunan r\u0259smi (ictimai) ofertad\u0131r. <\/span><b data-path-to-node=\"6,0,1,0\" data-index-in-node=\"51\"><span class=\"citation-150\">Golden Trail LLC<\/span><\/b><span class=\"citation-150\"> (V\u00d6EN: 1308261351) (bundan sonra \u201cSat\u0131c\u0131\u201d adland\u0131r\u0131lacaq)<\/span><\/span><span data-path-to-node=\"6,0,1,2\">. <\/span><span data-path-to-node=\"6,0,1,4\"><span class=\"citation-149\">Bu s\u0259n\u0259d g\u00f6z\u0259llik salonlar\u0131, klinikalar v\u0259 estetik kabinetl\u0259r \u00fc\u00e7\u00fcn bird\u0259f\u0259lik istifad\u0259 olunan m\u0259hsullar\u0131n (\u0259lc\u0259kl\u0259r, maskalar, m\u0259l\u0259f\u0259l\u0259r, papaqlar v\u0259 s. daxil olmaqla) (bundan sonra \u2014 \u201cMallar\u201d) distant sat\u0131\u015f\u0131 \u00fc\u00e7\u00fcn b\u00fct\u00fcn z\u0259ruri \u015f\u0259rtl\u0259ri \u00f6z\u00fcnd\u0259 \u0259ks etdirir.<\/span><\/span><span data-path-to-node=\"6,0,1,6\">.<\/span><\/p>\r\n<p data-path-to-node=\"6,0,1\"><span data-path-to-node=\"6,1,1,0\"><b data-path-to-node=\"6,1,1,0\" data-index-in-node=\"0\"><span class=\"citation-148\">1.2.<\/span><\/b><span class=\"citation-148\"> Veb-saytda sifari\u015f yerl\u0259\u015fdirm\u0259kl\u0259 <\/span><b data-path-to-node=\"6,1,1,0\" data-index-in-node=\"40\"><a class=\"ng-star-inserted\" href=\"https:\/\/www.google.com\/search?q=https:\/\/www.goldentrail.az\" target=\"_blank\" rel=\"noopener\" data-hveid=\"0\" data-ved=\"0CAAQ_4QMahgKEwi2-t7HvKuTAxUAAAAAHQAAAAAQoAQ\"><span class=\"citation-148\">www.goldentrail.az<\/span><\/a><\/b><span class=\"citation-148\"> Veb-saytda (bundan sonra \u2014 \u201cVeb-sayt\u201d) sifari\u015f yerl\u0259\u015fdirm\u0259kl\u0259, Al\u0131c\u0131 bu Ofertann\u0131n \u015f\u0259rtl\u0259rini tam v\u0259 qeyd-\u015f\u0259rtsiz q\u0259bul etdiyini bildirir.<\/span><\/span><span data-path-to-node=\"6,1,1,2\">.<\/span><\/p>\r\n<p data-path-to-node=\"6,2,1\"><span data-path-to-node=\"6,2,1,0\"><b data-path-to-node=\"6,2,1,0\" data-index-in-node=\"0\"><span class=\"citation-147\">1.3.<\/span><\/b><span class=\"citation-147\"> Bu Oferta, Al\u0131c\u0131 t\u0259r\u0259find\u0259n sifari\u015fin t\u0259sdiql\u0259ndiyi andan ba\u011flanm\u0131\u015f hesab olunur v\u0259 ... m\u00fcvafiq olaraq q\u00fcvv\u0259d\u0259dir. <\/span><b data-path-to-node=\"6,2,1,0\" data-index-in-node=\"121\"><span class=\"citation-147\">Az\u0259rbaycan Respublikas\u0131n\u0131n M\u00fclki M\u0259c\u0259ll\u0259sin\u0259 (m\u00fcvafiq olaraq f\u0259aliyy\u0259t g\u00f6st\u0259rir)<\/span><\/b><\/span><span data-path-to-node=\"6,2,1,2\">.<\/span><\/p>\r\n<div class=\"source-inline-chip-container ng-star-inserted\">\u00a0<\/div>\r\n<h3 data-path-to-node=\"7\">2. M\u00fcqavil\u0259nin predmeti<\/h3>\r\n<p data-path-to-node=\"8,0,1\"><span data-path-to-node=\"8,0,1,0\"><b data-path-to-node=\"8,0,1,0\" data-index-in-node=\"0\"><span class=\"citation-146\">2.1.<\/span><\/b><span class=\"citation-146\"> Sat\u0131c\u0131 Veb-saytda sifari\u015f edilmi\u015f Mallar\u0131 t\u0259hvil verm\u0259yi, Al\u0131c\u0131 is\u0259 h\u0259min Mallar\u0131 q\u0259bul etm\u0259yi v\u0259 \u00f6d\u0259ni\u015fini h\u0259yata ke\u00e7irm\u0259yi \u00f6hd\u0259sin\u0259 g\u00f6t\u00fcr\u00fcr.<\/span><\/span><span data-path-to-node=\"8,0,1,2\">.<\/span><\/p>\r\n<p data-path-to-node=\"8,1,1\"><span data-path-to-node=\"8,1,1,0\"><b data-path-to-node=\"8,1,1,0\" data-index-in-node=\"0\"><span class=\"citation-145\">2.2.<\/span><\/b><span class=\"citation-145\"> Mallar\u0131n miqdar\u0131, d\u0259y\u0259ri v\u0259 x\u00fcsusiyy\u0259tl\u0259ri sifari\u015fin yerl\u0259\u015fdirildiyi anda m\u00fc\u0259yy\u0259n edilir.<\/span><\/span><span data-path-to-node=\"8,1,1,2\">.<\/span><\/p>\r\n<div class=\"source-inline-chip-container ng-star-inserted\">\u00a0<\/div>\r\n<h3 data-path-to-node=\"9\">3.Sifari\u015f v\u0259 \u00f6d\u0259ni\u015f qaydas\u0131<\/h3>\r\n<p data-path-to-node=\"10,0,1\"><span data-path-to-node=\"10,0,1,0\"><b data-path-to-node=\"10,0,1,0\" data-index-in-node=\"0\"><span class=\"citation-144\">3.1.<\/span><\/b><span class=\"citation-144\"> Sifari\u015fl\u0259r Veb-saytda m\u0259hsullar\u0131n se\u00e7ilm\u0259si v\u0259 elektron forma vasit\u0259sil\u0259 sifari\u015fin t\u0259sdiql\u0259nm\u0259si yolu il\u0259 h\u0259yata ke\u00e7irilir.<\/span><\/span><span data-path-to-node=\"10,0,1,2\">.<\/span><\/p>\r\n<p data-path-to-node=\"10,1,1\"><span data-path-to-node=\"10,1,1,0\"><b data-path-to-node=\"10,1,1,0\" data-index-in-node=\"0\"><span class=\"citation-143\">3.2.<\/span><\/b><span class=\"citation-143\"> \u00d6d\u0259ni\u015f onlayn (bank kart\u0131 v\u0259 ya elektron pul kis\u0259si vasit\u0259sil\u0259) v\u0259 ya \u00e7atd\u0131r\u0131lma zaman\u0131 na\u011fd \u015f\u0259kild\u0259 (\u0259g\u0259r n\u0259z\u0259rd\u0259 tutulubsa) h\u0259yata ke\u00e7iril\u0259 bil\u0259r.<\/span><\/span><span data-path-to-node=\"10,1,1,2\">.<\/span><\/p>\r\n<p data-path-to-node=\"10,2,1\"><span data-path-to-node=\"10,2,1,0\"><b data-path-to-node=\"10,2,1,0\" data-index-in-node=\"0\"><span class=\"citation-142\">3.3.<\/span><\/b><span class=\"citation-142\"> B\u00fct\u00fcn qiym\u0259tl\u0259r Az\u0259rbaycan manat\u0131 (AZN) il\u0259 g\u00f6st\u0259rilmi\u015fdir <\/span><b data-path-to-node=\"10,2,1,0\" data-index-in-node=\"30\"><span class=\"citation-142\">Azerbaijani Manats (AZN)<\/span><\/b><span class=\"citation-142\"> \u018fDV daxil olmaqla (v\u0259 ya \u018fDV daxildir)<\/span><\/span><span data-path-to-node=\"10,2,1,2\">. <\/span><span data-path-to-node=\"10,2,1,4\"><span class=\"citation-141\">\u00c7atd\u0131r\u0131lma x\u0259rcl\u0259ri, \u0259ks hallarda qeyd olunmay\u0131bsa, qiym\u0259t\u0259 daxil deyil.<\/span><\/span><span data-path-to-node=\"10,2,1,6\">.<\/span><\/p>\r\n<div class=\"source-inline-chip-container ng-star-inserted\">\u00a0<\/div>\r\n<h3 data-path-to-node=\"11\">4. \u00c7atd\u0131r\u0131lma v\u0259 Mallar\u0131n t\u0259hvil verilm\u0259si<\/h3>\r\n<p data-path-to-node=\"12,0,1\"><span data-path-to-node=\"12,0,1,0\"><b data-path-to-node=\"12,0,1,0\" data-index-in-node=\"0\"><span class=\"citation-140\">4.1.<\/span><\/b><span class=\"citation-140\"> \u00c7atd\u0131r\u0131lma kuryer, po\u00e7t xidm\u0259tl\u0259ri v\u0259 ya n\u0259qliyyat \u015firk\u0259tl\u0259ri vasit\u0259sil\u0259 h\u0259yata ke\u00e7irilir.<\/span><\/span><span data-path-to-node=\"12,0,1,2\">. <\/span><span data-path-to-node=\"12,0,1,4\"><span class=\"citation-139\">\u00c7atd\u0131r\u0131lma m\u00fcdd\u0259ti v\u0259 x\u0259rcl\u0259ri sifari\u015fin r\u0259smil\u0259\u015fdirilm\u0259si zaman\u0131 qeyd olunur.<\/span><\/span><span data-path-to-node=\"12,0,1,6\">.<\/span><\/p>\r\n<p data-path-to-node=\"12,1,1\"><span data-path-to-node=\"12,1,1,0\"><b data-path-to-node=\"12,1,1,0\" data-index-in-node=\"0\"><span class=\"citation-138\">4.2.<\/span><\/b><span class=\"citation-138\"> Mallar\u0131n t\u0259sad\u00fcfi m\u0259hv olma riski, Mallar kuryer\u0259 v\u0259 ya n\u0259qliyyat \u015firk\u0259tin\u0259 t\u0259hvil verildiyi andan Al\u0131c\u0131ya ke\u00e7ir.<\/span><\/span><span data-path-to-node=\"12,1,1,2\">.<\/span><\/p>\r\n<div class=\"source-inline-chip-container ng-star-inserted\">\u00a0<\/div>\r\n<h3 data-path-to-node=\"13\">5. Qaytar\u0131lma v\u0259 D\u0259yi\u015fdirilm\u0259 \u015e\u0259rtl\u0259ri<\/h3>\r\n<p data-path-to-node=\"14,0,1\"><span data-path-to-node=\"14,0,1,0\"><b data-path-to-node=\"14,0,1,0\" data-index-in-node=\"0\"><span class=\"citation-137\">5.1.<\/span><\/b><span class=\"citation-137\"> Qanunvericiliy\u0259 uy\u011fun olaraq, s\u0259hv g\u00f6nd\u0259rilmi\u015f v\u0259 ya q\u00fcsurlu (defektli) Mallar geri qaytar\u0131la v\u0259 ya m\u00fcvafiq mallarla d\u0259yi\u015fdiril\u0259 bil\u0259r.<\/span><\/span><span data-path-to-node=\"14,0,1,2\">.<\/span><\/p>\r\n<p data-path-to-node=\"14,1,1\"><span data-path-to-node=\"14,1,1,0\"><b data-path-to-node=\"14,1,1,0\" data-index-in-node=\"0\"><span class=\"citation-136\">5.2.<\/span><\/b><span class=\"citation-136\"> \u0130stehlak\u00e7\u0131lar\u0131n h\u00fcquqlar\u0131n\u0131n m\u00fcdafi\u0259si haqq\u0131nda\" Az\u0259rbaycan Respublikas\u0131n\u0131n Qanununa \u0259sas\u0259n (v\u0259 ya q\u0131saca: Az\u0259rbaycan Respublikas\u0131n\u0131n qanunvericiliyin\u0259 uy\u011fun olaraq) <\/span><b data-path-to-node=\"14,1,1,0\" data-index-in-node=\"55\"><span class=\"citation-136\">\u0130stehlak\u00e7\u0131lar\u0131n h\u00fcquqlar\u0131n\u0131n m\u00fcdafi\u0259si haqq\u0131nda<\/span><\/b><span class=\"citation-136\"> istifad\u0259 olunmu\u015f (v\u0259 ya istifad\u0259 izl\u0259ri olan) gigiyenik m\u0259hsullar d\u0259yi\u015fdirilmir.<\/span><\/span><span data-path-to-node=\"14,1,1,2\">.<\/span><\/p>\r\n<div class=\"source-inline-chip-container ng-star-inserted\">\u00a0<\/div>\r\n<h3 data-path-to-node=\"15\">M\u0259suliyy\u0259t<\/h3>\r\n<p data-path-to-node=\"16,0,1\"><span data-path-to-node=\"16,0,1,0\"><b data-path-to-node=\"16,0,1,0\" data-index-in-node=\"0\"><span class=\"citation-135\">6.1.<\/span><\/b><span class=\"citation-135\"> Sat\u0131c\u0131, Al\u0131c\u0131n\u0131n \u015f\u0259xsi s\u0259b\u0259bl\u0259rd\u0259n dolay\u0131 Mallardan istifad\u0259 ed\u0259 bilm\u0259m\u0259sin\u0259 g\u00f6r\u0259 m\u0259suliyy\u0259t da\u015f\u0131m\u0131r.<\/span><\/span><span data-path-to-node=\"16,0,1,2\">.<\/span><\/p>\r\n<p data-path-to-node=\"16,1,1\"><span data-path-to-node=\"16,1,1,0\"><b data-path-to-node=\"16,1,1,0\" data-index-in-node=\"0\"><span class=\"citation-134\">6.2.<\/span><\/b><span class=\"citation-134\"> Sat\u0131c\u0131 \u00fc\u00e7\u00fcnc\u00fc t\u0259r\u0259fl\u0259rin (kuryer v\u0259 ya \u00e7atd\u0131r\u0131lma xidm\u0259tl\u0259rinin) s\u0259b\u0259b oldu\u011fu \u00e7atd\u0131r\u0131lma gecikm\u0259l\u0259rin\u0259 g\u00f6r\u0259 m\u0259suliyy\u0259t da\u015f\u0131m\u0131r.<\/span><\/span><span data-path-to-node=\"16,1,1,2\">.<\/span><\/p>\r\n<div class=\"source-inline-chip-container ng-star-inserted\">\u00a0<\/div>\r\n<h3 data-path-to-node=\"17\">7.F\u0259rdi m\u0259lumatlar<\/h3>\r\n<p data-path-to-node=\"18,0,1\"><span data-path-to-node=\"18,0,1,0\"><b data-path-to-node=\"18,0,1,0\" data-index-in-node=\"0\"><span class=\"citation-133\">7.1.<\/span><\/b><span class=\"citation-133\"> Sifari\u015f yerl\u0259\u015fdirm\u0259kl\u0259, Al\u0131c\u0131 \u00f6z f\u0259rdi m\u0259lumatlar\u0131n\u0131n \"F\u0259rdi m\u0259lumatlar haqq\u0131nda\" Az\u0259rbaycan Respublikas\u0131n\u0131n Qanununa uy\u011fun olaraq i\u015fl\u0259nm\u0259sin\u0259 raz\u0131l\u0131q verir <\/span><b data-path-to-node=\"18,0,1,0\" data-index-in-node=\"143\"><span class=\"citation-133\">F\u0259rdi m\u0259lumatlar haqq\u0131nda<\/span><\/b><\/span><span data-path-to-node=\"18,0,1,2\">.<\/span><\/p>\r\n<div class=\"source-inline-chip-container ng-star-inserted\">\u00a0<\/div>\r\n<h3 data-path-to-node=\"19\">Yekun m\u00fcdd\u0259alar<\/h3>\r\n<p data-path-to-node=\"20,0,1\"><span data-path-to-node=\"20,0,1,0\"><b data-path-to-node=\"20,0,1,0\" data-index-in-node=\"0\"><span class=\"citation-132\">8.1.<\/span><\/b><span class=\"citation-132\"> Bu Oferta, Sat\u0131c\u0131 t\u0259r\u0259find\u0259n l\u0259\u011fv edil\u0259n\u0259d\u0259k qeyri-m\u0259hdud m\u00fcdd\u0259t\u0259 q\u00fcvv\u0259d\u0259 qal\u0131r.<\/span><\/span><span data-path-to-node=\"20,0,1,2\">.<\/span><\/p>\r\n<p data-path-to-node=\"20,1,1\">8.2. T\u0259r\u0259fl\u0259r aras\u0131nda m\u00fcbahis\u0259l\u0259r dan\u0131\u015f\u0131qlar yolu il\u0259, bu m\u00fcmk\u00fcn olmad\u0131qda is\u0259 m\u00fcbahis\u0259l\u0259r\u0259 Bak\u0131 \u015f\u0259h\u0259rind\u0259 yerl\u0259\u015f\u0259n aidiyy\u0259ti m\u0259hk\u0259m\u0259 t\u0259r\u0259find\u0259n bax\u0131l\u0131r.<\/p>\r\n<div class=\"source-inline-chip-container ng-star-inserted\">\u00a0<\/div>\r\n<hr data-path-to-node=\"21\" \/>\r\n<h2 data-path-to-node=\"22\">2. www.goldentrail.az Sayt\u0131n\u0131n \u0130stifad\u0259\u00e7i m\u00fcqavil\u0259si<\/h2>\r\n<h3 data-path-to-node=\"24\">1 \u00dcmumi m\u00fcdd\u0259alar<\/h3>\r\n<p data-path-to-node=\"25,0,1\"><span data-path-to-node=\"25,0,1,0\"><b data-path-to-node=\"25,0,1,0\" data-index-in-node=\"0\"><span class=\"citation-129\">1.1.<\/span><\/b><span class=\"citation-129\"> 1.1. Bu \u0130stifad\u0259\u00e7i M\u00fcqavil\u0259si (bundan sonra \u201cM\u00fcqavil\u0259\u201d adland\u0131r\u0131lacaq) <\/span><b data-path-to-node=\"25,0,1,0\" data-index-in-node=\"98\"><a class=\"ng-star-inserted\" href=\"https:\/\/www.google.com\/search?q=https:\/\/www.goldentrail.az\" target=\"_blank\" rel=\"noopener\" data-hveid=\"0\" data-ved=\"0CAAQ_4QMahgKEwi2-t7HvKuTAxUAAAAAHQAAAAAQsQQ\"><span class=\"citation-129\">www.goldentrail.az<\/span><\/a><\/b><span class=\"citation-129\"> and any user (the &#8220;User&#8221;)<\/span><\/span><span data-path-to-node=\"25,0,1,2\">.<\/span><\/p>\r\n<p data-path-to-node=\"25,1,1\"><span data-path-to-node=\"25,1,1,0\"><b data-path-to-node=\"25,1,1,0\" data-index-in-node=\"0\"><span class=\"citation-128\">1.2.<\/span><\/b><span class=\"citation-128\"> Use of the Website implies the User&#8217;s full agreement with the terms of this Agreement<\/span><\/span><span data-path-to-node=\"25,1,1,2\">.<\/span><\/p>\r\n<div class=\"source-inline-chip-container ng-star-inserted\">\u00a0<\/div>\r\n<h3 data-path-to-node=\"26\">2. Registration and Account<\/h3>\r\n<p data-path-to-node=\"27,0,1\"><span data-path-to-node=\"27,0,1,0\"><b data-path-to-node=\"27,0,1,0\" data-index-in-node=\"0\"><span class=\"citation-127\">2.1.<\/span><\/b><span class=\"citation-127\"> To place an order, the User must register by providing accurate personal data<\/span><\/span><span data-path-to-node=\"27,0,1,2\">.<\/span><\/p>\r\n<p data-path-to-node=\"27,1,1\"><span data-path-to-node=\"27,1,1,0\"><b data-path-to-node=\"27,1,1,0\" data-index-in-node=\"0\"><span class=\"citation-126\">2.2.<\/span><\/b><span class=\"citation-126\"> The User is responsible for the security of their account credentials<\/span><\/span><span data-path-to-node=\"27,1,1,2\">.<\/span><\/p>\r\n<div class=\"source-inline-chip-container ng-star-inserted\">\u00a0<\/div>\r\n<h3 data-path-to-node=\"28\">3. Rights and Obligations<\/h3>\r\n<p data-path-to-node=\"29,0,0\"><b data-path-to-node=\"29,0,0\" data-index-in-node=\"0\">3.1. The Administration has the right to:<\/b><\/p>\r\n<p data-path-to-node=\"29,0,1,0,0\"><span data-path-to-node=\"29,0,1,0,0,1\"><span class=\"citation-125\">Change Website content<\/span><\/span><span data-path-to-node=\"29,0,1,0,0,3\">;<\/span><\/p>\r\n<p><span data-path-to-node=\"29,0,1,1,0,1\"><span class=\"citation-124\">Suspend access to the Website for technical maintenance<\/span><\/span><span data-path-to-node=\"29,0,1,1,0,3\">.<\/span><\/p>\r\n<p><b style=\"font-style: inherit;\" data-path-to-node=\"29,1,0\" data-index-in-node=\"0\">3.2. The User agrees to:<\/b><\/p>\r\n<p data-path-to-node=\"29,1,1,0,0\"><span data-path-to-node=\"29,1,1,0,0,1\"><span class=\"citation-123\">Not use the Website for illegal activities<\/span><\/span><span data-path-to-node=\"29,1,1,0,0,3\">;<\/span><\/p>\r\n<p data-path-to-node=\"29,1,1,1,0\"><span data-path-to-node=\"29,1,1,1,0,1\"><span class=\"citation-122\">Provide accurate information when placing an order<\/span><\/span><span data-path-to-node=\"29,1,1,1,0,3\">.<\/span><\/p>\r\n<div class=\"source-inline-chip-container ng-star-inserted\">\u00a0<\/div>\r\n<h3 data-path-to-node=\"30\">4. Intellectual Property<\/h3>\r\n<p data-path-to-node=\"31,0,1\"><span data-path-to-node=\"31,0,1,0\"><b data-path-to-node=\"31,0,1,0\" data-index-in-node=\"0\"><span class=\"citation-121\">4.1.<\/span><\/b><span class=\"citation-121\"> All Website materials (texts, images, logos) are subject to copyright<\/span><\/span><span data-path-to-node=\"31,0,1,2\">. <\/span><span data-path-to-node=\"31,0,1,4\"><span class=\"citation-120\">Their use is permitted only with written consent from the Administration<\/span><\/span><span data-path-to-node=\"31,0,1,6\">.<\/span><\/p>\r\n<div class=\"source-inline-chip-container ng-star-inserted\">\u00a0<\/div>\r\n<h3 data-path-to-node=\"32\">5. Limitation of Liability<\/h3>\r\n<p data-path-to-node=\"33,0,0\"><b data-path-to-node=\"33,0,0\" data-index-in-node=\"0\">5.1. The Administration is not liable for:<\/b><\/p>\r\n<p data-path-to-node=\"33,0,1,0,0\"><span data-path-to-node=\"33,0,1,0,0,1\"><span class=\"citation-119\">Temporary unavailability of the Website<\/span><\/span><span data-path-to-node=\"33,0,1,0,0,3\">;<\/span><\/p>\r\n<p data-path-to-node=\"33,0,1,1,0\"><span data-path-to-node=\"33,0,1,1,0,1\"><span class=\"citation-118\">Actions of third parties leading to malfunctions or data leaks<\/span><\/span><span data-path-to-node=\"33,0,1,1,0,3\">.<\/span><\/p>\r\n<div class=\"source-inline-chip-container ng-star-inserted\">\u00a0<\/div>\r\n<h3 data-path-to-node=\"34\">6. Personal Data<\/h3>\r\n<p data-path-to-node=\"35,0,1\"><span data-path-to-node=\"35,0,1,0\"><b data-path-to-node=\"35,0,1,0\" data-index-in-node=\"0\"><span class=\"citation-117\">6.1.<\/span><\/b><span class=\"citation-117\"> Use of the Website implies consent to the processing of personal data in accordance with the legislation and the Law of the Republic of Azerbaijan <\/span><b data-path-to-node=\"35,0,1,0\" data-index-in-node=\"152\"><span class=\"citation-117\">F\u0259rdi m\u0259lumatlar haqq\u0131nda<\/span><\/b><\/span><span data-path-to-node=\"35,0,1,2\">.<\/span><\/p>\r\n<div class=\"source-inline-chip-container ng-star-inserted\">\u00a0<\/div>\r\n<h3 data-path-to-node=\"36\">7. Final Provisions<\/h3>\r\n<p data-path-to-node=\"37,0,1\"><span data-path-to-node=\"37,0,1,0\"><b data-path-to-node=\"37,0,1,0\" data-index-in-node=\"0\"><span class=\"citation-116\">7.1.<\/span><\/b><span class=\"citation-116\"> The Administration may amend this Agreement at any time without prior notice<\/span><\/span><span data-path-to-node=\"37,0,1,2\">. <\/span><span data-path-to-node=\"37,0,1,4\"><span class=\"citation-115\">Changes take effect upon being posted on the Website<\/span><\/span><span data-path-to-node=\"37,0,1,6\">.<\/span><\/p>\r\n<p id=\"p-rc_c64916e565fff53a-50\" data-path-to-node=\"37,1,1\"><span data-path-to-node=\"37,1,1,0\"><b data-path-to-node=\"37,1,1,0\" data-index-in-node=\"0\"><span class=\"citation-114\">7.2.<\/span><\/b><span class=\"citation-114\"> Continued use of the Website after changes are posted signifies the User&#8217;s acceptance of the new version<\/span><\/span><span data-path-to-node=\"37,1,1,2\">.<\/span><\/p>","protected":false},"excerpt":{"rendered":"<p>Public Offer Agreement for Online Sale of Goods 1. General Provisions 1.1. This document constitutes a public offer from Golden Trail LLC (TIN: 1308261351) (hereinafter referred to as the &#8220;Seller&#8221;). It contains all essential terms for the remote sale of disposable products for beauty salons, clinics, and aesthetic rooms (including gloves, masks, sheets, caps, etc.) [&hellip;]<\/p>\n","protected":false},"author":1,"featured_media":0,"parent":0,"menu_order":0,"comment_status":"closed","ping_status":"open","template":"","meta":{"site-sidebar-layout":"default","site-content-layout":"","ast-site-content-layout":"default","site-content-style":"default","site-sidebar-style":"default","ast-global-header-display":"","ast-banner-title-visibility":"","ast-main-header-display":"","ast-hfb-above-header-display":"","ast-hfb-below-header-display":"","ast-hfb-mobile-header-display":"","site-post-title":"","ast-breadcrumbs-content":"","ast-featured-img":"","footer-sml-layout":"","ast-disable-related-posts":"","theme-transparent-header-meta":"default","adv-header-id-meta":"","stick-header-meta":"","header-above-stick-meta":"","header-main-stick-meta":"","header-below-stick-meta":"","astra-migrate-meta-layouts":"set","ast-page-background-enabled":"default","ast-page-background-meta":{"desktop":{"background-color":"","background-image":"","background-repeat":"repeat","background-position":"center center","background-size":"auto","background-attachment":"scroll","background-type":"","background-media":"","overlay-type":"","overlay-color":"","overlay-opacity":"","overlay-gradient":""},"tablet":{"background-color":"","background-image":"","background-repeat":"repeat","background-position":"center center","background-size":"auto","background-attachment":"scroll","background-type":"","background-media":"","overlay-type":"","overlay-color":"","overlay-opacity":"","overlay-gradient":""},"mobile":{"background-color":"","background-image":"","background-repeat":"repeat","background-position":"center center","background-size":"auto","background-attachment":"scroll","background-type":"","background-media":"","overlay-type":"","overlay-color":"","overlay-opacity":"","overlay-gradient":""}},"ast-content-background-meta":{"desktop":{"background-color":"var(--ast-global-color-5)","background-image":"","background-repeat":"repeat","background-position":"center center","background-size":"auto","background-attachment":"scroll","background-type":"","background-media":"","overlay-type":"","overlay-color":"","overlay-opacity":"","overlay-gradient":""},"tablet":{"background-color":"var(--ast-global-color-5)","background-image":"","background-repeat":"repeat","background-position":"center center","background-size":"auto","background-attachment":"scroll","background-type":"","background-media":"","overlay-type":"","overlay-color":"","overlay-opacity":"","overlay-gradient":""},"mobile":{"background-color":"var(--ast-global-color-5)","background-image":"","background-repeat":"repeat","background-position":"center center","background-size":"auto","background-attachment":"scroll","background-type":"","background-media":"","overlay-type":"","overlay-color":"","overlay-opacity":"","overlay-gradient":""}},"footnotes":""},"class_list":["post-3","page","type-page","status-publish","hentry"],"_links":{"self":[{"href":"https:\/\/goldentrail.az\/az\/wp-json\/wp\/v2\/pages\/3","targetHints":{"allow":["GET"]}}],"collection":[{"href":"https:\/\/goldentrail.az\/az\/wp-json\/wp\/v2\/pages"}],"about":[{"href":"https:\/\/goldentrail.az\/az\/wp-json\/wp\/v2\/types\/page"}],"author":[{"embeddable":true,"href":"https:\/\/goldentrail.az\/az\/wp-json\/wp\/v2\/users\/1"}],"replies":[{"embeddable":true,"href":"https:\/\/goldentrail.az\/az\/wp-json\/wp\/v2\/comments?post=3"}],"version-history":[{"count":3,"href":"https:\/\/goldentrail.az\/az\/wp-json\/wp\/v2\/pages\/3\/revisions"}],"predecessor-version":[{"id":3964,"href":"https:\/\/goldentrail.az\/az\/wp-json\/wp\/v2\/pages\/3\/revisions\/3964"}],"wp:attachment":[{"href":"https:\/\/goldentrail.az\/az\/wp-json\/wp\/v2\/media?parent=3"}],"curies":[{"name":"wp","href":"https:\/\/api.w.org\/{rel}","templated":true}]}}